{"id":5943,"date":"2025-06-09T07:54:32","date_gmt":"2025-06-09T05:54:32","guid":{"rendered":"https:\/\/ofertacular.com\/index.php\/producto\/1005006362448869-3\/"},"modified":"2025-06-09T07:54:32","modified_gmt":"2025-06-09T05:54:32","slug":"1005006362448869-3","status":"publish","type":"product","link":"https:\/\/ofertacular.com\/index.php\/producto\/1005006362448869-3\/","title":{"rendered":"Funda Sof\u00e1"},"content":{"rendered":"<div class=\"oferta-container\">\n<p>\ud83d\udfe5 <b>ES UN CHOLL\u00d3N<\/b> \ud83d\udfe5 #Publicidad #Amazon #<\/p>\n<p>\ud83d\udd34 <b>Funda sof\u00e1 <\/b><\/p>\n<p>\u2705 <b>AHORA 6.69\u20ac \u20ac<\/b> \u2714\ufe0f\ud83d\udfe1<\/p>\n<p>\u274c Antes 17.13 \u20ac<\/p>\n<p>\ud83d\uded2: <a href=\"https:\/\/btz.es\/4NBr4bp\" target=\"_blank\" rel=\"nofollow noopener\">https:\/\/btz.es\/4NBr4bp<\/a><\/p>\n<p>Transforma y protege tu sof\u00e1 con nuestra exclusiva funda sof\u00e1, dise\u00f1ada para ajustarse perfectamente y aportar un estilo renovado a tu sala de estar. Esta funda est\u00e1 elaborada con materiales de alta calidad que garantizan durabilidad y resistencia al desgaste diario, ideal para hogares con ni\u00f1os y mascotas. Su tejido transpirable mantiene el confort y evita la acumulaci\u00f3n de calor, mientras que su dise\u00f1o el\u00e1stico facilita su colocaci\u00f3n y ajuste en todo tipo de sof\u00e1s, ya sean de dos o tres plazas. Adem\u00e1s, su f\u00e1cil mantenimiento, con lavado a m\u00e1quina, permite conservar su aspecto impecable con m\u00ednimo esfuerzo. Disponible en m\u00faltiples colores y patrones, nuestra funda sof\u00e1 es la soluci\u00f3n perfecta para proteger tus muebles y renovar la decoraci\u00f3n de tu hogar sin grandes inversiones. Mejora la longevidad de tu sof\u00e1 manteni\u00e9ndolo libre de manchas, polvo y da\u00f1os, asegurando un ambiente limpio y acogedor.<\/p>\n<\/p><\/div>\n","protected":false},"excerpt":{"rendered":"<p>\ud83d\udfe5 ES UN CHOLL\u00d3N \ud83d\udfe5 #Publicidad #Amazon # \ud83d\udd34 Funda sof\u00e1 \u2705 AHORA 6.69\u20ac \u20ac \u2714\ufe0f\ud83d\udfe1 \u274c Antes 17.13 \u20ac \ud83d\uded2: https:\/\/btz.es\/4NBr4bp Transforma y protege tu sof\u00e1 con nuestra exclusiva funda sof\u00e1, dise\u00f1ada para ajustarse perfectamente y aportar un estilo renovado a tu sala de estar. Esta funda est\u00e1 elaborada con materiales de alta calidad [&hellip;]<\/p>\n","protected":false},"featured_media":5942,"template":"","meta":{"_gspb_post_css":""},"store":[],"product_brand":[],"product_cat":[16],"product_tag":[],"class_list":{"0":"post-5943","1":"product","2":"type-product","3":"status-publish","4":"has-post-thumbnail","6":"product_cat-sin-categorizar","8":"first","9":"instock","10":"shipping-taxable","11":"product-type-external"},"jetpack_sharing_enabled":true,"_links":{"self":[{"href":"https:\/\/ofertacular.com\/index.php\/wp-json\/wp\/v2\/product\/5943","targetHints":{"allow":["GET"]}}],"collection":[{"href":"https:\/\/ofertacular.com\/index.php\/wp-json\/wp\/v2\/product"}],"about":[{"href":"https:\/\/ofertacular.com\/index.php\/wp-json\/wp\/v2\/types\/product"}],"wp:featuredmedia":[{"embeddable":true,"href":"https:\/\/ofertacular.com\/index.php\/wp-json\/wp\/v2\/media\/5942"}],"wp:attachment":[{"href":"https:\/\/ofertacular.com\/index.php\/wp-json\/wp\/v2\/media?parent=5943"}],"wp:term":[{"taxonomy":"store","embeddable":true,"href":"https:\/\/ofertacular.com\/index.php\/wp-json\/wp\/v2\/store?post=5943"},{"taxonomy":"product_brand","embeddable":true,"href":"https:\/\/ofertacular.com\/index.php\/wp-json\/wp\/v2\/product_brand?post=5943"},{"taxonomy":"product_cat","embeddable":true,"href":"https:\/\/ofertacular.com\/index.php\/wp-json\/wp\/v2\/product_cat?post=5943"},{"taxonomy":"product_tag","embeddable":true,"href":"https:\/\/ofertacular.com\/index.php\/wp-json\/wp\/v2\/product_tag?post=5943"}],"curies":[{"name":"wp","href":"https:\/\/api.w.org\/{rel}","templated":true}]}}