{"id":5949,"date":"2025-06-09T08:45:27","date_gmt":"2025-06-09T06:45:27","guid":{"rendered":"https:\/\/ofertacular.com\/index.php\/producto\/adidas-galaxy-4\/"},"modified":"2025-06-09T08:45:27","modified_gmt":"2025-06-09T06:45:27","slug":"adidas-galaxy-4","status":"publish","type":"product","link":"https:\/\/ofertacular.com\/index.php\/producto\/adidas-galaxy-4\/","title":{"rendered":"adidas Galaxy"},"content":{"rendered":"<div class=\"oferta-container\">\n<p>\ud83d\udfe5 <b>SUPER OFERTA<\/b> \ud83d\udfe5 #Publicidad #Amazon #16<\/p>\n<p>\ud83d\udd34 <b>Zapatillas Galaxy <\/b><\/p>\n<p>\u2705 <b>AHORA 32.99 \u20ac<\/b> \u2714\ufe0f\ud83d\udfe1<\/p>\n<p>\u274c Antes 55.00 \u20ac<\/p>\n<p>\ud83d\uded2: <a href=\"https:\/\/btz.es\/4NB4sLP\" target=\"_blank\" rel=\"nofollow noopener\">https:\/\/btz.es\/4NB4sLP<\/a><\/p>\n<p>Las Zapatillas Galaxy de Adidas son la elecci\u00f3n perfecta para quienes buscan comodidad y estilo en su calzado diario. Dise\u00f1adas con tecnolog\u00eda avanzada, estas zapatillas ofrecen un soporte \u00f3ptimo para el pie, ideal tanto para actividades deportivas como para el uso cotidiano. Su dise\u00f1o moderno y vers\u00e1til se adapta a diferentes outfits, brindando un look fresco y din\u00e1mico. Con una suela de goma antideslizante, garantizan estabilidad en diversas superficies. Adem\u00e1s, cuentan con un sistema de amortiguaci\u00f3n que absorbe impactos, protegiendo las articulaciones durante la carrera o caminata. El material transpirable mantiene los pies frescos y secos, evitando la sensaci\u00f3n de fatiga. Adidas, una marca reconocida mundialmente por su innovaci\u00f3n en calzado deportivo, asegura calidad y durabilidad en cada par. Estas zapatillas Galaxy son perfectas para corredores principiantes y avanzados, as\u00ed como para personas que valoran un dise\u00f1o funcional y atractivo. Disponibles en varias tallas y colores, permiten personalizar tu estilo deportivo. Aprovecha la oportunidad de renovar tu calzado con un producto que combina tecnolog\u00eda, confort y est\u00e9tica en un solo modelo. Las Zapatillas Galaxy de Adidas son m\u00e1s que un calzado, son una experiencia para tus pies que mejora tu rendimiento y bienestar diario.<\/p>\n<\/p><\/div>\n","protected":false},"excerpt":{"rendered":"<p>\ud83d\udfe5 SUPER OFERTA \ud83d\udfe5 #Publicidad #Amazon #16 \ud83d\udd34 Zapatillas Galaxy \u2705 AHORA 32.99 \u20ac \u2714\ufe0f\ud83d\udfe1 \u274c Antes 55.00 \u20ac \ud83d\uded2: https:\/\/btz.es\/4NB4sLP Las Zapatillas Galaxy de Adidas son la elecci\u00f3n perfecta para quienes buscan comodidad y estilo en su calzado diario. Dise\u00f1adas con tecnolog\u00eda avanzada, estas zapatillas ofrecen un soporte \u00f3ptimo para el pie, ideal tanto [&hellip;]<\/p>\n","protected":false},"featured_media":5948,"template":"","meta":{"_gspb_post_css":""},"store":[],"product_brand":[],"product_cat":[16],"product_tag":[],"class_list":{"0":"post-5949","1":"product","2":"type-product","3":"status-publish","4":"has-post-thumbnail","6":"product_cat-sin-categorizar","8":"first","9":"instock","10":"sale","11":"shipping-taxable","12":"product-type-external"},"jetpack_sharing_enabled":true,"_links":{"self":[{"href":"https:\/\/ofertacular.com\/index.php\/wp-json\/wp\/v2\/product\/5949","targetHints":{"allow":["GET"]}}],"collection":[{"href":"https:\/\/ofertacular.com\/index.php\/wp-json\/wp\/v2\/product"}],"about":[{"href":"https:\/\/ofertacular.com\/index.php\/wp-json\/wp\/v2\/types\/product"}],"wp:featuredmedia":[{"embeddable":true,"href":"https:\/\/ofertacular.com\/index.php\/wp-json\/wp\/v2\/media\/5948"}],"wp:attachment":[{"href":"https:\/\/ofertacular.com\/index.php\/wp-json\/wp\/v2\/media?parent=5949"}],"wp:term":[{"taxonomy":"store","embeddable":true,"href":"https:\/\/ofertacular.com\/index.php\/wp-json\/wp\/v2\/store?post=5949"},{"taxonomy":"product_brand","embeddable":true,"href":"https:\/\/ofertacular.com\/index.php\/wp-json\/wp\/v2\/product_brand?post=5949"},{"taxonomy":"product_cat","embeddable":true,"href":"https:\/\/ofertacular.com\/index.php\/wp-json\/wp\/v2\/product_cat?post=5949"},{"taxonomy":"product_tag","embeddable":true,"href":"https:\/\/ofertacular.com\/index.php\/wp-json\/wp\/v2\/product_tag?post=5949"}],"curies":[{"name":"wp","href":"https:\/\/api.w.org\/{rel}","templated":true}]}}