{"id":5959,"date":"2025-06-09T09:01:33","date_gmt":"2025-06-09T07:01:33","guid":{"rendered":"https:\/\/ofertacular.com\/index.php\/producto\/1005005197190299-2\/"},"modified":"2025-06-09T09:01:33","modified_gmt":"2025-06-09T07:01:33","slug":"1005005197190299-2","status":"publish","type":"product","link":"https:\/\/ofertacular.com\/index.php\/producto\/1005005197190299-2\/","title":{"rendered":"Gafas Polarizadas"},"content":{"rendered":"<div class=\"oferta-container\">\n<p>\ud83d\udfe5 <b>UNA GANGA<\/b> \ud83d\udfe5 #Publicidad #Amazon #<\/p>\n<p>\ud83d\udd34 <b>Gafas Polarizadas <\/b><\/p>\n<p>\u2705 <b>AHORA 1.61\u20ac \u20ac<\/b> \u2714\ufe0f\ud83d\udfe1<\/p>\n<p>\u274c Antes 4.05 \u20ac<\/p>\n<p>\ud83d\uded2: <a href=\"https:\/\/btz.es\/4NB8wsQ\" target=\"_blank\" rel=\"nofollow noopener\">https:\/\/btz.es\/4NB8wsQ<\/a><\/p>\n<p>Descubre las mejores gafas polarizadas dise\u00f1adas para proteger tus ojos de los rayos UV y reducir el deslumbramiento causado por superficies reflectantes como el agua y el asfalto. Estas gafas son perfectas para actividades al aire libre como conducir, pescar, hacer senderismo y practicar deportes acu\u00e1ticos, garantizando una visi\u00f3n clara y c\u00f3moda en cualquier situaci\u00f3n. Fabricadas con materiales de alta calidad, ofrecen durabilidad, comodidad y estilo para que puedas lucir a la moda mientras cuidas tu salud visual. Equipadas con lentes polarizadas que bloquean eficazmente los reflejos, estas gafas mejoran el contraste y la percepci\u00f3n de colores, lo que resulta en una experiencia visual superior. Ideales para hombres y mujeres que buscan combinar funcionalidad y dise\u00f1o en un accesorio indispensable. Explora nuestra colecci\u00f3n y elige entre diferentes modelos y acabados que se adaptan a tu personalidad y necesidades. Aprovecha nuestras ofertas exclusivas y compra unas gafas polarizadas que transformar\u00e1n tu forma de ver el mundo, protegiendo tus ojos y elevando tu estilo a otro nivel.<\/p>\n<\/p><\/div>\n","protected":false},"excerpt":{"rendered":"<p>\ud83d\udfe5 UNA GANGA \ud83d\udfe5 #Publicidad #Amazon # \ud83d\udd34 Gafas Polarizadas \u2705 AHORA 1.61\u20ac \u20ac \u2714\ufe0f\ud83d\udfe1 \u274c Antes 4.05 \u20ac \ud83d\uded2: https:\/\/btz.es\/4NB8wsQ Descubre las mejores gafas polarizadas dise\u00f1adas para proteger tus ojos de los rayos UV y reducir el deslumbramiento causado por superficies reflectantes como el agua y el asfalto. Estas gafas son perfectas para actividades [&hellip;]<\/p>\n","protected":false},"featured_media":5958,"template":"","meta":{"_gspb_post_css":""},"store":[],"product_brand":[],"product_cat":[16],"product_tag":[],"class_list":{"0":"post-5959","1":"product","2":"type-product","3":"status-publish","4":"has-post-thumbnail","6":"product_cat-sin-categorizar","8":"first","9":"instock","10":"shipping-taxable","11":"product-type-external"},"jetpack_sharing_enabled":true,"_links":{"self":[{"href":"https:\/\/ofertacular.com\/index.php\/wp-json\/wp\/v2\/product\/5959","targetHints":{"allow":["GET"]}}],"collection":[{"href":"https:\/\/ofertacular.com\/index.php\/wp-json\/wp\/v2\/product"}],"about":[{"href":"https:\/\/ofertacular.com\/index.php\/wp-json\/wp\/v2\/types\/product"}],"wp:featuredmedia":[{"embeddable":true,"href":"https:\/\/ofertacular.com\/index.php\/wp-json\/wp\/v2\/media\/5958"}],"wp:attachment":[{"href":"https:\/\/ofertacular.com\/index.php\/wp-json\/wp\/v2\/media?parent=5959"}],"wp:term":[{"taxonomy":"store","embeddable":true,"href":"https:\/\/ofertacular.com\/index.php\/wp-json\/wp\/v2\/store?post=5959"},{"taxonomy":"product_brand","embeddable":true,"href":"https:\/\/ofertacular.com\/index.php\/wp-json\/wp\/v2\/product_brand?post=5959"},{"taxonomy":"product_cat","embeddable":true,"href":"https:\/\/ofertacular.com\/index.php\/wp-json\/wp\/v2\/product_cat?post=5959"},{"taxonomy":"product_tag","embeddable":true,"href":"https:\/\/ofertacular.com\/index.php\/wp-json\/wp\/v2\/product_tag?post=5959"}],"curies":[{"name":"wp","href":"https:\/\/api.w.org\/{rel}","templated":true}]}}