{"id":5965,"date":"2025-06-10T08:11:07","date_gmt":"2025-06-10T06:11:07","guid":{"rendered":"https:\/\/ofertacular.com\/index.php\/producto\/laken-bottle\/"},"modified":"2025-06-10T08:11:07","modified_gmt":"2025-06-10T06:11:07","slug":"laken-bottle","status":"publish","type":"product","link":"https:\/\/ofertacular.com\/index.php\/producto\/laken-bottle\/","title":{"rendered":"Laken Bottle"},"content":{"rendered":"<div class=\"oferta-container\">\n<p>\ud83d\udfe5 <b>INCRE\u00cdBLE<\/b> \ud83d\udfe5 #Publicidad #Amazon #16<\/p>\n<p>\ud83d\udd34 <b>Botella Laken <\/b><\/p>\n<p>\u2705 <b>AHORA 6.99 \u20ac<\/b> \u2714\ufe0f\ud83d\udfe1<\/p>\n<p>\u274c Antes 12.95 \u20ac<\/p>\n<p>\ud83d\uded2: <a href=\"https:\/\/btz.es\/4NHml9F\" target=\"_blank\" rel=\"nofollow noopener\">https:\/\/btz.es\/4NHml9F<\/a><\/p>\n<p>Descubre la botella Laken, el compa\u00f1ero ideal para mantener tus bebidas frescas o calientes durante todo el d\u00eda. Esta botella reutilizable est\u00e1 dise\u00f1ada con materiales de alta calidad que garantizan durabilidad y resistencia, perfecta para quienes buscan un producto ecol\u00f3gico y libre de BPA. La botella Laken destaca por su sistema de aislamiento avanzado que mantiene la temperatura de tus l\u00edquidos favorita por horas, ideal para deportes, senderismo, trabajo o uso diario. Su dise\u00f1o ergon\u00f3mico y ligero facilita su transporte en mochilas o bicicletas, convirti\u00e9ndola en una opci\u00f3n pr\u00e1ctica y funcional. Adem\u00e1s, su tapa segura evita derrames y permite un uso c\u00f3modo y r\u00e1pido. Disponible en varios colores vibrantes, la botella Laken no solo es pr\u00e1ctica, sino tambi\u00e9n elegante y moderna. Optimiza tu hidrataci\u00f3n con esta botella que cuida tanto de ti como del medio ambiente, una elecci\u00f3n perfecta para un estilo de vida activo y consciente.<\/p>\n<\/p><\/div>\n","protected":false},"excerpt":{"rendered":"<p>\ud83d\udfe5 INCRE\u00cdBLE \ud83d\udfe5 #Publicidad #Amazon #16 \ud83d\udd34 Botella Laken \u2705 AHORA 6.99 \u20ac \u2714\ufe0f\ud83d\udfe1 \u274c Antes 12.95 \u20ac \ud83d\uded2: https:\/\/btz.es\/4NHml9F Descubre la botella Laken, el compa\u00f1ero ideal para mantener tus bebidas frescas o calientes durante todo el d\u00eda. Esta botella reutilizable est\u00e1 dise\u00f1ada con materiales de alta calidad que garantizan durabilidad y resistencia, perfecta para [&hellip;]<\/p>\n","protected":false},"featured_media":5964,"template":"","meta":{"_gspb_post_css":""},"store":[],"product_brand":[],"product_cat":[16],"product_tag":[],"class_list":{"0":"post-5965","1":"product","2":"type-product","3":"status-publish","4":"has-post-thumbnail","6":"product_cat-sin-categorizar","8":"first","9":"instock","10":"sale","11":"shipping-taxable","12":"product-type-external"},"jetpack_sharing_enabled":true,"_links":{"self":[{"href":"https:\/\/ofertacular.com\/index.php\/wp-json\/wp\/v2\/product\/5965","targetHints":{"allow":["GET"]}}],"collection":[{"href":"https:\/\/ofertacular.com\/index.php\/wp-json\/wp\/v2\/product"}],"about":[{"href":"https:\/\/ofertacular.com\/index.php\/wp-json\/wp\/v2\/types\/product"}],"wp:featuredmedia":[{"embeddable":true,"href":"https:\/\/ofertacular.com\/index.php\/wp-json\/wp\/v2\/media\/5964"}],"wp:attachment":[{"href":"https:\/\/ofertacular.com\/index.php\/wp-json\/wp\/v2\/media?parent=5965"}],"wp:term":[{"taxonomy":"store","embeddable":true,"href":"https:\/\/ofertacular.com\/index.php\/wp-json\/wp\/v2\/store?post=5965"},{"taxonomy":"product_brand","embeddable":true,"href":"https:\/\/ofertacular.com\/index.php\/wp-json\/wp\/v2\/product_brand?post=5965"},{"taxonomy":"product_cat","embeddable":true,"href":"https:\/\/ofertacular.com\/index.php\/wp-json\/wp\/v2\/product_cat?post=5965"},{"taxonomy":"product_tag","embeddable":true,"href":"https:\/\/ofertacular.com\/index.php\/wp-json\/wp\/v2\/product_tag?post=5965"}],"curies":[{"name":"wp","href":"https:\/\/api.w.org\/{rel}","templated":true}]}}