{"id":5967,"date":"2025-06-10T08:13:53","date_gmt":"2025-06-10T06:13:53","guid":{"rendered":"https:\/\/ofertacular.com\/index.php\/producto\/doom-patrol-2\/"},"modified":"2025-06-10T08:13:53","modified_gmt":"2025-06-10T06:13:53","slug":"doom-patrol-2","status":"publish","type":"product","link":"https:\/\/ofertacular.com\/index.php\/producto\/doom-patrol-2\/","title":{"rendered":"Doom Patrol"},"content":{"rendered":"<div class=\"oferta-container\">\ud83d\udfea <b>\u00a1FUNKO!<\/b> \ud83d\udfea #Publicidad #Amazon<\/p>\n<p>\ud83d\udfe3 <b> Funko POP! Doom Patrol Vinyl Collectible<\/b> <\/p>\n<p>\u2705 <b>AHORA 4.8 \u20ac<\/b> \u2714\ufe0f\ud83d\udfe1<br \/>\n\u274c Antes 16.00 \u20ac \u20ac <\/p>\n<p>\ud83d\uded2: https:\/\/btz.es\/4NHmS26\ud83d\udfe2 <\/p>\n<p>Ofertacular.com<\/p>\n<p>Descubre la figura Funko POP! de Doom Patrol, un imprescindible para los fan\u00e1ticos de los c\u00f3mics y las series de televisi\u00f3n de superh\u00e9roes. Esta figura vinilo coleccionable captura la esencia \u00fanica de los personajes de Doom Patrol, ideal para exhibir y enriquecer cualquier colecci\u00f3n. Perfecta tanto para coleccionistas veteranos como para nuevos aficionados que buscan una pieza oficial y de alta calidad. A\u00f1ade este Funko POP! de Doom Patrol a tu colecci\u00f3n y disfruta de un dise\u00f1o detallado y aut\u00e9ntico, que representa a la perfecci\u00f3n a esta popular franquicia.<\/p>\n<\/div>\n","protected":false},"excerpt":{"rendered":"<p>\ud83d\udfea \u00a1FUNKO! \ud83d\udfea #Publicidad #Amazon \ud83d\udfe3 Funko POP! Doom Patrol Vinyl Collectible \u2705 AHORA 4.8 \u20ac \u2714\ufe0f\ud83d\udfe1 \u274c Antes 16.00 \u20ac \u20ac \ud83d\uded2: https:\/\/btz.es\/4NHmS26\ud83d\udfe2 Ofertacular.com Descubre la figura Funko POP! de Doom Patrol, un imprescindible para los fan\u00e1ticos de los c\u00f3mics y las series de televisi\u00f3n de superh\u00e9roes. Esta figura vinilo coleccionable captura la esencia [&hellip;]<\/p>\n","protected":false},"featured_media":5966,"template":"","meta":{"_gspb_post_css":""},"store":[],"product_brand":[],"product_cat":[16],"product_tag":[],"class_list":{"0":"post-5967","1":"product","2":"type-product","3":"status-publish","4":"has-post-thumbnail","6":"product_cat-sin-categorizar","8":"first","9":"instock","10":"sale","11":"shipping-taxable","12":"product-type-external"},"jetpack_sharing_enabled":true,"_links":{"self":[{"href":"https:\/\/ofertacular.com\/index.php\/wp-json\/wp\/v2\/product\/5967","targetHints":{"allow":["GET"]}}],"collection":[{"href":"https:\/\/ofertacular.com\/index.php\/wp-json\/wp\/v2\/product"}],"about":[{"href":"https:\/\/ofertacular.com\/index.php\/wp-json\/wp\/v2\/types\/product"}],"wp:featuredmedia":[{"embeddable":true,"href":"https:\/\/ofertacular.com\/index.php\/wp-json\/wp\/v2\/media\/5966"}],"wp:attachment":[{"href":"https:\/\/ofertacular.com\/index.php\/wp-json\/wp\/v2\/media?parent=5967"}],"wp:term":[{"taxonomy":"store","embeddable":true,"href":"https:\/\/ofertacular.com\/index.php\/wp-json\/wp\/v2\/store?post=5967"},{"taxonomy":"product_brand","embeddable":true,"href":"https:\/\/ofertacular.com\/index.php\/wp-json\/wp\/v2\/product_brand?post=5967"},{"taxonomy":"product_cat","embeddable":true,"href":"https:\/\/ofertacular.com\/index.php\/wp-json\/wp\/v2\/product_cat?post=5967"},{"taxonomy":"product_tag","embeddable":true,"href":"https:\/\/ofertacular.com\/index.php\/wp-json\/wp\/v2\/product_tag?post=5967"}],"curies":[{"name":"wp","href":"https:\/\/api.w.org\/{rel}","templated":true}]}}