{"id":5975,"date":"2025-06-10T08:31:28","date_gmt":"2025-06-10T06:31:28","guid":{"rendered":"https:\/\/ofertacular.com\/index.php\/producto\/1005008322060752\/"},"modified":"2025-06-10T08:31:28","modified_gmt":"2025-06-10T06:31:28","slug":"1005008322060752","status":"publish","type":"product","link":"https:\/\/ofertacular.com\/index.php\/producto\/1005008322060752\/","title":{"rendered":"Ventilador LED"},"content":{"rendered":"<div class=\"oferta-container\">\n<p>\ud83d\udfe5 <b>\u00a1GANGAZO!<\/b> \ud83d\udfe5 #Publicidad #Amazon #<\/p>\n<p>\ud83d\udd34 <b>Ventilador LED <\/b><\/p>\n<p>\u2705 <b>AHORA 38.70\u20ac \u20ac<\/b> \u2714\ufe0f\ud83d\udfe1<\/p>\n<p>\u274c Antes 159.99 \u20ac<\/p>\n<p>\ud83d\uded2: <a href=\"https:\/\/btz.es\/4NHrsPa\" target=\"_blank\" rel=\"nofollow noopener\">https:\/\/btz.es\/4NHrsPa<\/a><\/p>\n<p>Descubre el Ventilador LED, la soluci\u00f3n perfecta para mantener tu ambiente fresco y moderno. Este ventilador combina eficiencia y dise\u00f1o innovador, ideal para cualquier espacio, ya sea tu hogar, oficina o estudio. Gracias a su tecnolog\u00eda LED integrada, ofrece una iluminaci\u00f3n suave y eficiente que complementa su funcionamiento silencioso y potente. Fabricado con materiales duraderos, garantiza una larga vida \u00fatil y un rendimiento \u00f3ptimo. Adem\u00e1s, su dise\u00f1o compacto y elegante se adapta a cualquier decoraci\u00f3n, aportando un toque de estilo y funcionalidad. El Ventilador LED cuenta con m\u00faltiples velocidades ajustables para que puedas seleccionar la intensidad del flujo de aire seg\u00fan tus necesidades, proporcionando un confort personalizado. Su bajo consumo energ\u00e9tico es otra de sus ventajas, ayud\u00e1ndote a ahorrar en tu factura el\u00e9ctrica mientras disfrutas de un ambiente refrescante. Perfecto para los meses de calor o para renovar el aire en cualquier estaci\u00f3n, este ventilador es una opci\u00f3n inteligente y pr\u00e1ctica. Incorpora un sistema de seguridad avanzado que evita accidentes, siendo apto para hogares con ni\u00f1os o mascotas. F\u00e1cil de montar y limpiar, su mantenimiento es sencillo y r\u00e1pido, permiti\u00e9ndote disfrutar sin complicaciones. En resumen, el Ventilador LED es una combinaci\u00f3n ideal de tecnolog\u00eda, dise\u00f1o y eficiencia energ\u00e9tica que transformar\u00e1 tu espacio en un entorno m\u00e1s c\u00f3modo y agradable. Apuesta por innovaci\u00f3n y calidad con este ventilador que se convertir\u00e1 en un imprescindible para tu d\u00eda a d\u00eda.<\/p>\n<\/p><\/div>\n","protected":false},"excerpt":{"rendered":"<p>\ud83d\udfe5 \u00a1GANGAZO! \ud83d\udfe5 #Publicidad #Amazon # \ud83d\udd34 Ventilador LED \u2705 AHORA 38.70\u20ac \u20ac \u2714\ufe0f\ud83d\udfe1 \u274c Antes 159.99 \u20ac \ud83d\uded2: https:\/\/btz.es\/4NHrsPa Descubre el Ventilador LED, la soluci\u00f3n perfecta para mantener tu ambiente fresco y moderno. Este ventilador combina eficiencia y dise\u00f1o innovador, ideal para cualquier espacio, ya sea tu hogar, oficina o estudio. Gracias a su [&hellip;]<\/p>\n","protected":false},"featured_media":5974,"template":"","meta":{"_gspb_post_css":""},"store":[],"product_brand":[],"product_cat":[16],"product_tag":[],"class_list":{"0":"post-5975","1":"product","2":"type-product","3":"status-publish","4":"has-post-thumbnail","6":"product_cat-sin-categorizar","8":"first","9":"instock","10":"shipping-taxable","11":"product-type-external"},"jetpack_sharing_enabled":true,"_links":{"self":[{"href":"https:\/\/ofertacular.com\/index.php\/wp-json\/wp\/v2\/product\/5975","targetHints":{"allow":["GET"]}}],"collection":[{"href":"https:\/\/ofertacular.com\/index.php\/wp-json\/wp\/v2\/product"}],"about":[{"href":"https:\/\/ofertacular.com\/index.php\/wp-json\/wp\/v2\/types\/product"}],"wp:featuredmedia":[{"embeddable":true,"href":"https:\/\/ofertacular.com\/index.php\/wp-json\/wp\/v2\/media\/5974"}],"wp:attachment":[{"href":"https:\/\/ofertacular.com\/index.php\/wp-json\/wp\/v2\/media?parent=5975"}],"wp:term":[{"taxonomy":"store","embeddable":true,"href":"https:\/\/ofertacular.com\/index.php\/wp-json\/wp\/v2\/store?post=5975"},{"taxonomy":"product_brand","embeddable":true,"href":"https:\/\/ofertacular.com\/index.php\/wp-json\/wp\/v2\/product_brand?post=5975"},{"taxonomy":"product_cat","embeddable":true,"href":"https:\/\/ofertacular.com\/index.php\/wp-json\/wp\/v2\/product_cat?post=5975"},{"taxonomy":"product_tag","embeddable":true,"href":"https:\/\/ofertacular.com\/index.php\/wp-json\/wp\/v2\/product_tag?post=5975"}],"curies":[{"name":"wp","href":"https:\/\/api.w.org\/{rel}","templated":true}]}}