{"id":5996,"date":"2025-06-25T10:12:42","date_gmt":"2025-06-25T08:12:42","guid":{"rendered":"https:\/\/ofertacular.com\/index.php\/producto\/chancla-mujer\/"},"modified":"2025-06-25T10:12:42","modified_gmt":"2025-06-25T08:12:42","slug":"chancla-mujer","status":"publish","type":"product","link":"https:\/\/ofertacular.com\/index.php\/producto\/chancla-mujer\/","title":{"rendered":"Chancla Mujer"},"content":{"rendered":"<div class=\"oferta-container\">\n<p>\ud83d\udfe5 <b>ES UN CHOLL\u00d3N<\/b> \ud83d\udfe5 #Publicidad #Amazon #16<\/p>\n<p>\ud83d\udd34 <b>Chanclas Mujer <\/b><\/p>\n<p>\u2705 <b>AHORA 14.96 \u20ac<\/b> \u2714\ufe0f\ud83d\udfe1<\/p>\n<p>\u274c Antes 19.95 \u20ac<\/p>\n<p>\ud83d\uded2: <a href=\"https:\/\/btz.es\/4PhyFZ6\" target=\"_blank\" rel=\"nofollow noopener\">https:\/\/btz.es\/4PhyFZ6<\/a><\/p>\n<p>Las chanclas para mujer son el calzado ideal para disfrutar del confort y estilo en los d\u00edas c\u00e1lidos. Dise\u00f1adas pensando en la comodidad y la practicidad, estas chanclas destacan por su ligereza, facilidad para calzar y materiales transpirables que mantienen tus pies frescos durante todo el d\u00eda.<\/p>\n<p>Este producto es perfecto para quienes buscan un accesorio vers\u00e1til que se adapte tanto a la playa, la piscina o el uso diario en verano. Los modelos cuentan con suelas antideslizantes, proporcionando seguridad en superficies h\u00famedas, y plantillas ergon\u00f3micas que brindan soporte y alivian la presi\u00f3n para evitar molestias incluso despu\u00e9s de horas de uso.<\/p>\n<p>Disponibles en diversos colores y estilos, estas chanclas combinan con cualquier outfit veraniego, desde vestidos ligeros hasta shorts casuales. La calidad de los materiales garantiza durabilidad, resistencia al agua y f\u00e1cil mantenimiento, aspectos esenciales para un calzado pensado en el ocio y las actividades al aire libre.<\/p>\n<p>Al elegir estas chanclas tendr\u00e1s un producto que no solo mejora tu comodidad sino que tambi\u00e9n complementa tu estilo personal. Adem\u00e1s, su dise\u00f1o estilizado y moderno atrae las miradas, haciendo que cada paso sea una declaraci\u00f3n de moda.<\/p>\n<p>En resumen, nuestras chanclas para mujer representan la combinaci\u00f3n perfecta entre funcionalidad, estilo y confort. Si buscas un calzado que te acompa\u00f1e en todas tus aventuras veraniegas, este es el complemento ideal para tu colecci\u00f3n de zapatos. \u00a1No esperes m\u00e1s y consigue tus chanclas hoy mismo para disfrutar del verano con el calzado adecuado!<\/p>\n<\/p><\/div>\n","protected":false},"excerpt":{"rendered":"<p>\ud83d\udfe5 ES UN CHOLL\u00d3N \ud83d\udfe5 #Publicidad #Amazon #16 \ud83d\udd34 Chanclas Mujer \u2705 AHORA 14.96 \u20ac \u2714\ufe0f\ud83d\udfe1 \u274c Antes 19.95 \u20ac \ud83d\uded2: https:\/\/btz.es\/4PhyFZ6 Las chanclas para mujer son el calzado ideal para disfrutar del confort y estilo en los d\u00edas c\u00e1lidos. Dise\u00f1adas pensando en la comodidad y la practicidad, estas chanclas destacan por su ligereza, facilidad [&hellip;]<\/p>\n","protected":false},"featured_media":5995,"template":"","meta":{"_gspb_post_css":""},"store":[],"product_brand":[],"product_cat":[16],"product_tag":[],"class_list":{"0":"post-5996","1":"product","2":"type-product","3":"status-publish","4":"has-post-thumbnail","6":"product_cat-sin-categorizar","8":"first","9":"instock","10":"sale","11":"shipping-taxable","12":"product-type-external"},"jetpack_sharing_enabled":true,"_links":{"self":[{"href":"https:\/\/ofertacular.com\/index.php\/wp-json\/wp\/v2\/product\/5996","targetHints":{"allow":["GET"]}}],"collection":[{"href":"https:\/\/ofertacular.com\/index.php\/wp-json\/wp\/v2\/product"}],"about":[{"href":"https:\/\/ofertacular.com\/index.php\/wp-json\/wp\/v2\/types\/product"}],"wp:featuredmedia":[{"embeddable":true,"href":"https:\/\/ofertacular.com\/index.php\/wp-json\/wp\/v2\/media\/5995"}],"wp:attachment":[{"href":"https:\/\/ofertacular.com\/index.php\/wp-json\/wp\/v2\/media?parent=5996"}],"wp:term":[{"taxonomy":"store","embeddable":true,"href":"https:\/\/ofertacular.com\/index.php\/wp-json\/wp\/v2\/store?post=5996"},{"taxonomy":"product_brand","embeddable":true,"href":"https:\/\/ofertacular.com\/index.php\/wp-json\/wp\/v2\/product_brand?post=5996"},{"taxonomy":"product_cat","embeddable":true,"href":"https:\/\/ofertacular.com\/index.php\/wp-json\/wp\/v2\/product_cat?post=5996"},{"taxonomy":"product_tag","embeddable":true,"href":"https:\/\/ofertacular.com\/index.php\/wp-json\/wp\/v2\/product_tag?post=5996"}],"curies":[{"name":"wp","href":"https:\/\/api.w.org\/{rel}","templated":true}]}}