{"id":6024,"date":"2025-06-25T12:19:00","date_gmt":"2025-06-25T10:19:00","guid":{"rendered":"https:\/\/ofertacular.com\/index.php\/producto\/1005007369022584\/"},"modified":"2025-06-25T12:19:00","modified_gmt":"2025-06-25T10:19:00","slug":"1005007369022584","status":"publish","type":"product","link":"https:\/\/ofertacular.com\/index.php\/producto\/1005007369022584\/","title":{"rendered":"Baseus AirGo"},"content":{"rendered":"<div class=\"oferta-container\">\n<p>\ud83d\udfe5 <b>\u00a1APROVECHA!<\/b> \ud83d\udfe5 #Publicidad #Amazon #<\/p>\n<p>\ud83d\udd34 <b>Auriculares Baseus Baseus AirGo<\/b><\/p>\n<p>\u2705 <b>AHORA 13.59 \u20ac<\/b> \u2714\ufe0f\ud83d\udfe1<\/p>\n<p>\u274c Antes 53.89 \u20ac<\/p>\n<p>\ud83c\udf9f Cup\u00f3n SSES02<\/p>\n<p>\ud83d\uded2: <a href=\"https:\/\/btz.es\/4PhU3vl\" target=\"_blank\" rel=\"nofollow noopener\">https:\/\/btz.es\/4PhU3vl<\/a><\/p>\n<p>Los auriculares Bluetooth Baseus AirGo est\u00e1n dise\u00f1ados para aquellos que buscan una combinaci\u00f3n perfecta de estilo, comodidad y rendimiento en el sonido. Con tecnolog\u00eda de cancelaci\u00f3n de ruido, estos auriculares ofrecen una experiencia auditiva de alta calidad, perfecta para disfrutar de tu m\u00fasica favorita mientras haces ejercicio o te desplazas por la ciudad. Su dise\u00f1o ergon\u00f3mico garantiza un ajuste seguro, evitando ca\u00eddas durante tus entrenamientos m\u00e1s intensos. Adem\u00e1s, la conectividad Bluetooth 5.0 proporciona una conexi\u00f3n r\u00e1pida y estable hasta a 10 metros de distancia, permiti\u00e9ndote moverte libremente sin restricciones. La duraci\u00f3n de la bater\u00eda es impresionante; con hasta 20 horas de uso continuo, no tendr\u00e1s que preocuparte por quedarte sin m\u00fasica a mitad de una sesi\u00f3n de ejercicio. Los controles t\u00e1ctiles hacen que cambiar la canci\u00f3n o responder una llamada sea incre\u00edblemente sencillo, solo un toque y estar\u00e1s al tanto de todo. Ya sea que te guste correr, hacer yoga o simplemente disfrutar de la m\u00fasica en casa, los auriculares Baseus AirGo son la opci\u00f3n ideal. Calidad de sonido superior, dise\u00f1o ligero y c\u00f3modo, y una tecnolog\u00eda de cancelaci\u00f3n de ruido eficaz son caracter\u00edsticas que te enamorar\u00e1n de este producto. Ideal para deportistas y amantes de la m\u00fasica, los auriculares Baseus AirGo son un complemento esencial para tu rutina diaria. No importa d\u00f3nde est\u00e9s, disfruta de un sonido envolvente y de una conexi\u00f3n sin interrupciones. Con Baseus AirGo, estar\u00e1s listo para llevar tu experiencia musical al siguiente nivel. Perfectos para entrenamientos en\u00e9rgicos o para relajarte despu\u00e9s de un largo d\u00eda, estos auriculares tambi\u00e9n son resistentes al agua y al sudor, lo que los convierte en un compa\u00f1ero ideal para cualquier actividad. Si buscas calidad y rendimiento en un \u00fanico dispositivo, los auriculares Baseus AirGo son tu mejor opci\u00f3n. No dejes pasar la oportunidad de vivir una nueva experiencia auditiva, \u00a1hazte con los tuyos hoy mismo!<\/p>\n<\/p><\/div>\n","protected":false},"excerpt":{"rendered":"<p>\ud83d\udfe5 \u00a1APROVECHA! \ud83d\udfe5 #Publicidad #Amazon # \ud83d\udd34 Auriculares Baseus Baseus AirGo \u2705 AHORA 13.59 \u20ac \u2714\ufe0f\ud83d\udfe1 \u274c Antes 53.89 \u20ac \ud83c\udf9f Cup\u00f3n SSES02 \ud83d\uded2: https:\/\/btz.es\/4PhU3vl Los auriculares Bluetooth Baseus AirGo est\u00e1n dise\u00f1ados para aquellos que buscan una combinaci\u00f3n perfecta de estilo, comodidad y rendimiento en el sonido. Con tecnolog\u00eda de cancelaci\u00f3n de ruido, estos auriculares [&hellip;]<\/p>\n","protected":false},"featured_media":6023,"template":"","meta":{"_gspb_post_css":""},"store":[],"product_brand":[],"product_cat":[16],"product_tag":[],"class_list":{"0":"post-6024","1":"product","2":"type-product","3":"status-publish","4":"has-post-thumbnail","6":"product_cat-sin-categorizar","8":"first","9":"instock","10":"sale","11":"shipping-taxable","12":"product-type-external"},"jetpack_sharing_enabled":true,"_links":{"self":[{"href":"https:\/\/ofertacular.com\/index.php\/wp-json\/wp\/v2\/product\/6024","targetHints":{"allow":["GET"]}}],"collection":[{"href":"https:\/\/ofertacular.com\/index.php\/wp-json\/wp\/v2\/product"}],"about":[{"href":"https:\/\/ofertacular.com\/index.php\/wp-json\/wp\/v2\/types\/product"}],"wp:featuredmedia":[{"embeddable":true,"href":"https:\/\/ofertacular.com\/index.php\/wp-json\/wp\/v2\/media\/6023"}],"wp:attachment":[{"href":"https:\/\/ofertacular.com\/index.php\/wp-json\/wp\/v2\/media?parent=6024"}],"wp:term":[{"taxonomy":"store","embeddable":true,"href":"https:\/\/ofertacular.com\/index.php\/wp-json\/wp\/v2\/store?post=6024"},{"taxonomy":"product_brand","embeddable":true,"href":"https:\/\/ofertacular.com\/index.php\/wp-json\/wp\/v2\/product_brand?post=6024"},{"taxonomy":"product_cat","embeddable":true,"href":"https:\/\/ofertacular.com\/index.php\/wp-json\/wp\/v2\/product_cat?post=6024"},{"taxonomy":"product_tag","embeddable":true,"href":"https:\/\/ofertacular.com\/index.php\/wp-json\/wp\/v2\/product_tag?post=6024"}],"curies":[{"name":"wp","href":"https:\/\/api.w.org\/{rel}","templated":true}]}}