{"id":6030,"date":"2025-06-25T12:29:59","date_gmt":"2025-06-25T10:29:59","guid":{"rendered":"https:\/\/ofertacular.com\/index.php\/producto\/pepe-jeans-5\/"},"modified":"2025-06-25T12:29:59","modified_gmt":"2025-06-25T10:29:59","slug":"pepe-jeans-5","status":"publish","type":"product","link":"https:\/\/ofertacular.com\/index.php\/producto\/pepe-jeans-5\/","title":{"rendered":"Pepe Jeans"},"content":{"rendered":"<div class=\"oferta-container\">\n<p>\ud83d\udfe5 <b>\u00a1APROVECHA!<\/b> \ud83d\udfe5 #Publicidad #Amazon #16<\/p>\n<p>\ud83d\udd34 <b>Moda Pepe <\/b><\/p>\n<p>\u2705 <b>AHORA 14.95 \u20ac<\/b> \u2714\ufe0f\ud83d\udfe1<\/p>\n<p>\u274c Antes 29.90 \u20ac<\/p>\n<p>\ud83d\uded2: <a href=\"https:\/\/btz.es\/4PhXoPv\" target=\"_blank\" rel=\"nofollow noopener\">https:\/\/btz.es\/4PhXoPv<\/a><\/p>\n<p>Descubre la colecci\u00f3n exclusiva de Pepe Jeans, una marca l\u00edder en moda urbana y casual que combina estilo y comodidad. Nuestra l\u00ednea de ropa incluye desde vaqueros hasta camisetas y accesorios esenciales para un look contempor\u00e1neo. Si buscas prendas vers\u00e1tiles, resistentes y con un dise\u00f1o \u00fanico, Pepe Jeans es tu mejor opci\u00f3n. Cada pieza est\u00e1 confeccionada con materiales de alta calidad que garantizan durabilidad y un ajuste perfecto, adapt\u00e1ndose a las tendencias actuales sin perder la esencia cl\u00e1sica que caracteriza a la marca.<\/p>\n<p>Nuestros vaqueros Pepe Jeans son conocidos por su corte impecable y su acabado perfecto, ideales para cualquier ocasi\u00f3n, ya sea informal o m\u00e1s arreglada. Adem\u00e1s, la colecci\u00f3n incluye diversas opciones en chaquetas, sudaderas y camisetas, todas pensadas para ofrecer confort y estilo a partes iguales. <\/p>\n<p>La marca Pepe Jeans tambi\u00e9n destaca por su compromiso con la innovaci\u00f3n en tejidos y procesos, asegurando prendas ecol\u00f3gicas y sostenibles que cuidan el medio ambiente. Si eres un amante de la moda consciente, encontrar\u00e1s en Pepe Jeans una propuesta que satisface tanto tus necesidades est\u00e9ticas como \u00e9ticas.<\/p>\n<p>Pepe Jeans pone a tu disposici\u00f3n un cat\u00e1logo completo y actualizado, adaptado para hombres y mujeres que buscan estar a la vanguardia sin renunciar al confort. La combinaci\u00f3n perfecta entre tendencia y funcionalidad hace que cada art\u00edculo sea una inversi\u00f3n inteligente para tu armario.<\/p>\n<p>Explora nuestra tienda online y d\u00e9jate seducir por la calidad, dise\u00f1o y autenticidad que solo Pepe Jeans puede ofrecer. Con un proceso de compra sencillo y opciones de env\u00edo r\u00e1pido, tendr\u00e1s tus prendas favoritas en la puerta de tu casa en muy poco tiempo. No esperes m\u00e1s para renovar tu estilo con Pepe Jeans, la marca de moda que representa juventud, dinamismo y exclusividad.<\/p>\n<\/p><\/div>\n","protected":false},"excerpt":{"rendered":"<p>\ud83d\udfe5 \u00a1APROVECHA! \ud83d\udfe5 #Publicidad #Amazon #16 \ud83d\udd34 Moda Pepe \u2705 AHORA 14.95 \u20ac \u2714\ufe0f\ud83d\udfe1 \u274c Antes 29.90 \u20ac \ud83d\uded2: https:\/\/btz.es\/4PhXoPv Descubre la colecci\u00f3n exclusiva de Pepe Jeans, una marca l\u00edder en moda urbana y casual que combina estilo y comodidad. Nuestra l\u00ednea de ropa incluye desde vaqueros hasta camisetas y accesorios esenciales para un look [&hellip;]<\/p>\n","protected":false},"featured_media":6029,"template":"","meta":{"_gspb_post_css":""},"store":[],"product_brand":[],"product_cat":[16],"product_tag":[],"class_list":{"0":"post-6030","1":"product","2":"type-product","3":"status-publish","4":"has-post-thumbnail","6":"product_cat-sin-categorizar","8":"first","9":"instock","10":"sale","11":"shipping-taxable","12":"product-type-external"},"jetpack_sharing_enabled":true,"_links":{"self":[{"href":"https:\/\/ofertacular.com\/index.php\/wp-json\/wp\/v2\/product\/6030","targetHints":{"allow":["GET"]}}],"collection":[{"href":"https:\/\/ofertacular.com\/index.php\/wp-json\/wp\/v2\/product"}],"about":[{"href":"https:\/\/ofertacular.com\/index.php\/wp-json\/wp\/v2\/types\/product"}],"wp:featuredmedia":[{"embeddable":true,"href":"https:\/\/ofertacular.com\/index.php\/wp-json\/wp\/v2\/media\/6029"}],"wp:attachment":[{"href":"https:\/\/ofertacular.com\/index.php\/wp-json\/wp\/v2\/media?parent=6030"}],"wp:term":[{"taxonomy":"store","embeddable":true,"href":"https:\/\/ofertacular.com\/index.php\/wp-json\/wp\/v2\/store?post=6030"},{"taxonomy":"product_brand","embeddable":true,"href":"https:\/\/ofertacular.com\/index.php\/wp-json\/wp\/v2\/product_brand?post=6030"},{"taxonomy":"product_cat","embeddable":true,"href":"https:\/\/ofertacular.com\/index.php\/wp-json\/wp\/v2\/product_cat?post=6030"},{"taxonomy":"product_tag","embeddable":true,"href":"https:\/\/ofertacular.com\/index.php\/wp-json\/wp\/v2\/product_tag?post=6030"}],"curies":[{"name":"wp","href":"https:\/\/api.w.org\/{rel}","templated":true}]}}