{"id":6036,"date":"2025-06-25T12:43:03","date_gmt":"2025-06-25T10:43:03","guid":{"rendered":"https:\/\/ofertacular.com\/index.php\/producto\/lady-tremaine-figure\/"},"modified":"2025-06-25T12:43:03","modified_gmt":"2025-06-25T10:43:03","slug":"lady-tremaine-figure","status":"publish","type":"product","link":"https:\/\/ofertacular.com\/index.php\/producto\/lady-tremaine-figure\/","title":{"rendered":"Lady Tremaine Figure"},"content":{"rendered":"<div class=\"oferta-container\">\ud83d\udfea <b>\u00a1FUNKO!<\/b> \ud83d\udfea #Publicidad #Amazon<\/p>\n<p>\ud83d\udfe3 <b> Funko Disney: Villains &#8211; Lady Tremaine Evil Stepmom<\/b> <\/p>\n<p>\u2705 <b>AHORA 14.03 \u20ac<\/b> \u2714\ufe0f\ud83d\udfe1<br \/>\n\u274c Antes 16.00 \u20ac \u20ac <\/p>\n<p>\ud83d\uded2: https:\/\/btz.es\/4Pia61w\ud83d\udfe2 <\/p>\n<p>Ofertacular.com<\/p>\n<p>Descubre la figura Funko Disney Villains de Lady Tremaine, un imprescindible para coleccionistas y fan\u00e1ticos de los villanos cl\u00e1sicos de Disney. Esta pieza captura la esencia malvada de Lady Tremaine con detalles \u00fanicos que la hacen destacar en cualquier colecci\u00f3n. Perfecta para exhibir o regalar, esta figura ofrece calidad y autenticidad garantizadas por Funko. Ideal para amantes de Disney Villains y coleccionistas de figuras exclusivas.<\/p>\n<\/div>\n","protected":false},"excerpt":{"rendered":"<p>\ud83d\udfea \u00a1FUNKO! \ud83d\udfea #Publicidad #Amazon \ud83d\udfe3 Funko Disney: Villains &#8211; Lady Tremaine Evil Stepmom \u2705 AHORA 14.03 \u20ac \u2714\ufe0f\ud83d\udfe1 \u274c Antes 16.00 \u20ac \u20ac \ud83d\uded2: https:\/\/btz.es\/4Pia61w\ud83d\udfe2 Ofertacular.com Descubre la figura Funko Disney Villains de Lady Tremaine, un imprescindible para coleccionistas y fan\u00e1ticos de los villanos cl\u00e1sicos de Disney. Esta pieza captura la esencia malvada de [&hellip;]<\/p>\n","protected":false},"featured_media":6035,"template":"","meta":{"_gspb_post_css":""},"store":[],"product_brand":[],"product_cat":[16],"product_tag":[],"class_list":{"0":"post-6036","1":"product","2":"type-product","3":"status-publish","4":"has-post-thumbnail","6":"product_cat-sin-categorizar","8":"first","9":"instock","10":"sale","11":"shipping-taxable","12":"product-type-external"},"jetpack_sharing_enabled":true,"_links":{"self":[{"href":"https:\/\/ofertacular.com\/index.php\/wp-json\/wp\/v2\/product\/6036","targetHints":{"allow":["GET"]}}],"collection":[{"href":"https:\/\/ofertacular.com\/index.php\/wp-json\/wp\/v2\/product"}],"about":[{"href":"https:\/\/ofertacular.com\/index.php\/wp-json\/wp\/v2\/types\/product"}],"wp:featuredmedia":[{"embeddable":true,"href":"https:\/\/ofertacular.com\/index.php\/wp-json\/wp\/v2\/media\/6035"}],"wp:attachment":[{"href":"https:\/\/ofertacular.com\/index.php\/wp-json\/wp\/v2\/media?parent=6036"}],"wp:term":[{"taxonomy":"store","embeddable":true,"href":"https:\/\/ofertacular.com\/index.php\/wp-json\/wp\/v2\/store?post=6036"},{"taxonomy":"product_brand","embeddable":true,"href":"https:\/\/ofertacular.com\/index.php\/wp-json\/wp\/v2\/product_brand?post=6036"},{"taxonomy":"product_cat","embeddable":true,"href":"https:\/\/ofertacular.com\/index.php\/wp-json\/wp\/v2\/product_cat?post=6036"},{"taxonomy":"product_tag","embeddable":true,"href":"https:\/\/ofertacular.com\/index.php\/wp-json\/wp\/v2\/product_tag?post=6036"}],"curies":[{"name":"wp","href":"https:\/\/api.w.org\/{rel}","templated":true}]}}