{"id":6038,"date":"2025-06-25T12:48:46","date_gmt":"2025-06-25T10:48:46","guid":{"rendered":"https:\/\/ofertacular.com\/index.php\/producto\/mewtwo-figure\/"},"modified":"2025-06-25T12:48:46","modified_gmt":"2025-06-25T10:48:46","slug":"mewtwo-figure","status":"publish","type":"product","link":"https:\/\/ofertacular.com\/index.php\/producto\/mewtwo-figure\/","title":{"rendered":"Mewtwo Figure"},"content":{"rendered":"<div class=\"oferta-container\">\ud83d\udfea <b>FUNKO OFERTA<\/b> \ud83d\udfea #Publicidad #Amazon<\/p>\n<p>\ud83d\udfe3 <b> Funko POP! Pokemon Mewtwo<\/b> <\/p>\n<p>\u2705 <b>AHORA 9.99 \u20ac<\/b> \u2714\ufe0f\ud83d\udfe1<br \/>\n\u274c Antes 16.00 \u20ac \u20ac <\/p>\n<p>\ud83d\uded2: https:\/\/btz.es\/4PibYeD\ud83d\udfe2 <\/p>\n<p>Ofertacular.com<\/p>\n<p>Descubre el Funko POP! de Pokemon: Mewtwo, una figura exclusiva que captura la esencia del ic\u00f3nico Pok\u00e9mon legendario. Perfecta para coleccionistas y fans de la franquicia, esta pieza ofrece un dise\u00f1o detallado y colores vibrantes, ideal para exhibir en cualquier colecci\u00f3n. Consigue ahora esta figura \u00fanica de Mewtwo que destaca por su calidad y presenta un complemento esencial para los amantes de Pokemon y el mundo de los videojuegos.<\/p>\n<\/div>\n","protected":false},"excerpt":{"rendered":"<p>\ud83d\udfea FUNKO OFERTA \ud83d\udfea #Publicidad #Amazon \ud83d\udfe3 Funko POP! Pokemon Mewtwo \u2705 AHORA 9.99 \u20ac \u2714\ufe0f\ud83d\udfe1 \u274c Antes 16.00 \u20ac \u20ac \ud83d\uded2: https:\/\/btz.es\/4PibYeD\ud83d\udfe2 Ofertacular.com Descubre el Funko POP! de Pokemon: Mewtwo, una figura exclusiva que captura la esencia del ic\u00f3nico Pok\u00e9mon legendario. Perfecta para coleccionistas y fans de la franquicia, esta pieza ofrece un dise\u00f1o [&hellip;]<\/p>\n","protected":false},"featured_media":6037,"template":"","meta":{"_gspb_post_css":""},"store":[],"product_brand":[],"product_cat":[16],"product_tag":[],"class_list":{"0":"post-6038","1":"product","2":"type-product","3":"status-publish","4":"has-post-thumbnail","6":"product_cat-sin-categorizar","8":"first","9":"instock","10":"sale","11":"shipping-taxable","12":"product-type-external"},"jetpack_sharing_enabled":true,"_links":{"self":[{"href":"https:\/\/ofertacular.com\/index.php\/wp-json\/wp\/v2\/product\/6038","targetHints":{"allow":["GET"]}}],"collection":[{"href":"https:\/\/ofertacular.com\/index.php\/wp-json\/wp\/v2\/product"}],"about":[{"href":"https:\/\/ofertacular.com\/index.php\/wp-json\/wp\/v2\/types\/product"}],"wp:featuredmedia":[{"embeddable":true,"href":"https:\/\/ofertacular.com\/index.php\/wp-json\/wp\/v2\/media\/6037"}],"wp:attachment":[{"href":"https:\/\/ofertacular.com\/index.php\/wp-json\/wp\/v2\/media?parent=6038"}],"wp:term":[{"taxonomy":"store","embeddable":true,"href":"https:\/\/ofertacular.com\/index.php\/wp-json\/wp\/v2\/store?post=6038"},{"taxonomy":"product_brand","embeddable":true,"href":"https:\/\/ofertacular.com\/index.php\/wp-json\/wp\/v2\/product_brand?post=6038"},{"taxonomy":"product_cat","embeddable":true,"href":"https:\/\/ofertacular.com\/index.php\/wp-json\/wp\/v2\/product_cat?post=6038"},{"taxonomy":"product_tag","embeddable":true,"href":"https:\/\/ofertacular.com\/index.php\/wp-json\/wp\/v2\/product_tag?post=6038"}],"curies":[{"name":"wp","href":"https:\/\/api.w.org\/{rel}","templated":true}]}}