{"id":6056,"date":"2025-06-26T08:28:03","date_gmt":"2025-06-26T06:28:03","guid":{"rendered":"https:\/\/ofertacular.com\/index.php\/producto\/aquaman-figure\/"},"modified":"2025-06-26T08:28:03","modified_gmt":"2025-06-26T06:28:03","slug":"aquaman-figure","status":"publish","type":"product","link":"https:\/\/ofertacular.com\/index.php\/producto\/aquaman-figure\/","title":{"rendered":"Aquaman Figure"},"content":{"rendered":"<div class=\"oferta-container\">\ud83d\udfea <b>FUNKO TOP<\/b> \ud83d\udfea #Publicidad #Amazon<\/p>\n<p>\ud83d\udfe3 <b> Funko POP! DC: Aquaman Aquaman Hero<\/b> <\/p>\n<p>\u2705 <b>AHORA 5.5 \u20ac<\/b> \u2714\ufe0f\ud83d\udfe1<br \/>\n\u274c Antes 16.00 \u20ac \u20ac <\/p>\n<p>\ud83d\uded2: https:\/\/btz.es\/4PmOQQZ\ud83d\udfe2 <\/p>\n<p>Ofertacular.com<\/p>\n<p>Descubre el Funko POP! DC Aquaman, una figura coleccionable imprescindible para los fan\u00e1ticos de los c\u00f3mics y el universo DC. Esta pieza captura la esencia del h\u00e9roe acu\u00e1tico con detalles fieles al personaje, ideal para exhibir en tu colecci\u00f3n o como regalo para amantes de los superh\u00e9roes. Su dise\u00f1o exclusivo y calidad superior garantizan una experiencia visual impresionante, convirti\u00e9ndola en un elemento destacado para coleccionistas y entusiastas del merchandising de DC Comics.<\/p>\n<\/div>\n","protected":false},"excerpt":{"rendered":"<p>\ud83d\udfea FUNKO TOP \ud83d\udfea #Publicidad #Amazon \ud83d\udfe3 Funko POP! DC: Aquaman Aquaman Hero \u2705 AHORA 5.5 \u20ac \u2714\ufe0f\ud83d\udfe1 \u274c Antes 16.00 \u20ac \u20ac \ud83d\uded2: https:\/\/btz.es\/4PmOQQZ\ud83d\udfe2 Ofertacular.com Descubre el Funko POP! DC Aquaman, una figura coleccionable imprescindible para los fan\u00e1ticos de los c\u00f3mics y el universo DC. Esta pieza captura la esencia del h\u00e9roe acu\u00e1tico con [&hellip;]<\/p>\n","protected":false},"featured_media":6055,"template":"","meta":{"_gspb_post_css":""},"store":[],"product_brand":[],"product_cat":[16],"product_tag":[],"class_list":{"0":"post-6056","1":"product","2":"type-product","3":"status-publish","4":"has-post-thumbnail","6":"product_cat-sin-categorizar","8":"first","9":"instock","10":"sale","11":"shipping-taxable","12":"product-type-external"},"jetpack_sharing_enabled":true,"_links":{"self":[{"href":"https:\/\/ofertacular.com\/index.php\/wp-json\/wp\/v2\/product\/6056","targetHints":{"allow":["GET"]}}],"collection":[{"href":"https:\/\/ofertacular.com\/index.php\/wp-json\/wp\/v2\/product"}],"about":[{"href":"https:\/\/ofertacular.com\/index.php\/wp-json\/wp\/v2\/types\/product"}],"wp:featuredmedia":[{"embeddable":true,"href":"https:\/\/ofertacular.com\/index.php\/wp-json\/wp\/v2\/media\/6055"}],"wp:attachment":[{"href":"https:\/\/ofertacular.com\/index.php\/wp-json\/wp\/v2\/media?parent=6056"}],"wp:term":[{"taxonomy":"store","embeddable":true,"href":"https:\/\/ofertacular.com\/index.php\/wp-json\/wp\/v2\/store?post=6056"},{"taxonomy":"product_brand","embeddable":true,"href":"https:\/\/ofertacular.com\/index.php\/wp-json\/wp\/v2\/product_brand?post=6056"},{"taxonomy":"product_cat","embeddable":true,"href":"https:\/\/ofertacular.com\/index.php\/wp-json\/wp\/v2\/product_cat?post=6056"},{"taxonomy":"product_tag","embeddable":true,"href":"https:\/\/ofertacular.com\/index.php\/wp-json\/wp\/v2\/product_tag?post=6056"}],"curies":[{"name":"wp","href":"https:\/\/api.w.org\/{rel}","templated":true}]}}