{"id":6064,"date":"2025-06-26T08:41:53","date_gmt":"2025-06-26T06:41:53","guid":{"rendered":"https:\/\/ofertacular.com\/index.php\/producto\/cargador-usb\/"},"modified":"2025-06-26T08:41:53","modified_gmt":"2025-06-26T06:41:53","slug":"cargador-usb","status":"publish","type":"product","link":"https:\/\/ofertacular.com\/index.php\/producto\/cargador-usb\/","title":{"rendered":"Cargador USB"},"content":{"rendered":"<div class=\"oferta-container\">\n<p>\ud83d\udfe5 <b>EXCLUSIVO<\/b> \ud83d\udfe5 #Publicidad #Amazon #16<\/p>\n<p>\ud83d\udd34 <b>Cargador USB <\/b><\/p>\n<p>\u2705 <b>AHORA 8.99 \u20ac<\/b> \u2714\ufe0f\ud83d\udfe1<\/p>\n<p>\u274c Antes 9.99 \u20ac<\/p>\n<p>\ud83d\uded2: <a href=\"https:\/\/btz.es\/4PmSuL9\" target=\"_blank\" rel=\"nofollow noopener\">https:\/\/btz.es\/4PmSuL9<\/a><\/p>\n<p>Descubre nuestro Cargador USB de alta calidad, dise\u00f1ado para ofrecer una carga r\u00e1pida y eficiente para todos tus dispositivos compatibles. Este cargador es perfecto para celulares, tabletas, y otros aparatos electr\u00f3nicos que utilicen tecnolog\u00eda USB para su carga y sincronizaci\u00f3n. Su dise\u00f1o compacto y port\u00e1til asegura que puedas llevarlo f\u00e1cilmente en tu mochila, bolso o incluso en el bolsillo, ideal para viajes o uso diario.<\/p>\n<p>Fabricado con materiales duraderos y seguros, nuestro cargador USB incluye protecci\u00f3n contra sobrecargas, cortocircuitos y sobrecalentamiento, garantizando la m\u00e1xima seguridad de tus dispositivos mientras se cargan. Adem\u00e1s, su compatibilidad universal lo convierte en una soluci\u00f3n pr\u00e1ctica y vers\u00e1til para cualquier hogar, oficina o autom\u00f3vil.<\/p>\n<p>Entre sus caracter\u00edsticas principales destaca su potencia de salida adecuada para cargar r\u00e1pidamente equipos modernos, adem\u00e1s de ser compatible con m\u00faltiples marcas y modelos, desde los m\u00e1s conocidos hasta dispositivos menos comunes. Su dise\u00f1o inteligente optimiza el consumo energ\u00e9tico y maximiza la durabilidad del adaptador.<\/p>\n<p>Si buscas un cargador confiable, eficiente y seguro, nuestro Cargador USB es la elecci\u00f3n perfecta. No pierdas la oportunidad de mantener tus dispositivos siempre listos para usar, con un accesorio que combina funcionalidad, estilo y seguridad en un solo producto. Haz tu compra hoy y aprovecha nuestra excelente relaci\u00f3n calidad-precio.<\/p>\n<\/p><\/div>\n","protected":false},"excerpt":{"rendered":"<p>\ud83d\udfe5 EXCLUSIVO \ud83d\udfe5 #Publicidad #Amazon #16 \ud83d\udd34 Cargador USB \u2705 AHORA 8.99 \u20ac \u2714\ufe0f\ud83d\udfe1 \u274c Antes 9.99 \u20ac \ud83d\uded2: https:\/\/btz.es\/4PmSuL9 Descubre nuestro Cargador USB de alta calidad, dise\u00f1ado para ofrecer una carga r\u00e1pida y eficiente para todos tus dispositivos compatibles. Este cargador es perfecto para celulares, tabletas, y otros aparatos electr\u00f3nicos que utilicen tecnolog\u00eda USB [&hellip;]<\/p>\n","protected":false},"featured_media":6063,"template":"","meta":{"_gspb_post_css":""},"store":[],"product_brand":[],"product_cat":[16],"product_tag":[],"class_list":{"0":"post-6064","1":"product","2":"type-product","3":"status-publish","4":"has-post-thumbnail","6":"product_cat-sin-categorizar","8":"first","9":"instock","10":"sale","11":"shipping-taxable","12":"product-type-external"},"jetpack_sharing_enabled":true,"_links":{"self":[{"href":"https:\/\/ofertacular.com\/index.php\/wp-json\/wp\/v2\/product\/6064","targetHints":{"allow":["GET"]}}],"collection":[{"href":"https:\/\/ofertacular.com\/index.php\/wp-json\/wp\/v2\/product"}],"about":[{"href":"https:\/\/ofertacular.com\/index.php\/wp-json\/wp\/v2\/types\/product"}],"wp:featuredmedia":[{"embeddable":true,"href":"https:\/\/ofertacular.com\/index.php\/wp-json\/wp\/v2\/media\/6063"}],"wp:attachment":[{"href":"https:\/\/ofertacular.com\/index.php\/wp-json\/wp\/v2\/media?parent=6064"}],"wp:term":[{"taxonomy":"store","embeddable":true,"href":"https:\/\/ofertacular.com\/index.php\/wp-json\/wp\/v2\/store?post=6064"},{"taxonomy":"product_brand","embeddable":true,"href":"https:\/\/ofertacular.com\/index.php\/wp-json\/wp\/v2\/product_brand?post=6064"},{"taxonomy":"product_cat","embeddable":true,"href":"https:\/\/ofertacular.com\/index.php\/wp-json\/wp\/v2\/product_cat?post=6064"},{"taxonomy":"product_tag","embeddable":true,"href":"https:\/\/ofertacular.com\/index.php\/wp-json\/wp\/v2\/product_tag?post=6064"}],"curies":[{"name":"wp","href":"https:\/\/api.w.org\/{rel}","templated":true}]}}