{"id":6076,"date":"2025-06-26T09:11:57","date_gmt":"2025-06-26T07:11:57","guid":{"rendered":"https:\/\/ofertacular.com\/index.php\/producto\/muncher-figure\/"},"modified":"2025-06-26T09:11:57","modified_gmt":"2025-06-26T07:11:57","slug":"muncher-figure","status":"publish","type":"product","link":"https:\/\/ofertacular.com\/index.php\/producto\/muncher-figure\/","title":{"rendered":"Muncher Figure"},"content":{"rendered":"<div class=\"oferta-container\">\ud83d\udfea <b>\u00a1FUNKO!<\/b> \ud83d\udfea #Publicidad #Amazon<\/p>\n<p>\ud83d\udfe3 <b> Funko POP! Movies: Ghostbusters Muncher Figure<\/b> <\/p>\n<p>\u2705 <b>AHORA 8.2 \u20ac<\/b> \u2714\ufe0f\ud83d\udfe1<br \/>\n\u274c Antes 16.00 \u20ac \u20ac <\/p>\n<p>\ud83d\uded2: https:\/\/btz.es\/4PmZUip\ud83d\udfe2 <\/p>\n<p>Ofertacular.com<\/p>\n<p>Descubre el Funko POP! Movies de Ghostbusters con la figura de Muncher, un imprescindible para coleccionistas y aficionados de la saga. Este Funko \u00fanico captura el detalle y la esencia del ic\u00f3nico personaje, ideal para exhibici\u00f3n o como regalo perfecto para fans de Ghostbusters. A\u00f1ade un toque de nostalgia y diversi\u00f3n a tu colecci\u00f3n con este mu\u00f1eco exclusivo, dise\u00f1ado para ofrecer calidad y autenticidad. Aprovecha para fortalecer tu colecci\u00f3n con esta figura de vinilo que destaca por su dise\u00f1o y detalle, optimizada para coleccionistas y amantes del cine.<\/p>\n<\/div>\n","protected":false},"excerpt":{"rendered":"<p>\ud83d\udfea \u00a1FUNKO! \ud83d\udfea #Publicidad #Amazon \ud83d\udfe3 Funko POP! Movies: Ghostbusters Muncher Figure \u2705 AHORA 8.2 \u20ac \u2714\ufe0f\ud83d\udfe1 \u274c Antes 16.00 \u20ac \u20ac \ud83d\uded2: https:\/\/btz.es\/4PmZUip\ud83d\udfe2 Ofertacular.com Descubre el Funko POP! Movies de Ghostbusters con la figura de Muncher, un imprescindible para coleccionistas y aficionados de la saga. Este Funko \u00fanico captura el detalle y la esencia [&hellip;]<\/p>\n","protected":false},"featured_media":6075,"template":"","meta":{"_gspb_post_css":""},"store":[],"product_brand":[],"product_cat":[16],"product_tag":[],"class_list":{"0":"post-6076","1":"product","2":"type-product","3":"status-publish","4":"has-post-thumbnail","6":"product_cat-sin-categorizar","8":"first","9":"instock","10":"sale","11":"shipping-taxable","12":"product-type-external"},"jetpack_sharing_enabled":true,"_links":{"self":[{"href":"https:\/\/ofertacular.com\/index.php\/wp-json\/wp\/v2\/product\/6076","targetHints":{"allow":["GET"]}}],"collection":[{"href":"https:\/\/ofertacular.com\/index.php\/wp-json\/wp\/v2\/product"}],"about":[{"href":"https:\/\/ofertacular.com\/index.php\/wp-json\/wp\/v2\/types\/product"}],"wp:featuredmedia":[{"embeddable":true,"href":"https:\/\/ofertacular.com\/index.php\/wp-json\/wp\/v2\/media\/6075"}],"wp:attachment":[{"href":"https:\/\/ofertacular.com\/index.php\/wp-json\/wp\/v2\/media?parent=6076"}],"wp:term":[{"taxonomy":"store","embeddable":true,"href":"https:\/\/ofertacular.com\/index.php\/wp-json\/wp\/v2\/store?post=6076"},{"taxonomy":"product_brand","embeddable":true,"href":"https:\/\/ofertacular.com\/index.php\/wp-json\/wp\/v2\/product_brand?post=6076"},{"taxonomy":"product_cat","embeddable":true,"href":"https:\/\/ofertacular.com\/index.php\/wp-json\/wp\/v2\/product_cat?post=6076"},{"taxonomy":"product_tag","embeddable":true,"href":"https:\/\/ofertacular.com\/index.php\/wp-json\/wp\/v2\/product_tag?post=6076"}],"curies":[{"name":"wp","href":"https:\/\/api.w.org\/{rel}","templated":true}]}}