{"id":6080,"date":"2025-06-26T09:20:34","date_gmt":"2025-06-26T07:20:34","guid":{"rendered":"https:\/\/ofertacular.com\/index.php\/producto\/amazfit-bip-3\/"},"modified":"2025-06-26T09:20:34","modified_gmt":"2025-06-26T07:20:34","slug":"amazfit-bip-3","status":"publish","type":"product","link":"https:\/\/ofertacular.com\/index.php\/producto\/amazfit-bip-3\/","title":{"rendered":"Amazfit Bip"},"content":{"rendered":"<div class=\"oferta-container\">\n<p>\ud83d\udfe5 <b>DATE PRISA<\/b> \ud83d\udfe5 #Publicidad #Amazon #16<\/p>\n<p>\ud83d\udd34 <b>Reloj Inteligente <\/b><\/p>\n<p>\u2705 <b>AHORA 56.43 \u20ac<\/b> \u2714\ufe0f\ud83d\udfe1<\/p>\n<p>\u274c Antes 69.90 \u20ac<\/p>\n<p>\ud83d\uded2: <a href=\"https:\/\/btz.es\/4Pnce9Z\" target=\"_blank\" rel=\"nofollow noopener\">https:\/\/btz.es\/4Pnce9Z<\/a><\/p>\n<p>El Amazfit Bip es un reloj inteligente que combina funcionalidad avanzada con un dise\u00f1o ligero y c\u00f3modo, perfecto para quienes buscan mantenerse activos y conectados. Este dispositivo cuenta con una pantalla transflectiva a color que ofrece una excelente visibilidad incluso bajo la luz directa del sol, lo que lo hace ideal para actividades al aire libre como correr, ciclismo o senderismo. Su bater\u00eda de larga duraci\u00f3n permite hasta 45 d\u00edas de uso con una sola carga, eliminando la necesidad de cargas frecuentes y asegurando que siempre est\u00e9 listo para acompa\u00f1arte en tu rutina diaria.<\/p>\n<p>Entre sus caracter\u00edsticas destacadas, el Amazfit Bip ofrece monitorizaci\u00f3n continua de la frecuencia card\u00edaca, seguimiento del sue\u00f1o y cuenta con m\u00faltiples modos deportivos para registrar diferentes tipos de ejercicios de manera precisa. Adem\u00e1s, es resistente al agua y al polvo con certificaci\u00f3n IP68, lo que le a\u00f1ade durabilidad y versatilidad para actividades en diversos entornos.<\/p>\n<p>La conectividad con tu smartphone es otra ventaja significativa de este reloj, ya que permite recibir notificaciones de llamadas, mensajes, correos electr\u00f3nicos y aplicaciones directamente en la mu\u00f1eca, facilitando la gesti\u00f3n de tus comunicaciones sin interrumpir tus actividades.<\/p>\n<p>Con un dise\u00f1o elegante y disponible en varios colores, el Amazfit Bip se adapta a diferentes estilos y preferencias. Su correa suave y ajustable proporciona comodidad durante todo el d\u00eda, ya sea en el trabajo, en el gimnasio o en tus aventuras al aire libre.<\/p>\n<p>En definitiva, el Amazfit Bip es una opci\u00f3n excelente para quienes desean un reloj inteligente que ofrezca un equilibrio perfecto entre funcionalidad, autonom\u00eda y estilo, haciendo que cada d\u00eda sea m\u00e1s productivo y saludable.<\/p>\n<\/p><\/div>\n","protected":false},"excerpt":{"rendered":"<p>\ud83d\udfe5 DATE PRISA \ud83d\udfe5 #Publicidad #Amazon #16 \ud83d\udd34 Reloj Inteligente \u2705 AHORA 56.43 \u20ac \u2714\ufe0f\ud83d\udfe1 \u274c Antes 69.90 \u20ac \ud83d\uded2: https:\/\/btz.es\/4Pnce9Z El Amazfit Bip es un reloj inteligente que combina funcionalidad avanzada con un dise\u00f1o ligero y c\u00f3modo, perfecto para quienes buscan mantenerse activos y conectados. Este dispositivo cuenta con una pantalla transflectiva a color [&hellip;]<\/p>\n","protected":false},"featured_media":6079,"template":"","meta":{"_gspb_post_css":""},"store":[],"product_brand":[],"product_cat":[16],"product_tag":[],"class_list":{"0":"post-6080","1":"product","2":"type-product","3":"status-publish","4":"has-post-thumbnail","6":"product_cat-sin-categorizar","8":"first","9":"instock","10":"sale","11":"shipping-taxable","12":"product-type-external"},"jetpack_sharing_enabled":true,"_links":{"self":[{"href":"https:\/\/ofertacular.com\/index.php\/wp-json\/wp\/v2\/product\/6080","targetHints":{"allow":["GET"]}}],"collection":[{"href":"https:\/\/ofertacular.com\/index.php\/wp-json\/wp\/v2\/product"}],"about":[{"href":"https:\/\/ofertacular.com\/index.php\/wp-json\/wp\/v2\/types\/product"}],"wp:featuredmedia":[{"embeddable":true,"href":"https:\/\/ofertacular.com\/index.php\/wp-json\/wp\/v2\/media\/6079"}],"wp:attachment":[{"href":"https:\/\/ofertacular.com\/index.php\/wp-json\/wp\/v2\/media?parent=6080"}],"wp:term":[{"taxonomy":"store","embeddable":true,"href":"https:\/\/ofertacular.com\/index.php\/wp-json\/wp\/v2\/store?post=6080"},{"taxonomy":"product_brand","embeddable":true,"href":"https:\/\/ofertacular.com\/index.php\/wp-json\/wp\/v2\/product_brand?post=6080"},{"taxonomy":"product_cat","embeddable":true,"href":"https:\/\/ofertacular.com\/index.php\/wp-json\/wp\/v2\/product_cat?post=6080"},{"taxonomy":"product_tag","embeddable":true,"href":"https:\/\/ofertacular.com\/index.php\/wp-json\/wp\/v2\/product_tag?post=6080"}],"curies":[{"name":"wp","href":"https:\/\/api.w.org\/{rel}","templated":true}]}}