{"id":6094,"date":"2025-06-26T10:50:13","date_gmt":"2025-06-26T08:50:13","guid":{"rendered":"https:\/\/ofertacular.com\/index.php\/producto\/dc-comics\/"},"modified":"2025-06-26T10:50:13","modified_gmt":"2025-06-26T08:50:13","slug":"dc-comics","status":"publish","type":"product","link":"https:\/\/ofertacular.com\/index.php\/producto\/dc-comics\/","title":{"rendered":"DC Comics"},"content":{"rendered":"<div class=\"oferta-container\">\n<p>\ud83d\udfe5 <b>UNA GANGA<\/b> \ud83d\udfe5 #Publicidad #Amazon #16<\/p>\n<p>\ud83d\udd34 <b>Superh\u00e9roes DC <\/b><\/p>\n<p>\u2705 <b>AHORA 4.44 \u20ac<\/b> \u2714\ufe0f\ud83d\udfe1<\/p>\n<p>\u274c Antes <\/p>\n<p>\ud83d\uded2: <a href=\"https:\/\/btz.es\/4PnyEao\" target=\"_blank\" rel=\"nofollow noopener\">https:\/\/btz.es\/4PnyEao<\/a><\/p>\n<p>Sum\u00e9rgete en el apasionante universo de DC Comics con nuestra exclusiva colecci\u00f3n de productos oficiales que capturan la esencia de tus h\u00e9roes y villanos favoritos. Desde figuras de acci\u00f3n detalladas hasta ropa con dise\u00f1os ic\u00f3nicos, cada art\u00edculo est\u00e1 dise\u00f1ado para los fan\u00e1ticos que desean llevar su pasi\u00f3n por el mundo DC a otro nivel. Entre los productos m\u00e1s destacados encontrar\u00e1s camisetas con estampados de Batman, Superman y Wonder Woman, ideales para mostrar tu afici\u00f3n en cualquier ocasi\u00f3n. Adem\u00e1s, contamos con coleccionables, c\u00f3mics originales y accesorios que complementan perfectamente cualquier colecci\u00f3n. Nuestros productos de DC Comics no solo son piezas de entretenimiento sino un reflejo del legado y la mitolog\u00eda que esta marca ha creado a lo largo de los a\u00f1os. Fabricados con materiales de alta calidad, garantizan durabilidad y un acabado profesional que satisface tanto a j\u00f3venes como a adultos. Ya sea que busques un regalo \u00fanico para un fan\u00e1tico o quieras ampliar tu colecci\u00f3n personal, en nuestra tienda encontrar\u00e1s opciones para todos los gustos y presupuestos. Aprovecha nuestras ofertas y promociones exclusivas para adquirir los productos oficiales de DC Comics con la mejor relaci\u00f3n calidad-precio. No pierdas la oportunidad de vivir la emoci\u00f3n de tus personajes favoritos gracias a nuestra selecci\u00f3n cuidadosamente curada para ofrecer solo lo mejor. Descubre m\u00e1s y convierte cada compra en una experiencia memorable con la autenticidad y originalidad que solo DC Comics puede ofrecer. \u00a1Haz que el poder de los superh\u00e9roes de DC acompa\u00f1e tu d\u00eda a d\u00eda!<\/p>\n<\/p><\/div>\n","protected":false},"excerpt":{"rendered":"<p>\ud83d\udfe5 UNA GANGA \ud83d\udfe5 #Publicidad #Amazon #16 \ud83d\udd34 Superh\u00e9roes DC \u2705 AHORA 4.44 \u20ac \u2714\ufe0f\ud83d\udfe1 \u274c Antes \ud83d\uded2: https:\/\/btz.es\/4PnyEao Sum\u00e9rgete en el apasionante universo de DC Comics con nuestra exclusiva colecci\u00f3n de productos oficiales que capturan la esencia de tus h\u00e9roes y villanos favoritos. Desde figuras de acci\u00f3n detalladas hasta ropa con dise\u00f1os ic\u00f3nicos, cada [&hellip;]<\/p>\n","protected":false},"featured_media":6093,"template":"","meta":{"_gspb_post_css":""},"store":[],"product_brand":[],"product_cat":[16],"product_tag":[],"class_list":{"0":"post-6094","1":"product","2":"type-product","3":"status-publish","4":"has-post-thumbnail","6":"product_cat-sin-categorizar","8":"first","9":"instock","10":"shipping-taxable","11":"product-type-external"},"jetpack_sharing_enabled":true,"_links":{"self":[{"href":"https:\/\/ofertacular.com\/index.php\/wp-json\/wp\/v2\/product\/6094","targetHints":{"allow":["GET"]}}],"collection":[{"href":"https:\/\/ofertacular.com\/index.php\/wp-json\/wp\/v2\/product"}],"about":[{"href":"https:\/\/ofertacular.com\/index.php\/wp-json\/wp\/v2\/types\/product"}],"wp:featuredmedia":[{"embeddable":true,"href":"https:\/\/ofertacular.com\/index.php\/wp-json\/wp\/v2\/media\/6093"}],"wp:attachment":[{"href":"https:\/\/ofertacular.com\/index.php\/wp-json\/wp\/v2\/media?parent=6094"}],"wp:term":[{"taxonomy":"store","embeddable":true,"href":"https:\/\/ofertacular.com\/index.php\/wp-json\/wp\/v2\/store?post=6094"},{"taxonomy":"product_brand","embeddable":true,"href":"https:\/\/ofertacular.com\/index.php\/wp-json\/wp\/v2\/product_brand?post=6094"},{"taxonomy":"product_cat","embeddable":true,"href":"https:\/\/ofertacular.com\/index.php\/wp-json\/wp\/v2\/product_cat?post=6094"},{"taxonomy":"product_tag","embeddable":true,"href":"https:\/\/ofertacular.com\/index.php\/wp-json\/wp\/v2\/product_tag?post=6094"}],"curies":[{"name":"wp","href":"https:\/\/api.w.org\/{rel}","templated":true}]}}