{"id":6098,"date":"2025-06-26T10:53:11","date_gmt":"2025-06-26T08:53:11","guid":{"rendered":"https:\/\/ofertacular.com\/index.php\/producto\/monix-pelador\/"},"modified":"2025-06-26T10:53:11","modified_gmt":"2025-06-26T08:53:11","slug":"monix-pelador","status":"publish","type":"product","link":"https:\/\/ofertacular.com\/index.php\/producto\/monix-pelador\/","title":{"rendered":"MONIX Pelador"},"content":{"rendered":"<div class=\"oferta-container\">\n<p>\ud83d\udfe5 <b>ES UN CHOLL\u00d3N<\/b> \ud83d\udfe5 #Publicidad #Amazon #16<\/p>\n<p>\ud83d\udd34 <b>Pelador Monix <\/b><\/p>\n<p>\u2705 <b>AHORA 4.8 \u20ac<\/b> \u2714\ufe0f\ud83d\udfe1<\/p>\n<p>\u274c Antes 6.45 \u20ac<\/p>\n<p>\ud83d\uded2: <a href=\"https:\/\/btz.es\/4PnzyGY\" target=\"_blank\" rel=\"nofollow noopener\">https:\/\/btz.es\/4PnzyGY<\/a><\/p>\n<p>Descubre el Pelador Monix, la herramienta perfecta para facilitar la preparaci\u00f3n de tus recetas diarias. Este pelador de alta calidad est\u00e1 dise\u00f1ado para ofrecer un desempe\u00f1o superior en la cocina, permiti\u00e9ndote pelar frutas y verduras con rapidez y precisi\u00f3n. Su hoja afilada y resistente garantiza un corte eficiente, mientras que su dise\u00f1o ergon\u00f3mico proporciona comodidad y seguridad durante su uso, minimizando el riesgo de accidentes. Fabricado con materiales duraderos, el Pelador Monix es una inversi\u00f3n que acompa\u00f1ar\u00e1 tu cocina por muchos a\u00f1os.<\/p>\n<p>Gracias a su tama\u00f1o compacto y peso ligero, es ideal para el uso diario y se adapta perfectamente a la mano, lo que facilita su manejo incluso en espacios reducidos. Adem\u00e1s, su capacidad para pelar de manera uniforme ayuda a conservar la mayor parte del alimento, evitando desperdicios innecesarios.<\/p>\n<p>Si buscas un accesorio pr\u00e1ctico y confiable para tu cocina, el Pelador Monix es la elecci\u00f3n adecuada. Es perfecto tanto para cocineros profesionales como para amateurs que valoran la eficiencia y la calidad en sus utensilios de cocina. Compatible con todo tipo de frutas y verduras, desde manzanas hasta zanahorias, este pelador se convertir\u00e1 en un elemento esencial en tu proceso culinario.<\/p>\n<p>No esperes m\u00e1s y mejora tu experiencia en la cocina con el Pelador Monix, el complemento ideal para preparar tus platillos favoritos de manera r\u00e1pida y sencilla. Con este utensilio, pelar ser\u00e1 una tarea simple y agradable, permiti\u00e9ndote disfrutar m\u00e1s de cada momento en la cocina.<\/p>\n<\/p><\/div>\n","protected":false},"excerpt":{"rendered":"<p>\ud83d\udfe5 ES UN CHOLL\u00d3N \ud83d\udfe5 #Publicidad #Amazon #16 \ud83d\udd34 Pelador Monix \u2705 AHORA 4.8 \u20ac \u2714\ufe0f\ud83d\udfe1 \u274c Antes 6.45 \u20ac \ud83d\uded2: https:\/\/btz.es\/4PnzyGY Descubre el Pelador Monix, la herramienta perfecta para facilitar la preparaci\u00f3n de tus recetas diarias. Este pelador de alta calidad est\u00e1 dise\u00f1ado para ofrecer un desempe\u00f1o superior en la cocina, permiti\u00e9ndote pelar frutas [&hellip;]<\/p>\n","protected":false},"featured_media":6097,"template":"","meta":{"_gspb_post_css":""},"store":[],"product_brand":[],"product_cat":[16],"product_tag":[],"class_list":{"0":"post-6098","1":"product","2":"type-product","3":"status-publish","4":"has-post-thumbnail","6":"product_cat-sin-categorizar","8":"first","9":"instock","10":"sale","11":"shipping-taxable","12":"product-type-external"},"jetpack_sharing_enabled":true,"_links":{"self":[{"href":"https:\/\/ofertacular.com\/index.php\/wp-json\/wp\/v2\/product\/6098","targetHints":{"allow":["GET"]}}],"collection":[{"href":"https:\/\/ofertacular.com\/index.php\/wp-json\/wp\/v2\/product"}],"about":[{"href":"https:\/\/ofertacular.com\/index.php\/wp-json\/wp\/v2\/types\/product"}],"wp:featuredmedia":[{"embeddable":true,"href":"https:\/\/ofertacular.com\/index.php\/wp-json\/wp\/v2\/media\/6097"}],"wp:attachment":[{"href":"https:\/\/ofertacular.com\/index.php\/wp-json\/wp\/v2\/media?parent=6098"}],"wp:term":[{"taxonomy":"store","embeddable":true,"href":"https:\/\/ofertacular.com\/index.php\/wp-json\/wp\/v2\/store?post=6098"},{"taxonomy":"product_brand","embeddable":true,"href":"https:\/\/ofertacular.com\/index.php\/wp-json\/wp\/v2\/product_brand?post=6098"},{"taxonomy":"product_cat","embeddable":true,"href":"https:\/\/ofertacular.com\/index.php\/wp-json\/wp\/v2\/product_cat?post=6098"},{"taxonomy":"product_tag","embeddable":true,"href":"https:\/\/ofertacular.com\/index.php\/wp-json\/wp\/v2\/product_tag?post=6098"}],"curies":[{"name":"wp","href":"https:\/\/api.w.org\/{rel}","templated":true}]}}