{"id":6104,"date":"2025-06-26T11:04:05","date_gmt":"2025-06-26T09:04:05","guid":{"rendered":"https:\/\/ofertacular.com\/index.php\/producto\/1005006847202047\/"},"modified":"2025-06-26T11:04:05","modified_gmt":"2025-06-26T09:04:05","slug":"1005006847202047","status":"publish","type":"product","link":"https:\/\/ofertacular.com\/index.php\/producto\/1005006847202047\/","title":{"rendered":"Cintur\u00f3n de cuero"},"content":{"rendered":"<div class=\"oferta-container\">\n<p>\ud83d\udfe5 <b>\u00a1S\u00d3LO HOY!<\/b> \ud83d\udfe5 #Publicidad #Amazon #<\/p>\n<p>\ud83d\udd34 <b>Cintur\u00f3n cuero <\/b><\/p>\n<p>\u2705 <b>AHORA 3.79\u20ac \u20ac<\/b> \u2714\ufe0f\ud83d\udfe1<\/p>\n<p>\u274c Antes 18.34 \u20ac<\/p>\n<p>\ud83d\uded2: <a href=\"https:\/\/btz.es\/4Pn2ibM\" target=\"_blank\" rel=\"nofollow noopener\">https:\/\/btz.es\/4Pn2ibM<\/a><\/p>\n<p>Descubre nuestro exclusivo cintur\u00f3n de cuero, un accesorio imprescindible que combina elegancia y durabilidad. Fabricado con cuero genuino de alta calidad, este cintur\u00f3n ofrece una resistencia superior y un estilo atemporal que realza cualquier atuendo, desde casual hasta formal. Su dise\u00f1o vers\u00e1til y acabado impecable aseguran que sea la elecci\u00f3n perfecta para complementar tus jeans favoritos, pantalones de vestir o incluso trajes de oficina.<\/p>\n<p>Con una hebilla de metal robusta y dise\u00f1o ergon\u00f3mico, nuestro cintur\u00f3n de cuero proporciona un ajuste c\u00f3modo y seguro durante todo el d\u00eda. Adem\u00e1s, su textura suave y acabado natural lo convierten en un producto que mejora con el tiempo, adquiriendo una p\u00e1tina \u00fanica y atractiva con el uso continuado.<\/p>\n<p>Ideal para hombres y mujeres que buscan un accesorio de moda duradero, este cintur\u00f3n est\u00e1 disponible en varias tallas y colores cl\u00e1sicos como negro, marr\u00f3n y camel, facilitando la combinaci\u00f3n con diferentes estilos y prendas. Ya sea para un look formal, una salida casual o un evento especial, nuestro cintur\u00f3n de cuero es el complemento perfecto que a\u00f1ade personalidad y distinci\u00f3n a tu atuendo.<\/p>\n<p>No comprometas la calidad ni el estilo; elige nuestro cintur\u00f3n de cuero para destacar con elegancia en cualquier ocasi\u00f3n. A\u00f1\u00e1delo ahora a tu carrito y disfruta de la comodidad y sofisticaci\u00f3n que solo un cintur\u00f3n de cuero premium puede ofrecer.<\/p>\n<\/p><\/div>\n","protected":false},"excerpt":{"rendered":"<p>\ud83d\udfe5 \u00a1S\u00d3LO HOY! \ud83d\udfe5 #Publicidad #Amazon # \ud83d\udd34 Cintur\u00f3n cuero \u2705 AHORA 3.79\u20ac \u20ac \u2714\ufe0f\ud83d\udfe1 \u274c Antes 18.34 \u20ac \ud83d\uded2: https:\/\/btz.es\/4Pn2ibM Descubre nuestro exclusivo cintur\u00f3n de cuero, un accesorio imprescindible que combina elegancia y durabilidad. Fabricado con cuero genuino de alta calidad, este cintur\u00f3n ofrece una resistencia superior y un estilo atemporal que realza cualquier [&hellip;]<\/p>\n","protected":false},"featured_media":6103,"template":"","meta":{"_gspb_post_css":""},"store":[],"product_brand":[],"product_cat":[16],"product_tag":[],"class_list":{"0":"post-6104","1":"product","2":"type-product","3":"status-publish","4":"has-post-thumbnail","6":"product_cat-sin-categorizar","8":"first","9":"instock","10":"shipping-taxable","11":"product-type-external"},"jetpack_sharing_enabled":true,"_links":{"self":[{"href":"https:\/\/ofertacular.com\/index.php\/wp-json\/wp\/v2\/product\/6104","targetHints":{"allow":["GET"]}}],"collection":[{"href":"https:\/\/ofertacular.com\/index.php\/wp-json\/wp\/v2\/product"}],"about":[{"href":"https:\/\/ofertacular.com\/index.php\/wp-json\/wp\/v2\/types\/product"}],"wp:featuredmedia":[{"embeddable":true,"href":"https:\/\/ofertacular.com\/index.php\/wp-json\/wp\/v2\/media\/6103"}],"wp:attachment":[{"href":"https:\/\/ofertacular.com\/index.php\/wp-json\/wp\/v2\/media?parent=6104"}],"wp:term":[{"taxonomy":"store","embeddable":true,"href":"https:\/\/ofertacular.com\/index.php\/wp-json\/wp\/v2\/store?post=6104"},{"taxonomy":"product_brand","embeddable":true,"href":"https:\/\/ofertacular.com\/index.php\/wp-json\/wp\/v2\/product_brand?post=6104"},{"taxonomy":"product_cat","embeddable":true,"href":"https:\/\/ofertacular.com\/index.php\/wp-json\/wp\/v2\/product_cat?post=6104"},{"taxonomy":"product_tag","embeddable":true,"href":"https:\/\/ofertacular.com\/index.php\/wp-json\/wp\/v2\/product_tag?post=6104"}],"curies":[{"name":"wp","href":"https:\/\/api.w.org\/{rel}","templated":true}]}}