{"id":6106,"date":"2025-06-26T11:08:05","date_gmt":"2025-06-26T09:08:05","guid":{"rendered":"https:\/\/ofertacular.com\/index.php\/producto\/1005007490041223\/"},"modified":"2025-06-26T11:08:05","modified_gmt":"2025-06-26T09:08:05","slug":"1005007490041223","status":"publish","type":"product","link":"https:\/\/ofertacular.com\/index.php\/producto\/1005007490041223\/","title":{"rendered":"Gafas Vintage"},"content":{"rendered":"<div class=\"oferta-container\">\n<p>\ud83d\udfe5 <b>EXCLUSIVO<\/b> \ud83d\udfe5 #Publicidad #Amazon #<\/p>\n<p>\ud83d\udd34 <b>Gafas Vintage <\/b><\/p>\n<p>\u2705 <b>AHORA 1.83\u20ac \u20ac<\/b> \u2714\ufe0f\ud83d\udfe1<\/p>\n<p>\u274c Antes 6.15 \u20ac<\/p>\n<p>\ud83d\uded2: <a href=\"https:\/\/btz.es\/4Pn3iOS\" target=\"_blank\" rel=\"nofollow noopener\">https:\/\/btz.es\/4Pn3iOS<\/a><\/p>\n<p>Descubre nuestra exclusiva colecci\u00f3n de Gafas Vintage, dise\u00f1adas para quienes buscan un estilo \u00fanico y atemporal. Estas gafas combinan la elegancia cl\u00e1sica con la comodidad moderna, perfectas para complementar cualquier atuendo y proteger tus ojos con estilo. Fabricadas con materiales de alta calidad, ofrecen durabilidad y un ajuste perfecto para todo tipo de rostro. Nuestra selecci\u00f3n incluye diferentes modelos y colores que se adaptan a tus preferencias personales, desde monturas redondas hasta dise\u00f1os m\u00e1s angulares y audaces. Aprovecha nuestra oferta especial y dale a tu look un toque retro que nunca pasa de moda. Ideales para uso diario, fotogr\u00e1ficas y ocasiones especiales, estas gafas tambi\u00e9n cuentan con lentes UV que garantizan la protecci\u00f3n \u00f3ptima contra los rayos solares. No pierdas la oportunidad de lucir sofisticado y aut\u00e9ntico con nuestras Gafas Vintage, el accesorio indispensable para esta temporada. Compra ahora y disfruta de una pieza cl\u00e1sica con la mejor calidad y el mejor dise\u00f1o al mejor precio.<\/p>\n<\/p><\/div>\n","protected":false},"excerpt":{"rendered":"<p>\ud83d\udfe5 EXCLUSIVO \ud83d\udfe5 #Publicidad #Amazon # \ud83d\udd34 Gafas Vintage \u2705 AHORA 1.83\u20ac \u20ac \u2714\ufe0f\ud83d\udfe1 \u274c Antes 6.15 \u20ac \ud83d\uded2: https:\/\/btz.es\/4Pn3iOS Descubre nuestra exclusiva colecci\u00f3n de Gafas Vintage, dise\u00f1adas para quienes buscan un estilo \u00fanico y atemporal. Estas gafas combinan la elegancia cl\u00e1sica con la comodidad moderna, perfectas para complementar cualquier atuendo y proteger tus ojos [&hellip;]<\/p>\n","protected":false},"featured_media":6105,"template":"","meta":{"_gspb_post_css":""},"store":[],"product_brand":[],"product_cat":[16],"product_tag":[],"class_list":{"0":"post-6106","1":"product","2":"type-product","3":"status-publish","4":"has-post-thumbnail","6":"product_cat-sin-categorizar","8":"first","9":"instock","10":"shipping-taxable","11":"product-type-external"},"jetpack_sharing_enabled":true,"_links":{"self":[{"href":"https:\/\/ofertacular.com\/index.php\/wp-json\/wp\/v2\/product\/6106","targetHints":{"allow":["GET"]}}],"collection":[{"href":"https:\/\/ofertacular.com\/index.php\/wp-json\/wp\/v2\/product"}],"about":[{"href":"https:\/\/ofertacular.com\/index.php\/wp-json\/wp\/v2\/types\/product"}],"wp:featuredmedia":[{"embeddable":true,"href":"https:\/\/ofertacular.com\/index.php\/wp-json\/wp\/v2\/media\/6105"}],"wp:attachment":[{"href":"https:\/\/ofertacular.com\/index.php\/wp-json\/wp\/v2\/media?parent=6106"}],"wp:term":[{"taxonomy":"store","embeddable":true,"href":"https:\/\/ofertacular.com\/index.php\/wp-json\/wp\/v2\/store?post=6106"},{"taxonomy":"product_brand","embeddable":true,"href":"https:\/\/ofertacular.com\/index.php\/wp-json\/wp\/v2\/product_brand?post=6106"},{"taxonomy":"product_cat","embeddable":true,"href":"https:\/\/ofertacular.com\/index.php\/wp-json\/wp\/v2\/product_cat?post=6106"},{"taxonomy":"product_tag","embeddable":true,"href":"https:\/\/ofertacular.com\/index.php\/wp-json\/wp\/v2\/product_tag?post=6106"}],"curies":[{"name":"wp","href":"https:\/\/api.w.org\/{rel}","templated":true}]}}