{"id":6108,"date":"2025-06-26T11:13:51","date_gmt":"2025-06-26T09:13:51","guid":{"rendered":"https:\/\/ofertacular.com\/index.php\/producto\/adidas-hoops-5\/"},"modified":"2025-06-26T11:13:51","modified_gmt":"2025-06-26T09:13:51","slug":"adidas-hoops-5","status":"publish","type":"product","link":"https:\/\/ofertacular.com\/index.php\/producto\/adidas-hoops-5\/","title":{"rendered":"adidas Hoops"},"content":{"rendered":"<div class=\"oferta-container\">\n<p>\ud83d\udfe5 <b>GRAN OFERTA<\/b> \ud83d\udfe5 #Publicidad #Amazon #16<\/p>\n<p>\ud83d\udd34 <b>Zapatillas adidas <\/b><\/p>\n<p>\u2705 <b>AHORA 21.99 \u20ac<\/b> \u2714\ufe0f\ud83d\udfe1<\/p>\n<p>\u274c Antes 40.00 \u20ac<\/p>\n<p>\ud83d\uded2: <a href=\"https:\/\/btz.es\/4Pn4Bdo\" target=\"_blank\" rel=\"nofollow noopener\">https:\/\/btz.es\/4Pn4Bdo<\/a><\/p>\n<p>Descubre las Zapatillas adidas Hoops, dise\u00f1adas para ofrecer un estilo urbano y deportivo con la calidad inigualable de la marca adidas. Estas zapatillas son perfectas tanto para tus entrenamientos diarios como para complementar tu outfit casual con un toque moderno y fresco.<\/p>\n<p>Caracter\u00edsticas principales:<br \/>\n&#8211; Dise\u00f1o vers\u00e1til y contempor\u00e1neo, que se adapta a cualquier ocasi\u00f3n.<br \/>\n&#8211; Materiales duraderos y c\u00f3modos que garantizan un ajuste perfecto.<br \/>\n&#8211; Suela de goma que proporciona tracci\u00f3n y estabilidad en cada paso.<br \/>\n&#8211; Tecnolog\u00eda avanzada en la amortiguaci\u00f3n para m\u00e1ximo confort.<\/p>\n<p>Las Zapatillas adidas Hoops combinan perfectamente funcionalidad y moda, siendo una elecci\u00f3n ideal para aquellos que buscan rendimiento sin sacrificar estilo. Su estructura ligera permite movilidad fluida, mientras que el dise\u00f1o elegante hace que destaques en la calle o en la cancha.<\/p>\n<p>Ideal para deportes urbanos, paseos casuales o actividades diarias, estas zapatillas se integran perfectamente en cualquier armario, ofreciendo versatilidad y calidad.<\/p>\n<p>No pierdas la oportunidad de mejorar tu colecci\u00f3n de calzado con un par que refleje autenticidad, comodidad y la esencia de adidas. \u00a1Haz tus Zapatillas adidas Hoops parte de tu estilo hoy mismo!<\/p>\n<\/p><\/div>\n","protected":false},"excerpt":{"rendered":"<p>\ud83d\udfe5 GRAN OFERTA \ud83d\udfe5 #Publicidad #Amazon #16 \ud83d\udd34 Zapatillas adidas \u2705 AHORA 21.99 \u20ac \u2714\ufe0f\ud83d\udfe1 \u274c Antes 40.00 \u20ac \ud83d\uded2: https:\/\/btz.es\/4Pn4Bdo Descubre las Zapatillas adidas Hoops, dise\u00f1adas para ofrecer un estilo urbano y deportivo con la calidad inigualable de la marca adidas. Estas zapatillas son perfectas tanto para tus entrenamientos diarios como para complementar tu [&hellip;]<\/p>\n","protected":false},"featured_media":6107,"template":"","meta":{"_gspb_post_css":""},"store":[],"product_brand":[],"product_cat":[16],"product_tag":[],"class_list":{"0":"post-6108","1":"product","2":"type-product","3":"status-publish","4":"has-post-thumbnail","6":"product_cat-sin-categorizar","8":"first","9":"instock","10":"sale","11":"shipping-taxable","12":"product-type-external"},"jetpack_sharing_enabled":true,"_links":{"self":[{"href":"https:\/\/ofertacular.com\/index.php\/wp-json\/wp\/v2\/product\/6108","targetHints":{"allow":["GET"]}}],"collection":[{"href":"https:\/\/ofertacular.com\/index.php\/wp-json\/wp\/v2\/product"}],"about":[{"href":"https:\/\/ofertacular.com\/index.php\/wp-json\/wp\/v2\/types\/product"}],"wp:featuredmedia":[{"embeddable":true,"href":"https:\/\/ofertacular.com\/index.php\/wp-json\/wp\/v2\/media\/6107"}],"wp:attachment":[{"href":"https:\/\/ofertacular.com\/index.php\/wp-json\/wp\/v2\/media?parent=6108"}],"wp:term":[{"taxonomy":"store","embeddable":true,"href":"https:\/\/ofertacular.com\/index.php\/wp-json\/wp\/v2\/store?post=6108"},{"taxonomy":"product_brand","embeddable":true,"href":"https:\/\/ofertacular.com\/index.php\/wp-json\/wp\/v2\/product_brand?post=6108"},{"taxonomy":"product_cat","embeddable":true,"href":"https:\/\/ofertacular.com\/index.php\/wp-json\/wp\/v2\/product_cat?post=6108"},{"taxonomy":"product_tag","embeddable":true,"href":"https:\/\/ofertacular.com\/index.php\/wp-json\/wp\/v2\/product_tag?post=6108"}],"curies":[{"name":"wp","href":"https:\/\/api.w.org\/{rel}","templated":true}]}}