{"id":6110,"date":"2025-06-26T13:58:29","date_gmt":"2025-06-26T11:58:29","guid":{"rendered":"https:\/\/ofertacular.com\/index.php\/producto\/citadelle-ginebra\/"},"modified":"2025-06-26T13:58:29","modified_gmt":"2025-06-26T11:58:29","slug":"citadelle-ginebra","status":"publish","type":"product","link":"https:\/\/ofertacular.com\/index.php\/producto\/citadelle-ginebra\/","title":{"rendered":"Citadelle Ginebra"},"content":{"rendered":"<div class=\"oferta-container\">\n<p>\ud83d\udfe5 <b>DATE PRISA<\/b> \ud83d\udfe5 #Publicidad #Amazon #16<\/p>\n<p>\ud83d\udd34 <b>Ginebra Premium <\/b><\/p>\n<p>\u2705 <b>AHORA 14.51 \u20ac<\/b> \u2714\ufe0f\ud83d\udfe1<\/p>\n<p>\u274c Antes 28.35 \u20ac<\/p>\n<p>\ud83d\uded2: <a href=\"https:\/\/btz.es\/4PokcJS\" target=\"_blank\" rel=\"nofollow noopener\">https:\/\/btz.es\/4PokcJS<\/a><\/p>\n<p>Descubre la excelencia en destilaci\u00f3n con Citadelle Ginebra, una exquisita ginebra artesanal que redefine el mundo de los destilados premium. Elaborada con una mezcla cuidadosamente seleccionada de 19 bot\u00e1nicos naturales, Citadelle Ginebra ofrece una experiencia sensorial \u00fanica, combinando notas frescas, florales y especiadas que cautivan desde el primer sorbo. Ideal para los amantes de la cocteler\u00eda, esta ginebra destaca por su equilibrio perfecto y versatilidad, haciendo de cada c\u00f3ctel una obra maestra. Con una graduaci\u00f3n alcoh\u00f3lica del 44%, Citadelle Ginebra mantiene un car\u00e1cter robusto pero suave, que se adapta tanto para disfrutarla sola, con hielo o como base para tus mezclas favoritas. Su proceso de destilaci\u00f3n tradicional en alambiques de cobre refleja la artesan\u00eda y pasi\u00f3n detr\u00e1s de cada botella, garantizando una calidad premium en cada gota. La presentaci\u00f3n elegante del envase la convierte en el regalo ideal para aficionados y profesionales del sector. Ya sea en una reuni\u00f3n social, una celebraci\u00f3n especial o un momento de relax, Citadelle Ginebra es la elecci\u00f3n perfecta para quienes buscan sofisticaci\u00f3n y autenticidad en cada trago. Explora nuevas combinaciones y deja que Citadelle Ginebra te acompa\u00f1e en tus mejores momentos con su sabor inigualable y su car\u00e1cter distintivo.<\/p>\n<\/p><\/div>\n","protected":false},"excerpt":{"rendered":"<p>\ud83d\udfe5 DATE PRISA \ud83d\udfe5 #Publicidad #Amazon #16 \ud83d\udd34 Ginebra Premium \u2705 AHORA 14.51 \u20ac \u2714\ufe0f\ud83d\udfe1 \u274c Antes 28.35 \u20ac \ud83d\uded2: https:\/\/btz.es\/4PokcJS Descubre la excelencia en destilaci\u00f3n con Citadelle Ginebra, una exquisita ginebra artesanal que redefine el mundo de los destilados premium. Elaborada con una mezcla cuidadosamente seleccionada de 19 bot\u00e1nicos naturales, Citadelle Ginebra ofrece una [&hellip;]<\/p>\n","protected":false},"featured_media":6109,"template":"","meta":{"_gspb_post_css":""},"store":[],"product_brand":[],"product_cat":[16],"product_tag":[],"class_list":{"0":"post-6110","1":"product","2":"type-product","3":"status-publish","4":"has-post-thumbnail","6":"product_cat-sin-categorizar","8":"first","9":"instock","10":"sale","11":"shipping-taxable","12":"product-type-external"},"jetpack_sharing_enabled":true,"_links":{"self":[{"href":"https:\/\/ofertacular.com\/index.php\/wp-json\/wp\/v2\/product\/6110","targetHints":{"allow":["GET"]}}],"collection":[{"href":"https:\/\/ofertacular.com\/index.php\/wp-json\/wp\/v2\/product"}],"about":[{"href":"https:\/\/ofertacular.com\/index.php\/wp-json\/wp\/v2\/types\/product"}],"wp:featuredmedia":[{"embeddable":true,"href":"https:\/\/ofertacular.com\/index.php\/wp-json\/wp\/v2\/media\/6109"}],"wp:attachment":[{"href":"https:\/\/ofertacular.com\/index.php\/wp-json\/wp\/v2\/media?parent=6110"}],"wp:term":[{"taxonomy":"store","embeddable":true,"href":"https:\/\/ofertacular.com\/index.php\/wp-json\/wp\/v2\/store?post=6110"},{"taxonomy":"product_brand","embeddable":true,"href":"https:\/\/ofertacular.com\/index.php\/wp-json\/wp\/v2\/product_brand?post=6110"},{"taxonomy":"product_cat","embeddable":true,"href":"https:\/\/ofertacular.com\/index.php\/wp-json\/wp\/v2\/product_cat?post=6110"},{"taxonomy":"product_tag","embeddable":true,"href":"https:\/\/ofertacular.com\/index.php\/wp-json\/wp\/v2\/product_tag?post=6110"}],"curies":[{"name":"wp","href":"https:\/\/api.w.org\/{rel}","templated":true}]}}