{"id":6114,"date":"2025-06-26T14:05:46","date_gmt":"2025-06-26T12:05:46","guid":{"rendered":"https:\/\/ofertacular.com\/index.php\/producto\/1005009186408468\/"},"modified":"2025-06-26T14:05:46","modified_gmt":"2025-06-26T12:05:46","slug":"1005009186408468","status":"publish","type":"product","link":"https:\/\/ofertacular.com\/index.php\/producto\/1005009186408468\/","title":{"rendered":"Xiaomi Ventilador"},"content":{"rendered":"<div class=\"oferta-container\">\n<p>\ud83d\udfe5 <b>DATE PRISA<\/b> \ud83d\udfe5 #Publicidad #Amazon #<\/p>\n<p>\ud83d\udd34 <b>Ventilador Xiaomi <\/b><\/p>\n<p>\u2705 <b>AHORA 11.79\u20ac \u20ac<\/b> \u2714\ufe0f\ud83d\udfe1<\/p>\n<p>\u274c Antes  \u20ac<\/p>\n<p>\ud83d\uded2: <a href=\"https:\/\/btz.es\/4PolSwg\" target=\"_blank\" rel=\"nofollow noopener\">https:\/\/btz.es\/4PolSwg<\/a><\/p>\n<p>Descubre el Ventilador Xiaomi, un dispositivo innovador dise\u00f1ado para ofrecerte una experiencia de frescura incomparable en cualquier espacio. Este ventilador no solo proporciona un flujo de aire potente y silencioso, sino que tambi\u00e9n se integra perfectamente en cualquier ambiente gracias a su dise\u00f1o moderno y minimalista. Equipado con tecnolog\u00eda avanzada, el Ventilador Xiaomi cuenta con m\u00faltiples velocidades y modos de funcionamiento que se adaptan a tus necesidades, desde un suave brisa hasta un aire intenso para los d\u00edas m\u00e1s calurosos. La facilidad de uso es otro de sus fuertes, con control remoto y opciones de conectividad inteligente que facilitan su manejo desde cualquier lugar de tu hogar. Adem\u00e1s, su sistema de bajo consumo energ\u00e9tico te permitir\u00e1 mantener un ambiente fresco sin preocuparte por tu factura el\u00e9ctrica. Ideal para habitaciones, oficinas o espacios peque\u00f1os y medianos, este ventilador es una opci\u00f3n pr\u00e1ctica y eficiente que garantiza confort y bienestar durante todo el a\u00f1o. No esperes m\u00e1s para mejorar tu calidad de vida con el Ventilador Xiaomi.<\/p>\n<\/p><\/div>\n","protected":false},"excerpt":{"rendered":"<p>\ud83d\udfe5 DATE PRISA \ud83d\udfe5 #Publicidad #Amazon # \ud83d\udd34 Ventilador Xiaomi \u2705 AHORA 11.79\u20ac \u20ac \u2714\ufe0f\ud83d\udfe1 \u274c Antes \u20ac \ud83d\uded2: https:\/\/btz.es\/4PolSwg Descubre el Ventilador Xiaomi, un dispositivo innovador dise\u00f1ado para ofrecerte una experiencia de frescura incomparable en cualquier espacio. Este ventilador no solo proporciona un flujo de aire potente y silencioso, sino que tambi\u00e9n se integra [&hellip;]<\/p>\n","protected":false},"featured_media":6113,"template":"","meta":{"_gspb_post_css":""},"store":[],"product_brand":[],"product_cat":[16],"product_tag":[],"class_list":{"0":"post-6114","1":"product","2":"type-product","3":"status-publish","4":"has-post-thumbnail","6":"product_cat-sin-categorizar","8":"first","9":"instock","10":"shipping-taxable","11":"product-type-external"},"jetpack_sharing_enabled":true,"_links":{"self":[{"href":"https:\/\/ofertacular.com\/index.php\/wp-json\/wp\/v2\/product\/6114","targetHints":{"allow":["GET"]}}],"collection":[{"href":"https:\/\/ofertacular.com\/index.php\/wp-json\/wp\/v2\/product"}],"about":[{"href":"https:\/\/ofertacular.com\/index.php\/wp-json\/wp\/v2\/types\/product"}],"wp:featuredmedia":[{"embeddable":true,"href":"https:\/\/ofertacular.com\/index.php\/wp-json\/wp\/v2\/media\/6113"}],"wp:attachment":[{"href":"https:\/\/ofertacular.com\/index.php\/wp-json\/wp\/v2\/media?parent=6114"}],"wp:term":[{"taxonomy":"store","embeddable":true,"href":"https:\/\/ofertacular.com\/index.php\/wp-json\/wp\/v2\/store?post=6114"},{"taxonomy":"product_brand","embeddable":true,"href":"https:\/\/ofertacular.com\/index.php\/wp-json\/wp\/v2\/product_brand?post=6114"},{"taxonomy":"product_cat","embeddable":true,"href":"https:\/\/ofertacular.com\/index.php\/wp-json\/wp\/v2\/product_cat?post=6114"},{"taxonomy":"product_tag","embeddable":true,"href":"https:\/\/ofertacular.com\/index.php\/wp-json\/wp\/v2\/product_tag?post=6114"}],"curies":[{"name":"wp","href":"https:\/\/api.w.org\/{rel}","templated":true}]}}