{"id":6122,"date":"2025-06-26T14:25:33","date_gmt":"2025-06-26T12:25:33","guid":{"rendered":"https:\/\/ofertacular.com\/index.php\/producto\/pepe-jeans-6\/"},"modified":"2025-06-26T14:25:33","modified_gmt":"2025-06-26T12:25:33","slug":"pepe-jeans-6","status":"publish","type":"product","link":"https:\/\/ofertacular.com\/index.php\/producto\/pepe-jeans-6\/","title":{"rendered":"Pepe Jeans"},"content":{"rendered":"<div class=\"oferta-container\">\n<p>\ud83d\udfe5 <b>EXCLUSIVO<\/b> \ud83d\udfe5 #Publicidad #Amazon #16<\/p>\n<p>\ud83d\udd34 <b>Moda Jeans <\/b><\/p>\n<p>\u2705 <b>AHORA 24.99 \u20ac<\/b> \u2714\ufe0f\ud83d\udfe1<\/p>\n<p>\u274c Antes 29.99 \u20ac<\/p>\n<p>\ud83d\uded2: <a href=\"https:\/\/btz.es\/4PoqRs0\" target=\"_blank\" rel=\"nofollow noopener\">https:\/\/btz.es\/4PoqRs0<\/a><\/p>\n<p>Descubre la excelencia en moda con Pepe Jeans, una marca reconocida por su innovador dise\u00f1o y calidad inigualable en prendas de vestir. Pepe Jeans ofrece colecciones que combinan estilo contempor\u00e1neo con comodidad, ideal para quienes buscan destacar con un look casual y moderno. Cada prenda est\u00e1 confeccionada con materiales de alta calidad que garantizan durabilidad y un acabado impecable. Desde sus ic\u00f3nicos jeans hasta chaquetas y camisetas, Pepe Jeans presenta opciones vers\u00e1tiles que se adaptan a diversas ocasiones, ya sea para un d\u00eda relajado o una salida nocturna. Adem\u00e1s, la marca se compromete con la sostenibilidad, utilizando procesos responsables que minimizan el impacto ambiental. Al elegir Pepe Jeans, no solo inviertes en moda, sino en un estilo de vida que refleja confianza y autenticidad. Aprovecha las ofertas exclusivas y renueva tu guardarropa con las \u00faltimas tendencias de Pepe Jeans, una marca que entiende las necesidades del consumidor moderno y los valores del dise\u00f1o vanguardista.<\/p>\n<\/p><\/div>\n","protected":false},"excerpt":{"rendered":"<p>\ud83d\udfe5 EXCLUSIVO \ud83d\udfe5 #Publicidad #Amazon #16 \ud83d\udd34 Moda Jeans \u2705 AHORA 24.99 \u20ac \u2714\ufe0f\ud83d\udfe1 \u274c Antes 29.99 \u20ac \ud83d\uded2: https:\/\/btz.es\/4PoqRs0 Descubre la excelencia en moda con Pepe Jeans, una marca reconocida por su innovador dise\u00f1o y calidad inigualable en prendas de vestir. Pepe Jeans ofrece colecciones que combinan estilo contempor\u00e1neo con comodidad, ideal para quienes [&hellip;]<\/p>\n","protected":false},"featured_media":6121,"template":"","meta":{"_gspb_post_css":""},"store":[],"product_brand":[],"product_cat":[16],"product_tag":[],"class_list":{"0":"post-6122","1":"product","2":"type-product","3":"status-publish","4":"has-post-thumbnail","6":"product_cat-sin-categorizar","8":"first","9":"instock","10":"sale","11":"shipping-taxable","12":"product-type-external"},"jetpack_sharing_enabled":true,"_links":{"self":[{"href":"https:\/\/ofertacular.com\/index.php\/wp-json\/wp\/v2\/product\/6122","targetHints":{"allow":["GET"]}}],"collection":[{"href":"https:\/\/ofertacular.com\/index.php\/wp-json\/wp\/v2\/product"}],"about":[{"href":"https:\/\/ofertacular.com\/index.php\/wp-json\/wp\/v2\/types\/product"}],"wp:featuredmedia":[{"embeddable":true,"href":"https:\/\/ofertacular.com\/index.php\/wp-json\/wp\/v2\/media\/6121"}],"wp:attachment":[{"href":"https:\/\/ofertacular.com\/index.php\/wp-json\/wp\/v2\/media?parent=6122"}],"wp:term":[{"taxonomy":"store","embeddable":true,"href":"https:\/\/ofertacular.com\/index.php\/wp-json\/wp\/v2\/store?post=6122"},{"taxonomy":"product_brand","embeddable":true,"href":"https:\/\/ofertacular.com\/index.php\/wp-json\/wp\/v2\/product_brand?post=6122"},{"taxonomy":"product_cat","embeddable":true,"href":"https:\/\/ofertacular.com\/index.php\/wp-json\/wp\/v2\/product_cat?post=6122"},{"taxonomy":"product_tag","embeddable":true,"href":"https:\/\/ofertacular.com\/index.php\/wp-json\/wp\/v2\/product_tag?post=6122"}],"curies":[{"name":"wp","href":"https:\/\/api.w.org\/{rel}","templated":true}]}}