{"id":6142,"date":"2025-06-27T08:44:31","date_gmt":"2025-06-27T06:44:31","guid":{"rendered":"https:\/\/ofertacular.com\/index.php\/producto\/nike-shorts\/"},"modified":"2025-06-27T08:44:31","modified_gmt":"2025-06-27T06:44:31","slug":"nike-shorts","status":"publish","type":"product","link":"https:\/\/ofertacular.com\/index.php\/producto\/nike-shorts\/","title":{"rendered":"Nike Shorts"},"content":{"rendered":"<div class=\"oferta-container\">\n<p>\ud83d\udfe5 <b>DATE PRISA<\/b> \ud83d\udfe5 #Publicidad #Amazon #16<\/p>\n<p>\ud83d\udd34 <b>Shorts deportivos <\/b><\/p>\n<p>\u2705 <b>AHORA 14.95 \u20ac<\/b> \u2714\ufe0f\ud83d\udfe1<\/p>\n<p>\u274c Antes 29.99 \u20ac<\/p>\n<p>\ud83d\uded2: <a href=\"https:\/\/btz.es\/4PsJ6PY\" target=\"_blank\" rel=\"nofollow noopener\">https:\/\/btz.es\/4PsJ6PY<\/a><\/p>\n<p>Descubre los Nike Shorts, la prenda ideal para quienes buscan comodidad y estilo en sus actividades f\u00edsicas y casuales. Estos shorts deportivos de Nike est\u00e1n dise\u00f1ados con materiales de alta calidad que garantizan durabilidad y un excelente rendimiento, proporcionando libertad de movimiento y transpirabilidad para mantenerte fresco durante todo el d\u00eda.<\/p>\n<p>Perfectos para correr, entrenar en el gimnasio o simplemente para un look casual y moderno, los Nike Shorts combinan tecnolog\u00eda avanzada con un dise\u00f1o atractivo que se adapta a tu cuerpo. Su ajuste c\u00f3modo y el\u00e1stico asegura que se mantengan en su lugar sin incomodidades, mientras que los tejidos t\u00e9cnicos facilitan la evacuaci\u00f3n del sudor y permiten una r\u00e1pida absorci\u00f3n de la humedad.<\/p>\n<p>Adem\u00e1s, estos shorts incluyen detalles pr\u00e1cticos como bolsillos discretos para guardar tus objetos personales con seguridad, y dise\u00f1os que reflejan la identidad innovadora y din\u00e1mica de Nike. Disponibles en varias tallas y colores, los Nike Shorts son vers\u00e1tiles y se adaptan a diferentes estilos y preferencias.<\/p>\n<p>No importa si eres un atleta profesional o simplemente alguien que disfruta de un estilo de vida activo, estos shorts son una opci\u00f3n excelente que combina rendimiento, comodidad y moda. Aprovecha la oportunidad de mejorar tu equipamiento deportivo con esta pieza clave del reconocido fabricante Nike, una marca que representa confianza y calidad en el mundo del deporte y la moda urbana.<\/p>\n<p>Palabras clave asociadas: shorts deportivos Nike, shorts Nike hombre, ropa deportiva Nike, shorts transpirables, pantalones cortos deportivos c\u00f3modos, shorts de entrenamiento Nike, moda deportiva masculina, shorts para correr Nike.<\/p>\n<\/p><\/div>\n","protected":false},"excerpt":{"rendered":"<p>\ud83d\udfe5 DATE PRISA \ud83d\udfe5 #Publicidad #Amazon #16 \ud83d\udd34 Shorts deportivos \u2705 AHORA 14.95 \u20ac \u2714\ufe0f\ud83d\udfe1 \u274c Antes 29.99 \u20ac \ud83d\uded2: https:\/\/btz.es\/4PsJ6PY Descubre los Nike Shorts, la prenda ideal para quienes buscan comodidad y estilo en sus actividades f\u00edsicas y casuales. Estos shorts deportivos de Nike est\u00e1n dise\u00f1ados con materiales de alta calidad que garantizan durabilidad [&hellip;]<\/p>\n","protected":false},"featured_media":6141,"template":"","meta":{"_gspb_post_css":""},"store":[],"product_brand":[],"product_cat":[16],"product_tag":[],"class_list":{"0":"post-6142","1":"product","2":"type-product","3":"status-publish","4":"has-post-thumbnail","6":"product_cat-sin-categorizar","8":"first","9":"instock","10":"sale","11":"shipping-taxable","12":"product-type-external"},"jetpack_sharing_enabled":true,"_links":{"self":[{"href":"https:\/\/ofertacular.com\/index.php\/wp-json\/wp\/v2\/product\/6142","targetHints":{"allow":["GET"]}}],"collection":[{"href":"https:\/\/ofertacular.com\/index.php\/wp-json\/wp\/v2\/product"}],"about":[{"href":"https:\/\/ofertacular.com\/index.php\/wp-json\/wp\/v2\/types\/product"}],"wp:featuredmedia":[{"embeddable":true,"href":"https:\/\/ofertacular.com\/index.php\/wp-json\/wp\/v2\/media\/6141"}],"wp:attachment":[{"href":"https:\/\/ofertacular.com\/index.php\/wp-json\/wp\/v2\/media?parent=6142"}],"wp:term":[{"taxonomy":"store","embeddable":true,"href":"https:\/\/ofertacular.com\/index.php\/wp-json\/wp\/v2\/store?post=6142"},{"taxonomy":"product_brand","embeddable":true,"href":"https:\/\/ofertacular.com\/index.php\/wp-json\/wp\/v2\/product_brand?post=6142"},{"taxonomy":"product_cat","embeddable":true,"href":"https:\/\/ofertacular.com\/index.php\/wp-json\/wp\/v2\/product_cat?post=6142"},{"taxonomy":"product_tag","embeddable":true,"href":"https:\/\/ofertacular.com\/index.php\/wp-json\/wp\/v2\/product_tag?post=6142"}],"curies":[{"name":"wp","href":"https:\/\/api.w.org\/{rel}","templated":true}]}}