{"id":6144,"date":"2025-06-27T08:45:40","date_gmt":"2025-06-27T06:45:40","guid":{"rendered":"https:\/\/ofertacular.com\/index.php\/producto\/velilla-bermudas\/"},"modified":"2025-06-27T08:45:40","modified_gmt":"2025-06-27T06:45:40","slug":"velilla-bermudas","status":"publish","type":"product","link":"https:\/\/ofertacular.com\/index.php\/producto\/velilla-bermudas\/","title":{"rendered":"VELILLA Bermudas"},"content":{"rendered":"<div class=\"oferta-container\">\n<p>\ud83d\udfe5 <b>INCRE\u00cdBLE<\/b> \ud83d\udfe5 #Publicidad #Amazon #16<\/p>\n<p>\ud83d\udd34 <b>Bermudas Hombre <\/b><\/p>\n<p>\u2705 <b>AHORA 8.79 \u20ac<\/b> \u2714\ufe0f\ud83d\udfe1<\/p>\n<p>\u274c Antes 15.95 \u20ac<\/p>\n<p>\ud83d\uded2: <a href=\"https:\/\/btz.es\/4PsJOMt\" target=\"_blank\" rel=\"nofollow noopener\">https:\/\/btz.es\/4PsJOMt<\/a><\/p>\n<p>Descubre la comodidad y estilo insuperable de las Bermudas para hombre de la marca VELILLA. Perfectas para el verano, estas bermudas combinan a la perfecci\u00f3n funcionalidad y dise\u00f1o, ideales para quienes buscan prendas vers\u00e1tiles que se adapten a cualquier ocasi\u00f3n casual o de trabajo. Fabricadas con materiales de alta calidad, ofrecen durabilidad, comodidad y una excelente transpirabilidad, manteni\u00e9ndote fresco durante los d\u00edas m\u00e1s c\u00e1lidos.<\/p>\n<p>Las Bermudas VELILLA est\u00e1n dise\u00f1adas con detalles pr\u00e1cticos como bolsillos reforzados y costuras resistentes, asegurando un producto fiable y duradero. Adem\u00e1s, su corte moderno y casual permite combinarlas f\u00e1cilmente con diferentes estilos, desde camisetas b\u00e1sicas hasta camisas m\u00e1s formales. Estas bermudas son una excelente opci\u00f3n para quienes valoran la calidad y el estilo sin renunciar a la funcionalidad.<\/p>\n<p>Con un enfoque en la calidad y el confort, VELILLA se posiciona como una marca l\u00edder en prendas resistentes y adaptadas a las necesidades del hombre activo. Estas bermudas son ideales para actividades al aire libre, trabajo ligero o simplemente para disfrutar de un d\u00eda relajado. Aprovecha esta oferta para renovar tu guardarropa con una prenda esencial que no puede faltar en tu colecci\u00f3n de verano.<\/p>\n<\/p><\/div>\n","protected":false},"excerpt":{"rendered":"<p>\ud83d\udfe5 INCRE\u00cdBLE \ud83d\udfe5 #Publicidad #Amazon #16 \ud83d\udd34 Bermudas Hombre \u2705 AHORA 8.79 \u20ac \u2714\ufe0f\ud83d\udfe1 \u274c Antes 15.95 \u20ac \ud83d\uded2: https:\/\/btz.es\/4PsJOMt Descubre la comodidad y estilo insuperable de las Bermudas para hombre de la marca VELILLA. Perfectas para el verano, estas bermudas combinan a la perfecci\u00f3n funcionalidad y dise\u00f1o, ideales para quienes buscan prendas vers\u00e1tiles que [&hellip;]<\/p>\n","protected":false},"featured_media":6143,"template":"","meta":{"_gspb_post_css":""},"store":[],"product_brand":[],"product_cat":[16],"product_tag":[],"class_list":{"0":"post-6144","1":"product","2":"type-product","3":"status-publish","4":"has-post-thumbnail","6":"product_cat-sin-categorizar","8":"first","9":"instock","10":"sale","11":"shipping-taxable","12":"product-type-external"},"jetpack_sharing_enabled":true,"_links":{"self":[{"href":"https:\/\/ofertacular.com\/index.php\/wp-json\/wp\/v2\/product\/6144","targetHints":{"allow":["GET"]}}],"collection":[{"href":"https:\/\/ofertacular.com\/index.php\/wp-json\/wp\/v2\/product"}],"about":[{"href":"https:\/\/ofertacular.com\/index.php\/wp-json\/wp\/v2\/types\/product"}],"wp:featuredmedia":[{"embeddable":true,"href":"https:\/\/ofertacular.com\/index.php\/wp-json\/wp\/v2\/media\/6143"}],"wp:attachment":[{"href":"https:\/\/ofertacular.com\/index.php\/wp-json\/wp\/v2\/media?parent=6144"}],"wp:term":[{"taxonomy":"store","embeddable":true,"href":"https:\/\/ofertacular.com\/index.php\/wp-json\/wp\/v2\/store?post=6144"},{"taxonomy":"product_brand","embeddable":true,"href":"https:\/\/ofertacular.com\/index.php\/wp-json\/wp\/v2\/product_brand?post=6144"},{"taxonomy":"product_cat","embeddable":true,"href":"https:\/\/ofertacular.com\/index.php\/wp-json\/wp\/v2\/product_cat?post=6144"},{"taxonomy":"product_tag","embeddable":true,"href":"https:\/\/ofertacular.com\/index.php\/wp-json\/wp\/v2\/product_tag?post=6144"}],"curies":[{"name":"wp","href":"https:\/\/api.w.org\/{rel}","templated":true}]}}