{"id":6148,"date":"2025-06-27T09:13:23","date_gmt":"2025-06-27T07:13:23","guid":{"rendered":"https:\/\/ofertacular.com\/index.php\/producto\/1005007316255875\/"},"modified":"2025-06-27T09:13:23","modified_gmt":"2025-06-27T07:13:23","slug":"1005007316255875","status":"publish","type":"product","link":"https:\/\/ofertacular.com\/index.php\/producto\/1005007316255875\/","title":{"rendered":"Nintendo Switch"},"content":{"rendered":"<div class=\"oferta-container\">\n<p>\ud83d\udfe5 <b>SUPER OFERTA<\/b> \ud83d\udfe5 #Publicidad #Amazon #<\/p>\n<p>\ud83d\udd34 <b>Consola Switch <\/b><\/p>\n<p>\u2705 <b>AHORA 226.40\u20ac \u20ac<\/b> \u2714\ufe0f\ud83d\udfe1<\/p>\n<p>\u274c Antes 787.45 \u20ac<\/p>\n<p>\ud83d\uded2: <a href=\"https:\/\/btz.es\/4PsQNx0\" target=\"_blank\" rel=\"nofollow noopener\">https:\/\/btz.es\/4PsQNx0<\/a><\/p>\n<p>Descubre la consola Nintendo Switch, el dispositivo de entretenimiento de \u00faltima generaci\u00f3n que combina la diversi\u00f3n de jugar en casa con la libertad de jugar en cualquier lugar. Gracias a su innovador dise\u00f1o h\u00edbrido, esta consola port\u00e1til y de sobremesa te permite disfrutar de tus juegos favoritos tanto en modo port\u00e1til como conectado a la televisi\u00f3n. La Nintendo Switch destaca por su versatilidad, calidad gr\u00e1fica y una impresionante biblioteca de t\u00edtulos exclusivos, desde aventuras \u00e9picas hasta emocionantes juegos multijugador. Ya seas un jugador casual o un entusiasta, la Switch ofrece una experiencia din\u00e1mica e inmersiva con controles intuitivos y funciones sociales integradas, como el modo cooperativo y el acceso a la eShop para descargar nuevos juegos y contenido adicional. Adem\u00e1s, su bater\u00eda de larga duraci\u00f3n, junto con accesorios oficiales como los Joy-Con, mejoran a\u00fan m\u00e1s tu experiencia de juego. Consigue la Nintendo Switch y experimenta una nueva era del juego con la posibilidad de jugar donde quieras y con quien quieras, haciendo de cada partida un momento inolvidable.<\/p>\n<\/p><\/div>\n","protected":false},"excerpt":{"rendered":"<p>\ud83d\udfe5 SUPER OFERTA \ud83d\udfe5 #Publicidad #Amazon # \ud83d\udd34 Consola Switch \u2705 AHORA 226.40\u20ac \u20ac \u2714\ufe0f\ud83d\udfe1 \u274c Antes 787.45 \u20ac \ud83d\uded2: https:\/\/btz.es\/4PsQNx0 Descubre la consola Nintendo Switch, el dispositivo de entretenimiento de \u00faltima generaci\u00f3n que combina la diversi\u00f3n de jugar en casa con la libertad de jugar en cualquier lugar. Gracias a su innovador dise\u00f1o h\u00edbrido, [&hellip;]<\/p>\n","protected":false},"featured_media":6147,"template":"","meta":{"_gspb_post_css":""},"store":[],"product_brand":[],"product_cat":[16],"product_tag":[],"class_list":{"0":"post-6148","1":"product","2":"type-product","3":"status-publish","4":"has-post-thumbnail","6":"product_cat-sin-categorizar","8":"first","9":"instock","10":"shipping-taxable","11":"product-type-external"},"jetpack_sharing_enabled":true,"_links":{"self":[{"href":"https:\/\/ofertacular.com\/index.php\/wp-json\/wp\/v2\/product\/6148","targetHints":{"allow":["GET"]}}],"collection":[{"href":"https:\/\/ofertacular.com\/index.php\/wp-json\/wp\/v2\/product"}],"about":[{"href":"https:\/\/ofertacular.com\/index.php\/wp-json\/wp\/v2\/types\/product"}],"wp:featuredmedia":[{"embeddable":true,"href":"https:\/\/ofertacular.com\/index.php\/wp-json\/wp\/v2\/media\/6147"}],"wp:attachment":[{"href":"https:\/\/ofertacular.com\/index.php\/wp-json\/wp\/v2\/media?parent=6148"}],"wp:term":[{"taxonomy":"store","embeddable":true,"href":"https:\/\/ofertacular.com\/index.php\/wp-json\/wp\/v2\/store?post=6148"},{"taxonomy":"product_brand","embeddable":true,"href":"https:\/\/ofertacular.com\/index.php\/wp-json\/wp\/v2\/product_brand?post=6148"},{"taxonomy":"product_cat","embeddable":true,"href":"https:\/\/ofertacular.com\/index.php\/wp-json\/wp\/v2\/product_cat?post=6148"},{"taxonomy":"product_tag","embeddable":true,"href":"https:\/\/ofertacular.com\/index.php\/wp-json\/wp\/v2\/product_tag?post=6148"}],"curies":[{"name":"wp","href":"https:\/\/api.w.org\/{rel}","templated":true}]}}