{"id":6150,"date":"2025-06-27T09:17:24","date_gmt":"2025-06-27T07:17:24","guid":{"rendered":"https:\/\/ofertacular.com\/index.php\/producto\/growlithe-figure\/"},"modified":"2025-06-27T09:17:24","modified_gmt":"2025-06-27T07:17:24","slug":"growlithe-figure","status":"publish","type":"product","link":"https:\/\/ofertacular.com\/index.php\/producto\/growlithe-figure\/","title":{"rendered":"Growlithe Figure"},"content":{"rendered":"<div class=\"oferta-container\">\ud83d\udfea <b>FUNKO PRECIO<\/b> \ud83d\udfea #Publicidad #Amazon<\/p>\n<p>\ud83d\udfe3 <b> Funko POP! Pok\u00e9mon: Growlithe Growlithe Toy<\/b> <\/p>\n<p>\u2705 <b>AHORA 6.95 \u20ac<\/b> \u2714\ufe0f\ud83d\udfe1<br \/>\n\u274c Antes 16.00 \u20ac \u20ac <\/p>\n<p>\ud83d\uded2: https:\/\/btz.es\/4PsRNNG\ud83d\udfe2 <\/p>\n<p>Ofertacular.com<\/p>\n<p>Descubre la figura de vinilo Funko POP! de Growlithe, el ic\u00f3nico Pok\u00e9mon de tipo fuego, ideal para los coleccionistas y fans de Pok\u00e9mon. Esta figura de alta calidad captura la esencia y detalles \u00fanicos de Growlithe, perfecta para exhibir en tu colecci\u00f3n o como regalo especial. A\u00f1ade un toque \u00fanico y vibrante a tu espacio con este juguete coleccionable oficial y disfruta de la mejor experiencia de fandom con Funko POP! Pok\u00e9mon.<\/p>\n<\/div>\n","protected":false},"excerpt":{"rendered":"<p>\ud83d\udfea FUNKO PRECIO \ud83d\udfea #Publicidad #Amazon \ud83d\udfe3 Funko POP! Pok\u00e9mon: Growlithe Growlithe Toy \u2705 AHORA 6.95 \u20ac \u2714\ufe0f\ud83d\udfe1 \u274c Antes 16.00 \u20ac \u20ac \ud83d\uded2: https:\/\/btz.es\/4PsRNNG\ud83d\udfe2 Ofertacular.com Descubre la figura de vinilo Funko POP! de Growlithe, el ic\u00f3nico Pok\u00e9mon de tipo fuego, ideal para los coleccionistas y fans de Pok\u00e9mon. Esta figura de alta calidad captura [&hellip;]<\/p>\n","protected":false},"featured_media":6149,"template":"","meta":{"_gspb_post_css":""},"store":[],"product_brand":[],"product_cat":[16],"product_tag":[],"class_list":{"0":"post-6150","1":"product","2":"type-product","3":"status-publish","4":"has-post-thumbnail","6":"product_cat-sin-categorizar","8":"first","9":"instock","10":"sale","11":"shipping-taxable","12":"product-type-external"},"jetpack_sharing_enabled":true,"_links":{"self":[{"href":"https:\/\/ofertacular.com\/index.php\/wp-json\/wp\/v2\/product\/6150","targetHints":{"allow":["GET"]}}],"collection":[{"href":"https:\/\/ofertacular.com\/index.php\/wp-json\/wp\/v2\/product"}],"about":[{"href":"https:\/\/ofertacular.com\/index.php\/wp-json\/wp\/v2\/types\/product"}],"wp:featuredmedia":[{"embeddable":true,"href":"https:\/\/ofertacular.com\/index.php\/wp-json\/wp\/v2\/media\/6149"}],"wp:attachment":[{"href":"https:\/\/ofertacular.com\/index.php\/wp-json\/wp\/v2\/media?parent=6150"}],"wp:term":[{"taxonomy":"store","embeddable":true,"href":"https:\/\/ofertacular.com\/index.php\/wp-json\/wp\/v2\/store?post=6150"},{"taxonomy":"product_brand","embeddable":true,"href":"https:\/\/ofertacular.com\/index.php\/wp-json\/wp\/v2\/product_brand?post=6150"},{"taxonomy":"product_cat","embeddable":true,"href":"https:\/\/ofertacular.com\/index.php\/wp-json\/wp\/v2\/product_cat?post=6150"},{"taxonomy":"product_tag","embeddable":true,"href":"https:\/\/ofertacular.com\/index.php\/wp-json\/wp\/v2\/product_tag?post=6150"}],"curies":[{"name":"wp","href":"https:\/\/api.w.org\/{rel}","templated":true}]}}