{"id":6152,"date":"2025-06-27T09:21:35","date_gmt":"2025-06-27T07:21:35","guid":{"rendered":"https:\/\/ofertacular.com\/index.php\/producto\/nike-sneaker\/"},"modified":"2025-06-27T09:21:35","modified_gmt":"2025-06-27T07:21:35","slug":"nike-sneaker","status":"publish","type":"product","link":"https:\/\/ofertacular.com\/index.php\/producto\/nike-sneaker\/","title":{"rendered":"Nike Sneaker"},"content":{"rendered":"<div class=\"oferta-container\">\n<p>\ud83d\udfe5 <b>\u00a1DESCUENTO \u00daNICO!<\/b> \ud83d\udfe5 #Publicidad #Amazon #16<\/p>\n<p>\ud83d\udd34 <b>Sneakers Nike <\/b><\/p>\n<p>\u2705 <b>AHORA 31.95 \u20ac<\/b> \u2714\ufe0f\ud83d\udfe1<\/p>\n<p>\u274c Antes 64.99 \u20ac<\/p>\n<p>\ud83d\uded2: <a href=\"https:\/\/btz.es\/4PsSR8Q\" target=\"_blank\" rel=\"nofollow noopener\">https:\/\/btz.es\/4PsSR8Q<\/a><\/p>\n<p>Las Sneakers Nike representan la combinaci\u00f3n perfecta de estilo, comodidad y rendimiento. Dise\u00f1adas para quienes buscan excelencia en cada paso, estas zapatillas se destacan por su tecnolog\u00eda avanzada y un dise\u00f1o moderno que se adapta tanto a actividades deportivas como a la vida diaria.<\/p>\n<p>Fabricadas con materiales de alta calidad, las Sneakers Nike ofrecen una durabilidad excepcional y un ajuste preciso que garantiza estabilidad y confort durante todo el d\u00eda. La amortiguaci\u00f3n innovadora protege tus pies de impactos, mientras que la suela antideslizante proporciona un agarre superior en diversas superficies, ideal para correr, entrenar o simplemente caminar con seguridad.<\/p>\n<p>Adem\u00e1s, Nike ha incorporado tecnolog\u00edas como la malla transpirable que mejora la ventilaci\u00f3n, manteniendo tus pies frescos y secos incluso en los momentos m\u00e1s intensos. Su dise\u00f1o ergon\u00f3mico favorece la flexibilidad natural del pie, potenciando el rendimiento y reduciendo la fatiga.<\/p>\n<p>Disponibles en m\u00faltiples colores y estilos, las Sneakers Nike permiten expresar tu personalidad sin sacrificar funcionalidad. Son la elecci\u00f3n preferida de atletas profesionales y aficionados gracias a su prestigio y confianza en la marca.<\/p>\n<p>Si buscas zapatillas que combinen moda y funcionalidad, las Sneakers Nike son la opci\u00f3n perfecta para ti. Mejoran tu rendimiento deportivo y te ofrecen un look contempor\u00e1neo que no pasa desapercibido. Aprovecha esta oportunidad para renovar tu calzado con calidad y estilo, y experimenta la comodidad que solo Nike puede ofrecer.<\/p>\n<\/p><\/div>\n","protected":false},"excerpt":{"rendered":"<p>\ud83d\udfe5 \u00a1DESCUENTO \u00daNICO! \ud83d\udfe5 #Publicidad #Amazon #16 \ud83d\udd34 Sneakers Nike \u2705 AHORA 31.95 \u20ac \u2714\ufe0f\ud83d\udfe1 \u274c Antes 64.99 \u20ac \ud83d\uded2: https:\/\/btz.es\/4PsSR8Q Las Sneakers Nike representan la combinaci\u00f3n perfecta de estilo, comodidad y rendimiento. Dise\u00f1adas para quienes buscan excelencia en cada paso, estas zapatillas se destacan por su tecnolog\u00eda avanzada y un dise\u00f1o moderno que se [&hellip;]<\/p>\n","protected":false},"featured_media":6151,"template":"","meta":{"_gspb_post_css":""},"store":[],"product_brand":[],"product_cat":[16],"product_tag":[],"class_list":{"0":"post-6152","1":"product","2":"type-product","3":"status-publish","4":"has-post-thumbnail","6":"product_cat-sin-categorizar","8":"first","9":"instock","10":"sale","11":"shipping-taxable","12":"product-type-external"},"jetpack_sharing_enabled":true,"_links":{"self":[{"href":"https:\/\/ofertacular.com\/index.php\/wp-json\/wp\/v2\/product\/6152","targetHints":{"allow":["GET"]}}],"collection":[{"href":"https:\/\/ofertacular.com\/index.php\/wp-json\/wp\/v2\/product"}],"about":[{"href":"https:\/\/ofertacular.com\/index.php\/wp-json\/wp\/v2\/types\/product"}],"wp:featuredmedia":[{"embeddable":true,"href":"https:\/\/ofertacular.com\/index.php\/wp-json\/wp\/v2\/media\/6151"}],"wp:attachment":[{"href":"https:\/\/ofertacular.com\/index.php\/wp-json\/wp\/v2\/media?parent=6152"}],"wp:term":[{"taxonomy":"store","embeddable":true,"href":"https:\/\/ofertacular.com\/index.php\/wp-json\/wp\/v2\/store?post=6152"},{"taxonomy":"product_brand","embeddable":true,"href":"https:\/\/ofertacular.com\/index.php\/wp-json\/wp\/v2\/product_brand?post=6152"},{"taxonomy":"product_cat","embeddable":true,"href":"https:\/\/ofertacular.com\/index.php\/wp-json\/wp\/v2\/product_cat?post=6152"},{"taxonomy":"product_tag","embeddable":true,"href":"https:\/\/ofertacular.com\/index.php\/wp-json\/wp\/v2\/product_tag?post=6152"}],"curies":[{"name":"wp","href":"https:\/\/api.w.org\/{rel}","templated":true}]}}