{"id":6166,"date":"2025-06-27T10:23:59","date_gmt":"2025-06-27T08:23:59","guid":{"rendered":"https:\/\/ofertacular.com\/index.php\/producto\/levis-camisa\/"},"modified":"2025-06-27T10:23:59","modified_gmt":"2025-06-27T08:23:59","slug":"levis-camisa","status":"publish","type":"product","link":"https:\/\/ofertacular.com\/index.php\/producto\/levis-camisa\/","title":{"rendered":"Levi&#8217;s Camisa"},"content":{"rendered":"<div class=\"oferta-container\">\n<p>\ud83d\udfe5 <b>DESCUENTO<\/b> \ud83d\udfe5 #Publicidad #Amazon #16<\/p>\n<p>\ud83d\udd34 <b>Camisa Levi&#8217;s <\/b><\/p>\n<p>\u2705 <b>AHORA 28.99 \u20ac<\/b> \u2714\ufe0f\ud83d\udfe1<\/p>\n<p>\u274c Antes 60.00 \u20ac<\/p>\n<p>\ud83d\uded2: <a href=\"https:\/\/btz.es\/4Pti9w9\" target=\"_blank\" rel=\"nofollow noopener\">https:\/\/btz.es\/4Pti9w9<\/a><\/p>\n<p>Descubre la aut\u00e9ntica calidad y estilo con la camisa Levi&#8217;s, una prenda imprescindible para cualquier armario moderno. Esta camisa combina dise\u00f1o cl\u00e1sico con la durabilidad que caracteriza a la prestigiosa marca Levi&#8217;s, ideal tanto para un look casual como para ocasiones m\u00e1s formales. Fabricada con materiales de alta calidad, la camisa Levi&#8217;s ofrece comodidad y resistencia al desgaste, asegurando una longevidad excepcional.<\/p>\n<p>El dise\u00f1o de esta camisa Levi&#8217;s se basa en cortes modernos y detalles distintivos que marcan la diferencia, como botones firmes, costuras reforzadas y el ic\u00f3nico logo de Levi&#8217;s perfectamente bordado. Disponible en varias tallas y colores, esta camisa se adapta a diferentes gustos y estilos personales, convirti\u00e9ndola en una opci\u00f3n vers\u00e1til para cualquier guardarropa masculino o femenino.<\/p>\n<p>Adem\u00e1s, la camisa Levi&#8217;s es f\u00e1cil de combinar con vaqueros, pantalones chinos o incluso faldas, permiti\u00e9ndote crear looks variados y siempre a la moda. Su tejido transpirable y suave al tacto garantiza una sensaci\u00f3n agradable durante todo el d\u00eda, mientras que su dise\u00f1o atemporal asegura que nunca pase de moda.<\/p>\n<p>Ideal para quienes valoran la moda sostenible, Levi&#8217;s se compromete con procesos responsables en la fabricaci\u00f3n de esta camisa, utilizando algodones org\u00e1nicos y t\u00e9cnicas que minimizan el impacto ambiental. De este modo, comprar una camisa Levi&#8217;s no solo es una elecci\u00f3n estil\u00edstica, sino tambi\u00e9n una decisi\u00f3n consciente.<\/p>\n<p>No pierdas la oportunidad de renovar tu vestuario con esta camisa Levi&#8217;s que fusiona estilo, confort y responsabilidad ambiental. Perfecta para llevar en el d\u00eda a d\u00eda o para eventos especiales, esta prenda ser\u00e1 sin duda un protagonista en tu colecci\u00f3n de ropa. Disfruta de la confianza que brinda vestir una camisa Levi&#8217;s y destaca entre la multitud con un look aut\u00e9ntico y sofisticado.<\/p>\n<\/p><\/div>\n","protected":false},"excerpt":{"rendered":"<p>\ud83d\udfe5 DESCUENTO \ud83d\udfe5 #Publicidad #Amazon #16 \ud83d\udd34 Camisa Levi&#8217;s \u2705 AHORA 28.99 \u20ac \u2714\ufe0f\ud83d\udfe1 \u274c Antes 60.00 \u20ac \ud83d\uded2: https:\/\/btz.es\/4Pti9w9 Descubre la aut\u00e9ntica calidad y estilo con la camisa Levi&#8217;s, una prenda imprescindible para cualquier armario moderno. Esta camisa combina dise\u00f1o cl\u00e1sico con la durabilidad que caracteriza a la prestigiosa marca Levi&#8217;s, ideal tanto para [&hellip;]<\/p>\n","protected":false},"featured_media":6165,"template":"","meta":{"_gspb_post_css":""},"store":[],"product_brand":[],"product_cat":[16],"product_tag":[],"class_list":{"0":"post-6166","1":"product","2":"type-product","3":"status-publish","4":"has-post-thumbnail","6":"product_cat-sin-categorizar","8":"first","9":"instock","10":"sale","11":"shipping-taxable","12":"product-type-external"},"jetpack_sharing_enabled":true,"_links":{"self":[{"href":"https:\/\/ofertacular.com\/index.php\/wp-json\/wp\/v2\/product\/6166","targetHints":{"allow":["GET"]}}],"collection":[{"href":"https:\/\/ofertacular.com\/index.php\/wp-json\/wp\/v2\/product"}],"about":[{"href":"https:\/\/ofertacular.com\/index.php\/wp-json\/wp\/v2\/types\/product"}],"wp:featuredmedia":[{"embeddable":true,"href":"https:\/\/ofertacular.com\/index.php\/wp-json\/wp\/v2\/media\/6165"}],"wp:attachment":[{"href":"https:\/\/ofertacular.com\/index.php\/wp-json\/wp\/v2\/media?parent=6166"}],"wp:term":[{"taxonomy":"store","embeddable":true,"href":"https:\/\/ofertacular.com\/index.php\/wp-json\/wp\/v2\/store?post=6166"},{"taxonomy":"product_brand","embeddable":true,"href":"https:\/\/ofertacular.com\/index.php\/wp-json\/wp\/v2\/product_brand?post=6166"},{"taxonomy":"product_cat","embeddable":true,"href":"https:\/\/ofertacular.com\/index.php\/wp-json\/wp\/v2\/product_cat?post=6166"},{"taxonomy":"product_tag","embeddable":true,"href":"https:\/\/ofertacular.com\/index.php\/wp-json\/wp\/v2\/product_tag?post=6166"}],"curies":[{"name":"wp","href":"https:\/\/api.w.org\/{rel}","templated":true}]}}