{"id":6180,"date":"2025-06-27T10:49:31","date_gmt":"2025-06-27T08:49:31","guid":{"rendered":"https:\/\/ofertacular.com\/index.php\/producto\/1005007677390812\/"},"modified":"2025-06-27T10:49:31","modified_gmt":"2025-06-27T08:49:31","slug":"1005007677390812","status":"publish","type":"product","link":"https:\/\/ofertacular.com\/index.php\/producto\/1005007677390812\/","title":{"rendered":"NIVEA MEN"},"content":{"rendered":"<div class=\"oferta-container\">\n<p>\ud83d\udfe5 <b>\u00a1S\u00d3LO HOY!<\/b> \ud83d\udfe5 #Publicidad #Amazon #<\/p>\n<p>\ud83d\udd34 <b>Pack Afeitado NIVEA MEN<\/b><\/p>\n<p>\u2705 <b>AHORA 12.08 \u20ac<\/b> \u2714\ufe0f\ud83d\udfe1<\/p>\n<p>\u274c Antes 20.64 \u20ac<\/p>\n<p>\ud83c\udf9f Cup\u00f3n MIES153<\/p>\n<p>\ud83d\uded2: <a href=\"https:\/\/btz.es\/4PtoZFV\" target=\"_blank\" rel=\"nofollow noopener\">https:\/\/btz.es\/4PtoZFV<\/a><\/p>\n<p>El Pack de Afeitado Sensible de NIVEA MEN est\u00e1 dise\u00f1ado especialmente para hombres que buscan una experiencia de afeitado suave y confortable. Este kit incluye todo lo que necesitas para un afeitado perfecto: una crema de afeitar suave, un b\u00e1lsamo post-afeitado y un gel limpiador facial. Cada uno de estos productos est\u00e1 formulado con ingredientes de alta calidad que ayudan a proteger y cuidar la piel sensible, reduciendo la irritaci\u00f3n y dejando una sensaci\u00f3n de frescura.<\/p>\n<p>La crema de afeitar ayuda a preparar la piel, proporcionando una capa protectora que permite que la cuchilla se deslice f\u00e1cilmente, evitando cortes y rasgu\u00f1os. Su textura rica y cremosa facilita un afeitado limpio y apurado. Adem\u00e1s, contiene ingredientes hidratantes que nutren la piel mientras te afeitas, garantizando que no solo obtengas un buen resultado, sino que tambi\u00e9n cuides tu dermis.<\/p>\n<p>Despu\u00e9s de afeitarte, es crucial utilizar un buen b\u00e1lsamo. El b\u00e1lsamo post-afeitado NIVEA MEN calma la piel irritada y roja, aliviando cualquier sensaci\u00f3n de ardor. Con su f\u00f3rmula sin alcohol, este b\u00e1lsamo es ideal para aquellos con piel sensible, ya que no contiene ingredientes que puedan causar m\u00e1s irritaci\u00f3n. Adem\u00e1s, su r\u00e1pida absorci\u00f3n y efecto hidratante dejar\u00e1n tu piel suave y flexible, prepar\u00e1ndola para el resto del d\u00eda.<\/p>\n<p>Por \u00faltimo, el gel limpiador facial elimina impurezas y exceso de grasa, asegurando que tu piel est\u00e9 limpia y lista para el afeitado. Su formulaci\u00f3n suave respeta el equilibrio natural de la piel, lo que lo convierte en un complemento perfecto para tu rutina diaria de cuidado. Este pak es esencial para hombres que desean tomarse en serio el cuidado de su piel, garantizando que se sientan frescos y seguros durante todo el d\u00eda.<\/p>\n<p>Todo el Pack de Afeitado Sensible de NIVEA MEN est\u00e1 dise\u00f1ado para complementar el estilo de vida masculino moderno. No importa qu\u00e9 tan ajetreados est\u00e9n tus d\u00edas, este kit te proporciona las herramientas que necesitas para mantener tu apariencia impecable. Con un uso regular, tus sesiones de afeitado ser\u00e1n no solo m\u00e1s efectivas, sino tambi\u00e9n m\u00e1s agradables, gracias a la calidad de los productos que contiene. No hay que sacrificar la comodidad por un buen afeitado; con NIVEA MEN, puedes tener ambas. Dale a tu rutina de cuidado personal un impulso con este completo pack, y si\u00e9ntete confiado y listo para enfrentar cualquier reto. \u00a1No esperes m\u00e1s para llevar tu afeitado al siguiente nivel!<\/p>\n<\/p><\/div>\n","protected":false},"excerpt":{"rendered":"<p>\ud83d\udfe5 \u00a1S\u00d3LO HOY! \ud83d\udfe5 #Publicidad #Amazon # \ud83d\udd34 Pack Afeitado NIVEA MEN \u2705 AHORA 12.08 \u20ac \u2714\ufe0f\ud83d\udfe1 \u274c Antes 20.64 \u20ac \ud83c\udf9f Cup\u00f3n MIES153 \ud83d\uded2: https:\/\/btz.es\/4PtoZFV El Pack de Afeitado Sensible de NIVEA MEN est\u00e1 dise\u00f1ado especialmente para hombres que buscan una experiencia de afeitado suave y confortable. Este kit incluye todo lo que necesitas [&hellip;]<\/p>\n","protected":false},"featured_media":6179,"template":"","meta":{"_gspb_post_css":""},"store":[],"product_brand":[],"product_cat":[16],"product_tag":[],"class_list":{"0":"post-6180","1":"product","2":"type-product","3":"status-publish","4":"has-post-thumbnail","6":"product_cat-sin-categorizar","8":"first","9":"instock","10":"sale","11":"shipping-taxable","12":"product-type-external"},"jetpack_sharing_enabled":true,"_links":{"self":[{"href":"https:\/\/ofertacular.com\/index.php\/wp-json\/wp\/v2\/product\/6180","targetHints":{"allow":["GET"]}}],"collection":[{"href":"https:\/\/ofertacular.com\/index.php\/wp-json\/wp\/v2\/product"}],"about":[{"href":"https:\/\/ofertacular.com\/index.php\/wp-json\/wp\/v2\/types\/product"}],"wp:featuredmedia":[{"embeddable":true,"href":"https:\/\/ofertacular.com\/index.php\/wp-json\/wp\/v2\/media\/6179"}],"wp:attachment":[{"href":"https:\/\/ofertacular.com\/index.php\/wp-json\/wp\/v2\/media?parent=6180"}],"wp:term":[{"taxonomy":"store","embeddable":true,"href":"https:\/\/ofertacular.com\/index.php\/wp-json\/wp\/v2\/store?post=6180"},{"taxonomy":"product_brand","embeddable":true,"href":"https:\/\/ofertacular.com\/index.php\/wp-json\/wp\/v2\/product_brand?post=6180"},{"taxonomy":"product_cat","embeddable":true,"href":"https:\/\/ofertacular.com\/index.php\/wp-json\/wp\/v2\/product_cat?post=6180"},{"taxonomy":"product_tag","embeddable":true,"href":"https:\/\/ofertacular.com\/index.php\/wp-json\/wp\/v2\/product_tag?post=6180"}],"curies":[{"name":"wp","href":"https:\/\/api.w.org\/{rel}","templated":true}]}}