{"id":6196,"date":"2025-06-27T11:30:51","date_gmt":"2025-06-27T09:30:51","guid":{"rendered":"https:\/\/ofertacular.com\/index.php\/producto\/nike-downshifter-sneakers\/"},"modified":"2025-06-27T11:30:51","modified_gmt":"2025-06-27T09:30:51","slug":"nike-downshifter-sneakers","status":"publish","type":"product","link":"https:\/\/ofertacular.com\/index.php\/producto\/nike-downshifter-sneakers\/","title":{"rendered":"Nike Downshifter Sneakers"},"content":{"rendered":"<div class=\"oferta-container\">\n<p>\ud83d\udfe5 <b>DATE PRISA<\/b> \ud83d\udfe5 #Publicidad #Amazon #16<\/p>\n<p>\ud83d\udd34 <b>Sneakers Nike <\/b><\/p>\n<p>\u2705 <b>AHORA 49.13 \u20ac<\/b> \u2714\ufe0f\ud83d\udfe1<\/p>\n<p>\u274c Antes 69.99 \u20ac<\/p>\n<p>\ud83d\uded2: <a href=\"https:\/\/btz.es\/4PtzyYD\" target=\"_blank\" rel=\"nofollow noopener\">https:\/\/btz.es\/4PtzyYD<\/a><\/p>\n<p>Descubre las Nike Downshifter, las zapatillas deportivas dise\u00f1adas para ofrecerte confort y rendimiento en cada paso. Estas sneakers combinan un estilo moderno con la tecnolog\u00eda avanzada de Nike para proporcionar una experiencia de running y uso diario inigualable. Ideales para corredores principiantes y expertos, estas zapatillas cuentan con una suela de espuma din\u00e1mica que amortigua cada impacto, reduciendo la fatiga y mejorando la estabilidad. El upper est\u00e1 confeccionado con materiales transpirables que mantienen tus pies frescos y secos durante toda la jornada, mientras que el dise\u00f1o ergon\u00f3mico se adapta perfectamente a la forma del pie para un ajuste seguro y c\u00f3modo. Perfectas para entrenamientos, caminatas o simplemente para complementar un look casual deportivo, las Nike Downshifter ofrecen versatilidad y durabilidad. No solo destacan por su funcionalidad, sino tambi\u00e9n por su atractivo est\u00e9tico, con una gama de colores que se ajusta a todos los gustos y estilos. Comprar estas sneakers Nike significa invertir en calidad, innovaci\u00f3n y estilo. Mejora tu rendimiento y camina con confianza en cada paso con las Nike Downshifter.<\/p>\n<\/p><\/div>\n","protected":false},"excerpt":{"rendered":"<p>\ud83d\udfe5 DATE PRISA \ud83d\udfe5 #Publicidad #Amazon #16 \ud83d\udd34 Sneakers Nike \u2705 AHORA 49.13 \u20ac \u2714\ufe0f\ud83d\udfe1 \u274c Antes 69.99 \u20ac \ud83d\uded2: https:\/\/btz.es\/4PtzyYD Descubre las Nike Downshifter, las zapatillas deportivas dise\u00f1adas para ofrecerte confort y rendimiento en cada paso. Estas sneakers combinan un estilo moderno con la tecnolog\u00eda avanzada de Nike para proporcionar una experiencia de running [&hellip;]<\/p>\n","protected":false},"featured_media":6195,"template":"","meta":{"_gspb_post_css":""},"store":[],"product_brand":[],"product_cat":[16],"product_tag":[],"class_list":{"0":"post-6196","1":"product","2":"type-product","3":"status-publish","4":"has-post-thumbnail","6":"product_cat-sin-categorizar","8":"first","9":"instock","10":"sale","11":"shipping-taxable","12":"product-type-external"},"jetpack_sharing_enabled":true,"_links":{"self":[{"href":"https:\/\/ofertacular.com\/index.php\/wp-json\/wp\/v2\/product\/6196","targetHints":{"allow":["GET"]}}],"collection":[{"href":"https:\/\/ofertacular.com\/index.php\/wp-json\/wp\/v2\/product"}],"about":[{"href":"https:\/\/ofertacular.com\/index.php\/wp-json\/wp\/v2\/types\/product"}],"wp:featuredmedia":[{"embeddable":true,"href":"https:\/\/ofertacular.com\/index.php\/wp-json\/wp\/v2\/media\/6195"}],"wp:attachment":[{"href":"https:\/\/ofertacular.com\/index.php\/wp-json\/wp\/v2\/media?parent=6196"}],"wp:term":[{"taxonomy":"store","embeddable":true,"href":"https:\/\/ofertacular.com\/index.php\/wp-json\/wp\/v2\/store?post=6196"},{"taxonomy":"product_brand","embeddable":true,"href":"https:\/\/ofertacular.com\/index.php\/wp-json\/wp\/v2\/product_brand?post=6196"},{"taxonomy":"product_cat","embeddable":true,"href":"https:\/\/ofertacular.com\/index.php\/wp-json\/wp\/v2\/product_cat?post=6196"},{"taxonomy":"product_tag","embeddable":true,"href":"https:\/\/ofertacular.com\/index.php\/wp-json\/wp\/v2\/product_tag?post=6196"}],"curies":[{"name":"wp","href":"https:\/\/api.w.org\/{rel}","templated":true}]}}