{"id":6214,"date":"2025-06-30T10:41:16","date_gmt":"2025-06-30T08:41:16","guid":{"rendered":"https:\/\/ofertacular.com\/index.php\/producto\/nike-airmax-3\/"},"modified":"2025-06-30T10:41:16","modified_gmt":"2025-06-30T08:41:16","slug":"nike-airmax-3","status":"publish","type":"product","link":"https:\/\/ofertacular.com\/index.php\/producto\/nike-airmax-3\/","title":{"rendered":"Nike Airmax"},"content":{"rendered":"<div class=\"oferta-container\">\n<p>\ud83d\udfe5 <b>DESCUENTO<\/b> \ud83d\udfe5 #Publicidad #Amazon #16<\/p>\n<p>\ud83d\udd34 <b>Airmax Nike <\/b><\/p>\n<p>\u2705 <b>AHORA 44.99 \u20ac<\/b> \u2714\ufe0f\ud83d\udfe1<\/p>\n<p>\u274c Antes 89.99 \u20ac<\/p>\n<p>\ud83d\uded2: <a href=\"https:\/\/btz.es\/4PAK5bG\" target=\"_blank\" rel=\"nofollow noopener\">https:\/\/btz.es\/4PAK5bG<\/a><\/p>\n<p>Descubre las Nike Airmax, unas zapatillas ic\u00f3nicas que combinan innovaci\u00f3n, estilo y comodidad para todos los amantes del deporte y la moda urbana. Dise\u00f1adas por Nike, estas zapatillas ofrecen una amortiguaci\u00f3n superior gracias a su tecnolog\u00eda Air Max, que absorbe el impacto en cada paso, proporcionando una experiencia de uso ligera y confortable incluso durante largas jornadas de actividad f\u00edsica. Ideales para running, entrenamiento o uso casual, las Nike Airmax destacan por su dise\u00f1o moderno, vers\u00e1til y aerodin\u00e1mico que se adapta a cualquier look, desde ropa deportiva hasta outfit casual o streetwear. Su suela de goma antideslizante garantiza estabilidad y tracci\u00f3n \u00f3ptima en diversas superficies, mientras que su parte superior fabricada con materiales transpirables permite una ventilaci\u00f3n adecuada, manteniendo tus pies frescos y secos durante todo el d\u00eda. Las Nike Airmax no solo son un referente en el rendimiento deportivo, sino tambi\u00e9n en el \u00e1mbito de la moda, convirti\u00e9ndose en un elemento esencial para quienes buscan combinar funcionalidad y estilo. Disponibles en una amplia variedad de colores y tallas, estas zapatillas se personalizan f\u00e1cilmente a tu gusto para reflejar tu personalidad y energ\u00eda. Adem\u00e1s, su durabilidad y resistencia aseguran que tus Nike Airmax te acompa\u00f1ar\u00e1n en numerosos entrenamientos y aventuras urbanas sin perder su forma ni rendimiento. No esperes m\u00e1s para experimentar la fusi\u00f3n perfecta entre tecnolog\u00eda avanzada y dise\u00f1o atractivo con las Nike Airmax. \u00a1Hazte con las tuyas y potencia cada paso con la calidad inconfundible de Nike!<\/p>\n<\/p><\/div>\n","protected":false},"excerpt":{"rendered":"<p>\ud83d\udfe5 DESCUENTO \ud83d\udfe5 #Publicidad #Amazon #16 \ud83d\udd34 Airmax Nike \u2705 AHORA 44.99 \u20ac \u2714\ufe0f\ud83d\udfe1 \u274c Antes 89.99 \u20ac \ud83d\uded2: https:\/\/btz.es\/4PAK5bG Descubre las Nike Airmax, unas zapatillas ic\u00f3nicas que combinan innovaci\u00f3n, estilo y comodidad para todos los amantes del deporte y la moda urbana. Dise\u00f1adas por Nike, estas zapatillas ofrecen una amortiguaci\u00f3n superior gracias a su [&hellip;]<\/p>\n","protected":false},"featured_media":6213,"template":"","meta":{"_gspb_post_css":""},"store":[],"product_brand":[],"product_cat":[16],"product_tag":[],"class_list":{"0":"post-6214","1":"product","2":"type-product","3":"status-publish","4":"has-post-thumbnail","6":"product_cat-sin-categorizar","8":"first","9":"instock","10":"sale","11":"shipping-taxable","12":"product-type-external"},"jetpack_sharing_enabled":true,"_links":{"self":[{"href":"https:\/\/ofertacular.com\/index.php\/wp-json\/wp\/v2\/product\/6214","targetHints":{"allow":["GET"]}}],"collection":[{"href":"https:\/\/ofertacular.com\/index.php\/wp-json\/wp\/v2\/product"}],"about":[{"href":"https:\/\/ofertacular.com\/index.php\/wp-json\/wp\/v2\/types\/product"}],"wp:featuredmedia":[{"embeddable":true,"href":"https:\/\/ofertacular.com\/index.php\/wp-json\/wp\/v2\/media\/6213"}],"wp:attachment":[{"href":"https:\/\/ofertacular.com\/index.php\/wp-json\/wp\/v2\/media?parent=6214"}],"wp:term":[{"taxonomy":"store","embeddable":true,"href":"https:\/\/ofertacular.com\/index.php\/wp-json\/wp\/v2\/store?post=6214"},{"taxonomy":"product_brand","embeddable":true,"href":"https:\/\/ofertacular.com\/index.php\/wp-json\/wp\/v2\/product_brand?post=6214"},{"taxonomy":"product_cat","embeddable":true,"href":"https:\/\/ofertacular.com\/index.php\/wp-json\/wp\/v2\/product_cat?post=6214"},{"taxonomy":"product_tag","embeddable":true,"href":"https:\/\/ofertacular.com\/index.php\/wp-json\/wp\/v2\/product_tag?post=6214"}],"curies":[{"name":"wp","href":"https:\/\/api.w.org\/{rel}","templated":true}]}}