{"id":6222,"date":"2025-06-30T11:41:52","date_gmt":"2025-06-30T09:41:52","guid":{"rendered":"https:\/\/ofertacular.com\/index.php\/producto\/levis-taper-3\/"},"modified":"2025-06-30T11:41:52","modified_gmt":"2025-06-30T09:41:52","slug":"levis-taper-3","status":"publish","type":"product","link":"https:\/\/ofertacular.com\/index.php\/producto\/levis-taper-3\/","title":{"rendered":"Levi&#8217;s Taper"},"content":{"rendered":"<div class=\"oferta-container\">\n<p>\ud83d\udfe5 <b>\u00a1GANGAZO!<\/b> \ud83d\udfe5 #Publicidad #Amazon #16<\/p>\n<p>\ud83d\udd34 <b>Jeans Taper <\/b><\/p>\n<p>\u2705 <b>AHORA 49.26 \u20ac<\/b> \u2714\ufe0f\ud83d\udfe1<\/p>\n<p>\u274c Antes 130.00 \u20ac<\/p>\n<p>\ud83d\uded2: <a href=\"https:\/\/btz.es\/4PAZKHr\" target=\"_blank\" rel=\"nofollow noopener\">https:\/\/btz.es\/4PAZKHr<\/a><\/p>\n<p>Descubre los jeans Levi&#8217;s Taper, la mezcla perfecta entre estilo moderno y comodidad cl\u00e1sica. Dise\u00f1ados para quienes buscan un ajuste entallado sin perder libertad de movimiento, estos pantalones son ideales para el hombre actual que valora la calidad y el dise\u00f1o ic\u00f3nico. Fabricados con denim de alta calidad, los Levi&#8217;s Taper combinan durabilidad con un acabado elegante que resalta en cualquier ocasi\u00f3n, desde un d\u00eda casual hasta una salida nocturna.<\/p>\n<p>El corte taperizado ofrece una silueta contempor\u00e1nea que se estrecha hacia el tobillo, proporcionando un look estilizado y vers\u00e1til. Este dise\u00f1o favorece diferentes tipos de cuerpo, ajust\u00e1ndose c\u00f3modamente en la cintura y caderas mientras ofrece mayor movilidad en las piernas.<\/p>\n<p>Adem\u00e1s, estos jeans presentan detalles cl\u00e1sicos de Levi&#8217;s, como sus costuras reforzadas, bolsillos traseros con el emblem\u00e1tico parchado rojo y una etiqueta que certifica su autenticidad. Su color \u00edndigo intenso es f\u00e1cil de combinar y mantiene su tonalidad despu\u00e9s de m\u00faltiples lavadas gracias al tratamiento especial del tejido.<\/p>\n<p>Aprovecha la oportunidad de renovar tu guardarropa con estos Levi&#8217;s Taper, que adem\u00e1s est\u00e1n disponibles en una amplia variedad de tallas para adaptarse a tus necesidades espec\u00edficas. Elige calidad, estilo y confort en una sola prenda que marcar\u00e1 la diferencia en tu armario.<\/p>\n<\/p><\/div>\n","protected":false},"excerpt":{"rendered":"<p>\ud83d\udfe5 \u00a1GANGAZO! \ud83d\udfe5 #Publicidad #Amazon #16 \ud83d\udd34 Jeans Taper \u2705 AHORA 49.26 \u20ac \u2714\ufe0f\ud83d\udfe1 \u274c Antes 130.00 \u20ac \ud83d\uded2: https:\/\/btz.es\/4PAZKHr Descubre los jeans Levi&#8217;s Taper, la mezcla perfecta entre estilo moderno y comodidad cl\u00e1sica. Dise\u00f1ados para quienes buscan un ajuste entallado sin perder libertad de movimiento, estos pantalones son ideales para el hombre actual que [&hellip;]<\/p>\n","protected":false},"featured_media":6221,"template":"","meta":{"_gspb_post_css":""},"store":[],"product_brand":[],"product_cat":[16],"product_tag":[],"class_list":{"0":"post-6222","1":"product","2":"type-product","3":"status-publish","4":"has-post-thumbnail","6":"product_cat-sin-categorizar","8":"first","9":"instock","10":"sale","11":"shipping-taxable","12":"product-type-external"},"jetpack_sharing_enabled":true,"_links":{"self":[{"href":"https:\/\/ofertacular.com\/index.php\/wp-json\/wp\/v2\/product\/6222","targetHints":{"allow":["GET"]}}],"collection":[{"href":"https:\/\/ofertacular.com\/index.php\/wp-json\/wp\/v2\/product"}],"about":[{"href":"https:\/\/ofertacular.com\/index.php\/wp-json\/wp\/v2\/types\/product"}],"wp:featuredmedia":[{"embeddable":true,"href":"https:\/\/ofertacular.com\/index.php\/wp-json\/wp\/v2\/media\/6221"}],"wp:attachment":[{"href":"https:\/\/ofertacular.com\/index.php\/wp-json\/wp\/v2\/media?parent=6222"}],"wp:term":[{"taxonomy":"store","embeddable":true,"href":"https:\/\/ofertacular.com\/index.php\/wp-json\/wp\/v2\/store?post=6222"},{"taxonomy":"product_brand","embeddable":true,"href":"https:\/\/ofertacular.com\/index.php\/wp-json\/wp\/v2\/product_brand?post=6222"},{"taxonomy":"product_cat","embeddable":true,"href":"https:\/\/ofertacular.com\/index.php\/wp-json\/wp\/v2\/product_cat?post=6222"},{"taxonomy":"product_tag","embeddable":true,"href":"https:\/\/ofertacular.com\/index.php\/wp-json\/wp\/v2\/product_tag?post=6222"}],"curies":[{"name":"wp","href":"https:\/\/api.w.org\/{rel}","templated":true}]}}