{"id":6232,"date":"2025-07-01T09:01:11","date_gmt":"2025-07-01T07:01:11","guid":{"rendered":"https:\/\/ofertacular.com\/index.php\/producto\/cebolla-patatas\/"},"modified":"2025-07-01T09:01:11","modified_gmt":"2025-07-01T07:01:11","slug":"cebolla-patatas","status":"publish","type":"product","link":"https:\/\/ofertacular.com\/index.php\/producto\/cebolla-patatas\/","title":{"rendered":"Cebolla Patatas"},"content":{"rendered":"<div class=\"oferta-container\">\n<p>\ud83d\udfe5 <b>AHORRA AQU\u00cd<\/b> \ud83d\udfe5 #Publicidad #Amazon #16<\/p>\n<p>\ud83d\udd34 <b>Verduras B\u00e1sicas <\/b><\/p>\n<p>\u2705 <b>AHORA 1.5 \u20ac<\/b> \u2714\ufe0f\ud83d\udfe1<\/p>\n<p>\u274c Antes 1.99 \u20ac<\/p>\n<p>\ud83d\uded2: <a href=\"https:\/\/btz.es\/4PGlPo9\" target=\"_blank\" rel=\"nofollow noopener\">https:\/\/btz.es\/4PGlPo9<\/a><\/p>\n<p>Las cebollas y las patatas son dos de los ingredientes m\u00e1s esenciales en la cocina. La cebolla aporta sabor, aroma y textura a una variedad infinita de recetas, mientras que la patata proporciona una base vers\u00e1til y nutritiva para numerosos platos desde guisos hasta pur\u00e9s. Esta combinaci\u00f3n cl\u00e1sica es fundamental para preparar platos caseros llenos de sabor y tradici\u00f3n. Cuando eliges cebollas y patatas frescas, aseguras calidad y frescura en tus comidas, logrando resultados excepcionales en sabor y presentaci\u00f3n. Ideal para chefs, cocineros aficionadas y amantes de la buena comida que buscan productos naturales, saludables y con un toque aut\u00e9ntico. Aprovecha nuestras ofertas y a\u00f1ade a tu despensa estas verduras b\u00e1sicas imprescindibles para tu cocina diaria.<\/p>\n<\/p><\/div>\n","protected":false},"excerpt":{"rendered":"<p>\ud83d\udfe5 AHORRA AQU\u00cd \ud83d\udfe5 #Publicidad #Amazon #16 \ud83d\udd34 Verduras B\u00e1sicas \u2705 AHORA 1.5 \u20ac \u2714\ufe0f\ud83d\udfe1 \u274c Antes 1.99 \u20ac \ud83d\uded2: https:\/\/btz.es\/4PGlPo9 Las cebollas y las patatas son dos de los ingredientes m\u00e1s esenciales en la cocina. La cebolla aporta sabor, aroma y textura a una variedad infinita de recetas, mientras que la patata proporciona una [&hellip;]<\/p>\n","protected":false},"featured_media":6231,"template":"","meta":{"_gspb_post_css":""},"store":[],"product_brand":[],"product_cat":[16],"product_tag":[],"class_list":{"0":"post-6232","1":"product","2":"type-product","3":"status-publish","4":"has-post-thumbnail","6":"product_cat-sin-categorizar","8":"first","9":"instock","10":"sale","11":"shipping-taxable","12":"product-type-external"},"jetpack_sharing_enabled":true,"_links":{"self":[{"href":"https:\/\/ofertacular.com\/index.php\/wp-json\/wp\/v2\/product\/6232","targetHints":{"allow":["GET"]}}],"collection":[{"href":"https:\/\/ofertacular.com\/index.php\/wp-json\/wp\/v2\/product"}],"about":[{"href":"https:\/\/ofertacular.com\/index.php\/wp-json\/wp\/v2\/types\/product"}],"wp:featuredmedia":[{"embeddable":true,"href":"https:\/\/ofertacular.com\/index.php\/wp-json\/wp\/v2\/media\/6231"}],"wp:attachment":[{"href":"https:\/\/ofertacular.com\/index.php\/wp-json\/wp\/v2\/media?parent=6232"}],"wp:term":[{"taxonomy":"store","embeddable":true,"href":"https:\/\/ofertacular.com\/index.php\/wp-json\/wp\/v2\/store?post=6232"},{"taxonomy":"product_brand","embeddable":true,"href":"https:\/\/ofertacular.com\/index.php\/wp-json\/wp\/v2\/product_brand?post=6232"},{"taxonomy":"product_cat","embeddable":true,"href":"https:\/\/ofertacular.com\/index.php\/wp-json\/wp\/v2\/product_cat?post=6232"},{"taxonomy":"product_tag","embeddable":true,"href":"https:\/\/ofertacular.com\/index.php\/wp-json\/wp\/v2\/product_tag?post=6232"}],"curies":[{"name":"wp","href":"https:\/\/api.w.org\/{rel}","templated":true}]}}