{"id":6242,"date":"2025-07-01T13:42:29","date_gmt":"2025-07-01T11:42:29","guid":{"rendered":"https:\/\/ofertacular.com\/index.php\/producto\/koorui-monitor-3\/"},"modified":"2025-07-01T13:42:29","modified_gmt":"2025-07-01T11:42:29","slug":"koorui-monitor-3","status":"publish","type":"product","link":"https:\/\/ofertacular.com\/index.php\/producto\/koorui-monitor-3\/","title":{"rendered":"KOORUI Monitor"},"content":{"rendered":"<div class=\"oferta-container\">\n<p>\ud83d\udfe5 <b>CHOLLAZO<\/b> \ud83d\udfe5 #Publicidad #Amazon #16<\/p>\n<p>\ud83d\udd34 <b>Monitor Koorui <\/b><\/p>\n<p>\u2705 <b>AHORA 119.99 \u20ac<\/b> \u2714\ufe0f\ud83d\udfe1<\/p>\n<p>\u274c Antes 149.99 \u20ac<\/p>\n<p>\ud83d\uded2: <a href=\"https:\/\/btz.es\/4PHuDP2\" target=\"_blank\" rel=\"nofollow noopener\">https:\/\/btz.es\/4PHuDP2<\/a><\/p>\n<p>El monitor Koorui es la elecci\u00f3n perfecta para quienes buscan calidad y rendimiento en una pantalla. Con una resoluci\u00f3n n\u00edtida y colores vibrantes, este monitor destaca tanto para uso profesional como para entretenimiento en casa. Gracias a sus pulgadas amplias, ofrece una experiencia visual envolvente, ideal para dise\u00f1o gr\u00e1fico, edici\u00f3n de fotos, juegos y pel\u00edculas. Cuenta con conexiones vers\u00e1tiles que facilitan su integraci\u00f3n con diferentes dispositivos, desde ordenadores port\u00e1tiles hasta consolas de videojuegos.<\/p>\n<p>Adem\u00e1s, su dise\u00f1o moderno y elegante se adapta a cualquier espacio de trabajo o \u00e1rea de entretenimiento, proporcionando comodidad y estilo. La tecnolog\u00eda de pantalla reduce la fatiga visual, permitiendo largas horas de uso sin molestias. La alta tasa de refresco y el tiempo de respuesta r\u00e1pido hacen que cada movimiento se vea fluido, mejorando la experiencia en juegos y videos de alta velocidad.<\/p>\n<p>El monitor Koorui es una opci\u00f3n confiable para quienes buscan un producto duradero y eficiente, con un rendimiento excepcional y una calidad de imagen sobresaliente. As\u00ed, ofrece una excelente relaci\u00f3n calidad-precio y se convierte en una inversi\u00f3n inteligente para usuarios exigentes que valoran la precisi\u00f3n y la nitidez visual.<\/p>\n<\/p><\/div>\n","protected":false},"excerpt":{"rendered":"<p>\ud83d\udfe5 CHOLLAZO \ud83d\udfe5 #Publicidad #Amazon #16 \ud83d\udd34 Monitor Koorui \u2705 AHORA 119.99 \u20ac \u2714\ufe0f\ud83d\udfe1 \u274c Antes 149.99 \u20ac \ud83d\uded2: https:\/\/btz.es\/4PHuDP2 El monitor Koorui es la elecci\u00f3n perfecta para quienes buscan calidad y rendimiento en una pantalla. Con una resoluci\u00f3n n\u00edtida y colores vibrantes, este monitor destaca tanto para uso profesional como para entretenimiento en casa. [&hellip;]<\/p>\n","protected":false},"featured_media":6241,"template":"","meta":{"_gspb_post_css":""},"store":[],"product_brand":[],"product_cat":[16],"product_tag":[],"class_list":{"0":"post-6242","1":"product","2":"type-product","3":"status-publish","4":"has-post-thumbnail","6":"product_cat-sin-categorizar","8":"first","9":"instock","10":"sale","11":"shipping-taxable","12":"product-type-external"},"jetpack_sharing_enabled":true,"_links":{"self":[{"href":"https:\/\/ofertacular.com\/index.php\/wp-json\/wp\/v2\/product\/6242","targetHints":{"allow":["GET"]}}],"collection":[{"href":"https:\/\/ofertacular.com\/index.php\/wp-json\/wp\/v2\/product"}],"about":[{"href":"https:\/\/ofertacular.com\/index.php\/wp-json\/wp\/v2\/types\/product"}],"wp:featuredmedia":[{"embeddable":true,"href":"https:\/\/ofertacular.com\/index.php\/wp-json\/wp\/v2\/media\/6241"}],"wp:attachment":[{"href":"https:\/\/ofertacular.com\/index.php\/wp-json\/wp\/v2\/media?parent=6242"}],"wp:term":[{"taxonomy":"store","embeddable":true,"href":"https:\/\/ofertacular.com\/index.php\/wp-json\/wp\/v2\/store?post=6242"},{"taxonomy":"product_brand","embeddable":true,"href":"https:\/\/ofertacular.com\/index.php\/wp-json\/wp\/v2\/product_brand?post=6242"},{"taxonomy":"product_cat","embeddable":true,"href":"https:\/\/ofertacular.com\/index.php\/wp-json\/wp\/v2\/product_cat?post=6242"},{"taxonomy":"product_tag","embeddable":true,"href":"https:\/\/ofertacular.com\/index.php\/wp-json\/wp\/v2\/product_tag?post=6242"}],"curies":[{"name":"wp","href":"https:\/\/api.w.org\/{rel}","templated":true}]}}