{"id":6250,"date":"2025-07-01T15:16:37","date_gmt":"2025-07-01T13:16:37","guid":{"rendered":"https:\/\/ofertacular.com\/index.php\/producto\/aceite-virgen\/"},"modified":"2025-07-01T15:16:37","modified_gmt":"2025-07-01T13:16:37","slug":"aceite-virgen","status":"publish","type":"product","link":"https:\/\/ofertacular.com\/index.php\/producto\/aceite-virgen\/","title":{"rendered":"Aceite Virgen"},"content":{"rendered":"<div class=\"oferta-container\">\n<p>\ud83d\udfe5 <b>ES UN CHOLL\u00d3N<\/b> \ud83d\udfe5 #Publicidad #Amazon #16<\/p>\n<p>\ud83d\udd34 <b>Aceite Virgen <\/b><\/p>\n<p>\u2705 <b>AHORA 24.95 \u20ac<\/b> \u2714\ufe0f\ud83d\udfe1<\/p>\n<p>\u274c Antes 34.95 \u20ac<\/p>\n<p>\ud83d\uded2: <a href=\"https:\/\/btz.es\/4PHIvmb\" target=\"_blank\" rel=\"nofollow noopener\">https:\/\/btz.es\/4PHIvmb<\/a><\/p>\n<p>Descubre el exquisito Aceite Virgen, un producto esencial para quienes valoran la calidad y pureza en su cocina. Elaborado a partir de las mejores olivas seleccionadas cuidadosamente, este aceite garantiza un sabor aut\u00e9ntico y natural que realza cualquier plato. Perfecto para aderezar ensaladas, cocinar a la plancha o como toque final en tus recetas favoritas, el Aceite Virgen aporta beneficios nutritivos y un perfil arom\u00e1tico inigualable.<\/p>\n<p>Nuestro Aceite Virgen es rico en antioxidantes y \u00e1cidos grasos saludables, lo que contribuye a una dieta equilibrada y al bienestar general. Su proceso de extracci\u00f3n en fr\u00edo conserva todas las propiedades esenciales, asegurando un producto fresco y de alta calidad. Adem\u00e1s, su versatilidad en la cocina lo convierte en una opci\u00f3n indispensable para chefs y amantes de la gastronom\u00eda.<\/p>\n<p>Al elegir nuestro Aceite Virgen, te garantizamos un producto sin aditivos ni conservantes, respetando el medio ambiente y apoyando pr\u00e1cticas agr\u00edcolas sostenibles. Su envase est\u00e1 dise\u00f1ado para preservar la frescura y evitar la oxidaci\u00f3n, manteniendo intacto su sabor y beneficios.<\/p>\n<p>Incorpora el Aceite Virgen en tu despensa y transforma tus comidas diarias en experiencias gourmet. Ideal tambi\u00e9n como regalo para amigos y familiares que disfrutan de la buena cocina. No esperes m\u00e1s para disfrutar del verdadero sabor del aceite de oliva virgen, un aliado natural para tu salud y tu paladar.<\/p>\n<\/p><\/div>\n","protected":false},"excerpt":{"rendered":"<p>\ud83d\udfe5 ES UN CHOLL\u00d3N \ud83d\udfe5 #Publicidad #Amazon #16 \ud83d\udd34 Aceite Virgen \u2705 AHORA 24.95 \u20ac \u2714\ufe0f\ud83d\udfe1 \u274c Antes 34.95 \u20ac \ud83d\uded2: https:\/\/btz.es\/4PHIvmb Descubre el exquisito Aceite Virgen, un producto esencial para quienes valoran la calidad y pureza en su cocina. Elaborado a partir de las mejores olivas seleccionadas cuidadosamente, este aceite garantiza un sabor aut\u00e9ntico [&hellip;]<\/p>\n","protected":false},"featured_media":6249,"template":"","meta":{"_gspb_post_css":""},"store":[],"product_brand":[],"product_cat":[16],"product_tag":[],"class_list":{"0":"post-6250","1":"product","2":"type-product","3":"status-publish","4":"has-post-thumbnail","6":"product_cat-sin-categorizar","8":"first","9":"instock","10":"sale","11":"shipping-taxable","12":"product-type-external"},"jetpack_sharing_enabled":true,"_links":{"self":[{"href":"https:\/\/ofertacular.com\/index.php\/wp-json\/wp\/v2\/product\/6250","targetHints":{"allow":["GET"]}}],"collection":[{"href":"https:\/\/ofertacular.com\/index.php\/wp-json\/wp\/v2\/product"}],"about":[{"href":"https:\/\/ofertacular.com\/index.php\/wp-json\/wp\/v2\/types\/product"}],"wp:featuredmedia":[{"embeddable":true,"href":"https:\/\/ofertacular.com\/index.php\/wp-json\/wp\/v2\/media\/6249"}],"wp:attachment":[{"href":"https:\/\/ofertacular.com\/index.php\/wp-json\/wp\/v2\/media?parent=6250"}],"wp:term":[{"taxonomy":"store","embeddable":true,"href":"https:\/\/ofertacular.com\/index.php\/wp-json\/wp\/v2\/store?post=6250"},{"taxonomy":"product_brand","embeddable":true,"href":"https:\/\/ofertacular.com\/index.php\/wp-json\/wp\/v2\/product_brand?post=6250"},{"taxonomy":"product_cat","embeddable":true,"href":"https:\/\/ofertacular.com\/index.php\/wp-json\/wp\/v2\/product_cat?post=6250"},{"taxonomy":"product_tag","embeddable":true,"href":"https:\/\/ofertacular.com\/index.php\/wp-json\/wp\/v2\/product_tag?post=6250"}],"curies":[{"name":"wp","href":"https:\/\/api.w.org\/{rel}","templated":true}]}}