{"id":6270,"date":"2025-07-02T13:09:58","date_gmt":"2025-07-02T11:09:58","guid":{"rendered":"https:\/\/ofertacular.com\/index.php\/producto\/1005007697642740\/"},"modified":"2025-07-02T13:09:58","modified_gmt":"2025-07-02T11:09:58","slug":"1005007697642740","status":"publish","type":"product","link":"https:\/\/ofertacular.com\/index.php\/producto\/1005007697642740\/","title":{"rendered":"Camiseta Racing"},"content":{"rendered":"<div class=\"oferta-container\">\n<p>\ud83d\udfe5 <b>INCRE\u00cdBLE<\/b> \ud83d\udfe5 #Publicidad #Amazon #<\/p>\n<p>\ud83d\udd34 <b>Camiseta Racing <\/b><\/p>\n<p>\u2705 <b>AHORA 4.89\u20ac \u20ac<\/b> \u2714\ufe0f\ud83d\udfe1<\/p>\n<p>\u274c Antes 15.57 \u20ac<\/p>\n<p>\ud83d\uded2: <a href=\"https:\/\/btz.es\/4PNcYS0\" target=\"_blank\" rel=\"nofollow noopener\">https:\/\/btz.es\/4PNcYS0<\/a><\/p>\n<p>Descubre la camiseta Racing, una prenda esencial para los aficionados al motor y la velocidad. Esta camiseta combina estilo y comodidad, ideal para quienes buscan destacar su pasi\u00f3n por las carreras en su d\u00eda a d\u00eda. Confeccionada con materiales de alta calidad, ofrece una sensaci\u00f3n suave y transpirable, perfecta para usar durante todo el d\u00eda. Su dise\u00f1o vistoso y aut\u00e9ntico refleja el esp\u00edritu de las competiciones automovil\u00edsticas, haciendo que cada instante sea una celebraci\u00f3n de la adrenalina y la emoci\u00f3n de las carreras. Ya sea que asistas a un evento de automovilismo o quieras lucir un look casual pero lleno de energ\u00eda, la camiseta Racing es la elecci\u00f3n perfecta. Adem\u00e1s, su versatilidad permite combinarla f\u00e1cilmente con jeans, pantalones deportivos o shorts, adapt\u00e1ndose a diversos estilos y ocasiones. No solo se trata de una camiseta, sino de una declaraci\u00f3n de pasi\u00f3n por el mundo del motor, que te conecta con una comunidad de aficionados y expertos en carreras. Destaca en cualquier lugar con un dise\u00f1o que capta miradas y expresa tu personalidad vibrante y din\u00e1mica. Esta camiseta es tambi\u00e9n un regalo ideal para los amantes de los deportes de motor, ofreciendo un art\u00edculo de moda que une funcionalidad y pasi\u00f3n. No pierdas la oportunidad de incorporar esta pieza imprescindible a tu guardarropa y vivir la experiencia de la velocidad y el rendimiento en cada uso.<\/p>\n<\/p><\/div>\n","protected":false},"excerpt":{"rendered":"<p>\ud83d\udfe5 INCRE\u00cdBLE \ud83d\udfe5 #Publicidad #Amazon # \ud83d\udd34 Camiseta Racing \u2705 AHORA 4.89\u20ac \u20ac \u2714\ufe0f\ud83d\udfe1 \u274c Antes 15.57 \u20ac \ud83d\uded2: https:\/\/btz.es\/4PNcYS0 Descubre la camiseta Racing, una prenda esencial para los aficionados al motor y la velocidad. Esta camiseta combina estilo y comodidad, ideal para quienes buscan destacar su pasi\u00f3n por las carreras en su d\u00eda a [&hellip;]<\/p>\n","protected":false},"featured_media":6269,"template":"","meta":{"_gspb_post_css":""},"store":[],"product_brand":[],"product_cat":[16],"product_tag":[],"class_list":{"0":"post-6270","1":"product","2":"type-product","3":"status-publish","4":"has-post-thumbnail","6":"product_cat-sin-categorizar","8":"first","9":"instock","10":"shipping-taxable","11":"product-type-external"},"jetpack_sharing_enabled":true,"_links":{"self":[{"href":"https:\/\/ofertacular.com\/index.php\/wp-json\/wp\/v2\/product\/6270","targetHints":{"allow":["GET"]}}],"collection":[{"href":"https:\/\/ofertacular.com\/index.php\/wp-json\/wp\/v2\/product"}],"about":[{"href":"https:\/\/ofertacular.com\/index.php\/wp-json\/wp\/v2\/types\/product"}],"wp:featuredmedia":[{"embeddable":true,"href":"https:\/\/ofertacular.com\/index.php\/wp-json\/wp\/v2\/media\/6269"}],"wp:attachment":[{"href":"https:\/\/ofertacular.com\/index.php\/wp-json\/wp\/v2\/media?parent=6270"}],"wp:term":[{"taxonomy":"store","embeddable":true,"href":"https:\/\/ofertacular.com\/index.php\/wp-json\/wp\/v2\/store?post=6270"},{"taxonomy":"product_brand","embeddable":true,"href":"https:\/\/ofertacular.com\/index.php\/wp-json\/wp\/v2\/product_brand?post=6270"},{"taxonomy":"product_cat","embeddable":true,"href":"https:\/\/ofertacular.com\/index.php\/wp-json\/wp\/v2\/product_cat?post=6270"},{"taxonomy":"product_tag","embeddable":true,"href":"https:\/\/ofertacular.com\/index.php\/wp-json\/wp\/v2\/product_tag?post=6270"}],"curies":[{"name":"wp","href":"https:\/\/api.w.org\/{rel}","templated":true}]}}