{"id":6274,"date":"2025-07-02T13:18:16","date_gmt":"2025-07-02T11:18:16","guid":{"rendered":"https:\/\/ofertacular.com\/index.php\/producto\/adidas-run\/"},"modified":"2025-07-02T13:18:16","modified_gmt":"2025-07-02T11:18:16","slug":"adidas-run","status":"publish","type":"product","link":"https:\/\/ofertacular.com\/index.php\/producto\/adidas-run\/","title":{"rendered":"adidas Run"},"content":{"rendered":"<div class=\"oferta-container\">\n<p>\ud83d\udfe5 <b>UNA GANGA<\/b> \ud83d\udfe5 #Publicidad #Amazon #16<\/p>\n<p>\ud83d\udd34 <b>Calzado Running <\/b><\/p>\n<p>\u2705 <b>AHORA 48.96 \u20ac<\/b> \u2714\ufe0f\ud83d\udfe1<\/p>\n<p>\u274c Antes 70.00 \u20ac<\/p>\n<p>\ud83d\uded2: <a href=\"https:\/\/btz.es\/4PNfe0p\" target=\"_blank\" rel=\"nofollow noopener\">https:\/\/btz.es\/4PNfe0p<\/a><\/p>\n<p>Descubre el calzado running de adidas, dise\u00f1ado para corredores que buscan rendimiento, confort y estilo. Estos zapatos deportivos combinan tecnolog\u00eda avanzada con un dise\u00f1o moderno, ofreciendo la m\u00e1xima amortiguaci\u00f3n y soporte en cada zancada. Ideales para entrenamientos diarios y competiciones, cuentan con suela resistente para una tracci\u00f3n \u00f3ptima en diferentes superficies, y una parte superior transpirable que mantiene tus pies frescos y secos durante el ejercicio. adidas es sin\u00f3nimo de calidad y durabilidad, por lo que estos zapatos running son una inversi\u00f3n perfecta para mejorar tu rendimiento deportivo. Aprovecha la oportunidad de equiparte con el mejor calzado deportivo del mercado y lleva tus carreras al siguiente nivel con adidas.<\/p>\n<\/p><\/div>\n","protected":false},"excerpt":{"rendered":"<p>\ud83d\udfe5 UNA GANGA \ud83d\udfe5 #Publicidad #Amazon #16 \ud83d\udd34 Calzado Running \u2705 AHORA 48.96 \u20ac \u2714\ufe0f\ud83d\udfe1 \u274c Antes 70.00 \u20ac \ud83d\uded2: https:\/\/btz.es\/4PNfe0p Descubre el calzado running de adidas, dise\u00f1ado para corredores que buscan rendimiento, confort y estilo. Estos zapatos deportivos combinan tecnolog\u00eda avanzada con un dise\u00f1o moderno, ofreciendo la m\u00e1xima amortiguaci\u00f3n y soporte en cada zancada. [&hellip;]<\/p>\n","protected":false},"featured_media":6273,"template":"","meta":{"_gspb_post_css":""},"store":[],"product_brand":[],"product_cat":[16],"product_tag":[],"class_list":{"0":"post-6274","1":"product","2":"type-product","3":"status-publish","4":"has-post-thumbnail","6":"product_cat-sin-categorizar","8":"first","9":"instock","10":"sale","11":"shipping-taxable","12":"product-type-external"},"jetpack_sharing_enabled":true,"_links":{"self":[{"href":"https:\/\/ofertacular.com\/index.php\/wp-json\/wp\/v2\/product\/6274","targetHints":{"allow":["GET"]}}],"collection":[{"href":"https:\/\/ofertacular.com\/index.php\/wp-json\/wp\/v2\/product"}],"about":[{"href":"https:\/\/ofertacular.com\/index.php\/wp-json\/wp\/v2\/types\/product"}],"wp:featuredmedia":[{"embeddable":true,"href":"https:\/\/ofertacular.com\/index.php\/wp-json\/wp\/v2\/media\/6273"}],"wp:attachment":[{"href":"https:\/\/ofertacular.com\/index.php\/wp-json\/wp\/v2\/media?parent=6274"}],"wp:term":[{"taxonomy":"store","embeddable":true,"href":"https:\/\/ofertacular.com\/index.php\/wp-json\/wp\/v2\/store?post=6274"},{"taxonomy":"product_brand","embeddable":true,"href":"https:\/\/ofertacular.com\/index.php\/wp-json\/wp\/v2\/product_brand?post=6274"},{"taxonomy":"product_cat","embeddable":true,"href":"https:\/\/ofertacular.com\/index.php\/wp-json\/wp\/v2\/product_cat?post=6274"},{"taxonomy":"product_tag","embeddable":true,"href":"https:\/\/ofertacular.com\/index.php\/wp-json\/wp\/v2\/product_tag?post=6274"}],"curies":[{"name":"wp","href":"https:\/\/api.w.org\/{rel}","templated":true}]}}