{"id":6278,"date":"2025-07-03T08:31:20","date_gmt":"2025-07-03T06:31:20","guid":{"rendered":"https:\/\/ofertacular.com\/index.php\/producto\/adidas-slides\/"},"modified":"2025-07-03T08:31:20","modified_gmt":"2025-07-03T06:31:20","slug":"adidas-slides","status":"publish","type":"product","link":"https:\/\/ofertacular.com\/index.php\/producto\/adidas-slides\/","title":{"rendered":"Adidas Slides"},"content":{"rendered":"<div class=\"oferta-container\">\n<p>\ud83d\udfe5 <b>\u00a1GANGAZO!<\/b> \ud83d\udfe5 #Publicidad #Amazon #11<\/p>\n<p>\ud83d\udd34 <b>Slides Adidas <\/b><\/p>\n<p>\u2705 <b>AHORA 13.8 \u20ac<\/b> \u2714\ufe0f\ud83d\udfe1<\/p>\n<p>\u274c Antes 23.00 \u20ac<\/p>\n<p>\ud83d\uded2: <a href=\"https:\/\/btz.es\/4PRLwwC\" target=\"_blank\" rel=\"nofollow noopener\">https:\/\/btz.es\/4PRLwwC<\/a><\/p>\n<p>Descubre las Adidas Slides, el calzado perfecto para quienes buscan comodidad y estilo en cada paso. Estas sandalias tipo slide est\u00e1n dise\u00f1adas para brindarte una experiencia \u00fanica, sea para usar en casa, en la playa o despu\u00e9s de tus entrenamientos. Fabricadas con materiales de alta calidad, las Adidas Slides combinan durabilidad y ligereza, ofreci\u00e9ndote un ajuste confortable que se adapta a la forma de tu pie.<\/p>\n<p>Con una suela antideslizante, estas sandalias te ofrecen seguridad y estabilidad en superficies h\u00famedas o resbaladizas, ideales para cualquier actividad donde la prevenci\u00f3n de resbalones sea clave. La plantilla acolchada proporciona un soporte adecuado para tus pies, ayudando a reducir la fatiga incluso despu\u00e9s de largas horas de uso.<\/p>\n<p>El dise\u00f1o ic\u00f3nico de Adidas, con su cl\u00e1sica franja en el empeine, a\u00f1ade un toque de estilo deportivo que combina perfectamente con cualquier outfit casual. Son f\u00e1ciles de limpiar y mantener, lo que garantiza que siempre luzcan como nuevas.<\/p>\n<p>Adem\u00e1s, las Adidas Slides son vers\u00e1tiles y se adaptan a diferentes ocasiones: desde un d\u00eda relajado en casa hasta una salida informal con amigos, o incluso para complementar tu equipamiento deportivo. Su construcci\u00f3n ligera las hace ideales para llevar en tu mochila o maleta cuando viajas.<\/p>\n<p>No dejes pasar la oportunidad de disfrutar del m\u00e1ximo confort con un producto que respalda la calidad y el prestigio de la marca Adidas. Las Adidas Slides son la elecci\u00f3n definitiva para quienes valoran la combinaci\u00f3n perfecta entre estilo, funcionalidad y bienestar para sus pies.<\/p>\n<p>Palabras clave: sandalias Adidas, slides Adidas, sandalias c\u00f3modas, calzado deportivo, sandalias antideslizantes, calzado casual Adidas, zapatillas para el verano, sandalias con plantilla acolchada, slides para hombre y mujer.<\/p>\n<\/p><\/div>\n","protected":false},"excerpt":{"rendered":"<p>\ud83d\udfe5 \u00a1GANGAZO! \ud83d\udfe5 #Publicidad #Amazon #11 \ud83d\udd34 Slides Adidas \u2705 AHORA 13.8 \u20ac \u2714\ufe0f\ud83d\udfe1 \u274c Antes 23.00 \u20ac \ud83d\uded2: https:\/\/btz.es\/4PRLwwC Descubre las Adidas Slides, el calzado perfecto para quienes buscan comodidad y estilo en cada paso. Estas sandalias tipo slide est\u00e1n dise\u00f1adas para brindarte una experiencia \u00fanica, sea para usar en casa, en la playa [&hellip;]<\/p>\n","protected":false},"featured_media":6277,"template":"","meta":{"_gspb_post_css":""},"store":[],"product_brand":[],"product_cat":[16],"product_tag":[],"class_list":{"0":"post-6278","1":"product","2":"type-product","3":"status-publish","4":"has-post-thumbnail","6":"product_cat-sin-categorizar","8":"first","9":"instock","10":"sale","11":"shipping-taxable","12":"product-type-external"},"jetpack_sharing_enabled":true,"_links":{"self":[{"href":"https:\/\/ofertacular.com\/index.php\/wp-json\/wp\/v2\/product\/6278","targetHints":{"allow":["GET"]}}],"collection":[{"href":"https:\/\/ofertacular.com\/index.php\/wp-json\/wp\/v2\/product"}],"about":[{"href":"https:\/\/ofertacular.com\/index.php\/wp-json\/wp\/v2\/types\/product"}],"wp:featuredmedia":[{"embeddable":true,"href":"https:\/\/ofertacular.com\/index.php\/wp-json\/wp\/v2\/media\/6277"}],"wp:attachment":[{"href":"https:\/\/ofertacular.com\/index.php\/wp-json\/wp\/v2\/media?parent=6278"}],"wp:term":[{"taxonomy":"store","embeddable":true,"href":"https:\/\/ofertacular.com\/index.php\/wp-json\/wp\/v2\/store?post=6278"},{"taxonomy":"product_brand","embeddable":true,"href":"https:\/\/ofertacular.com\/index.php\/wp-json\/wp\/v2\/product_brand?post=6278"},{"taxonomy":"product_cat","embeddable":true,"href":"https:\/\/ofertacular.com\/index.php\/wp-json\/wp\/v2\/product_cat?post=6278"},{"taxonomy":"product_tag","embeddable":true,"href":"https:\/\/ofertacular.com\/index.php\/wp-json\/wp\/v2\/product_tag?post=6278"}],"curies":[{"name":"wp","href":"https:\/\/api.w.org\/{rel}","templated":true}]}}