{"id":6280,"date":"2025-07-03T08:35:16","date_gmt":"2025-07-03T06:35:16","guid":{"rendered":"https:\/\/ofertacular.com\/index.php\/producto\/banador-moderno\/"},"modified":"2025-07-03T08:35:16","modified_gmt":"2025-07-03T06:35:16","slug":"banador-moderno","status":"publish","type":"product","link":"https:\/\/ofertacular.com\/index.php\/producto\/banador-moderno\/","title":{"rendered":"Ba\u00f1ador Moderno"},"content":{"rendered":"<div class=\"oferta-container\">\n<p>\ud83d\udfe5 <b>DESCUENTAZO<\/b> \ud83d\udfe5 #Publicidad #Amazon #130<\/p>\n<p>\ud83d\udd34 <b>Ba\u00f1ador Moderno <\/b><\/p>\n<p>\u2705 <b>AHORA 13.82 \u20ac<\/b> \u2714\ufe0f\ud83d\udfe1<\/p>\n<p>\u274c Antes 22.90 \u20ac<\/p>\n<p>\ud83d\uded2: <a href=\"https:\/\/btz.es\/4PRMvJt\" target=\"_blank\" rel=\"nofollow noopener\">https:\/\/btz.es\/4PRMvJt<\/a><\/p>\n<p>Descubre el ba\u00f1ador moderno que redefine el estilo y la comodidad en cada brazada. Este ba\u00f1ador est\u00e1 dise\u00f1ado para hombres que buscan una prenda vers\u00e1til, perfecta para la piscina o la playa. Con un corte ergon\u00f3mico y materiales de alta calidad, combina funcionalidad y tendencia en un solo producto. Fabricado con tejidos resistentes al cloro y de secado r\u00e1pido, garantiza durabilidad y confort durante largas horas de uso. Su dise\u00f1o innovador incorpora colores vibrantes y detalles minimalistas que se adaptan a cualquier gusto. Adem\u00e1s, su cintura ajustable proporciona un ajuste personalizado, evitando molestias y asegurando libertad de movimiento. Ideal para nadadores profesionales y aficionados, este ba\u00f1ador ofrece soporte \u00f3ptimo y un acabado que resalta la figura. Atractivo tanto para j\u00f3venes como para adultos, es la elecci\u00f3n perfecta para quienes valoran la moda sin sacrificar la practicidad. Invierte en un ba\u00f1ador que combina tecnolog\u00eda textil avanzada con un estilo contempor\u00e1neo, asegurando que cada momento en el agua sea una experiencia placentera y llena de confianza. Aumenta tu rendimiento y tu presencia con este ba\u00f1ador moderno que se convierte en tu aliado en el agua.<\/p>\n<\/p><\/div>\n","protected":false},"excerpt":{"rendered":"<p>\ud83d\udfe5 DESCUENTAZO \ud83d\udfe5 #Publicidad #Amazon #130 \ud83d\udd34 Ba\u00f1ador Moderno \u2705 AHORA 13.82 \u20ac \u2714\ufe0f\ud83d\udfe1 \u274c Antes 22.90 \u20ac \ud83d\uded2: https:\/\/btz.es\/4PRMvJt Descubre el ba\u00f1ador moderno que redefine el estilo y la comodidad en cada brazada. Este ba\u00f1ador est\u00e1 dise\u00f1ado para hombres que buscan una prenda vers\u00e1til, perfecta para la piscina o la playa. Con un corte [&hellip;]<\/p>\n","protected":false},"featured_media":6279,"template":"","meta":{"_gspb_post_css":""},"store":[],"product_brand":[],"product_cat":[16],"product_tag":[],"class_list":{"0":"post-6280","1":"product","2":"type-product","3":"status-publish","4":"has-post-thumbnail","6":"product_cat-sin-categorizar","8":"first","9":"instock","10":"sale","11":"shipping-taxable","12":"product-type-external"},"jetpack_sharing_enabled":true,"_links":{"self":[{"href":"https:\/\/ofertacular.com\/index.php\/wp-json\/wp\/v2\/product\/6280","targetHints":{"allow":["GET"]}}],"collection":[{"href":"https:\/\/ofertacular.com\/index.php\/wp-json\/wp\/v2\/product"}],"about":[{"href":"https:\/\/ofertacular.com\/index.php\/wp-json\/wp\/v2\/types\/product"}],"wp:featuredmedia":[{"embeddable":true,"href":"https:\/\/ofertacular.com\/index.php\/wp-json\/wp\/v2\/media\/6279"}],"wp:attachment":[{"href":"https:\/\/ofertacular.com\/index.php\/wp-json\/wp\/v2\/media?parent=6280"}],"wp:term":[{"taxonomy":"store","embeddable":true,"href":"https:\/\/ofertacular.com\/index.php\/wp-json\/wp\/v2\/store?post=6280"},{"taxonomy":"product_brand","embeddable":true,"href":"https:\/\/ofertacular.com\/index.php\/wp-json\/wp\/v2\/product_brand?post=6280"},{"taxonomy":"product_cat","embeddable":true,"href":"https:\/\/ofertacular.com\/index.php\/wp-json\/wp\/v2\/product_cat?post=6280"},{"taxonomy":"product_tag","embeddable":true,"href":"https:\/\/ofertacular.com\/index.php\/wp-json\/wp\/v2\/product_tag?post=6280"}],"curies":[{"name":"wp","href":"https:\/\/api.w.org\/{rel}","templated":true}]}}