{"id":6298,"date":"2025-07-04T13:23:37","date_gmt":"2025-07-04T11:23:37","guid":{"rendered":"https:\/\/ofertacular.com\/index.php\/producto\/gaara-figure\/"},"modified":"2025-07-04T13:23:37","modified_gmt":"2025-07-04T11:23:37","slug":"gaara-figure","status":"publish","type":"product","link":"https:\/\/ofertacular.com\/index.php\/producto\/gaara-figure\/","title":{"rendered":"Gaara Figure"},"content":{"rendered":"<div class=\"oferta-container\">\ud83d\udfea <b>FUNKO PRECIO<\/b> \ud83d\udfea #Publicidad #Amazon<\/p>\n<p>\ud83d\udfe3 <b> Funko POP! Anime: Naruto &#8211; Gaara Desert Sand<\/b> <\/p>\n<p>\u2705 <b>AHORA 8.79 \u20ac<\/b> \u2714\ufe0f\ud83d\udfe1<br \/>\n\u274c Antes 16.00 \u20ac \u20ac <\/p>\n<p>\ud83d\uded2: https:\/\/btz.es\/4PYN3iJ\ud83d\udfe2 <\/p>\n<p>Ofertacular.com<\/p>\n<p>Descubre el Funko POP! Anime de Naruto con la figura de Gaara &#8211; Desert Sand. Este mu\u00f1eco coleccionable captura la esencia del personaje con detalles fieles al anime, perfecto para fans y coleccionistas. Ideal para exhibici\u00f3n y regalo, esta figura aporta un toque \u00fanico a tu colecci\u00f3n de anime y cultura pop. Consigue tu Funko Gaara y resalta en tu colecci\u00f3n con un \u00edcono del mundo ninja.<\/p>\n<\/div>\n","protected":false},"excerpt":{"rendered":"<p>\ud83d\udfea FUNKO PRECIO \ud83d\udfea #Publicidad #Amazon \ud83d\udfe3 Funko POP! Anime: Naruto &#8211; Gaara Desert Sand \u2705 AHORA 8.79 \u20ac \u2714\ufe0f\ud83d\udfe1 \u274c Antes 16.00 \u20ac \u20ac \ud83d\uded2: https:\/\/btz.es\/4PYN3iJ\ud83d\udfe2 Ofertacular.com Descubre el Funko POP! Anime de Naruto con la figura de Gaara &#8211; Desert Sand. Este mu\u00f1eco coleccionable captura la esencia del personaje con detalles fieles al [&hellip;]<\/p>\n","protected":false},"featured_media":6297,"template":"","meta":{"_gspb_post_css":""},"store":[],"product_brand":[],"product_cat":[16],"product_tag":[],"class_list":{"0":"post-6298","1":"product","2":"type-product","3":"status-publish","4":"has-post-thumbnail","6":"product_cat-sin-categorizar","8":"first","9":"instock","10":"sale","11":"shipping-taxable","12":"product-type-external"},"jetpack_sharing_enabled":true,"_links":{"self":[{"href":"https:\/\/ofertacular.com\/index.php\/wp-json\/wp\/v2\/product\/6298","targetHints":{"allow":["GET"]}}],"collection":[{"href":"https:\/\/ofertacular.com\/index.php\/wp-json\/wp\/v2\/product"}],"about":[{"href":"https:\/\/ofertacular.com\/index.php\/wp-json\/wp\/v2\/types\/product"}],"wp:featuredmedia":[{"embeddable":true,"href":"https:\/\/ofertacular.com\/index.php\/wp-json\/wp\/v2\/media\/6297"}],"wp:attachment":[{"href":"https:\/\/ofertacular.com\/index.php\/wp-json\/wp\/v2\/media?parent=6298"}],"wp:term":[{"taxonomy":"store","embeddable":true,"href":"https:\/\/ofertacular.com\/index.php\/wp-json\/wp\/v2\/store?post=6298"},{"taxonomy":"product_brand","embeddable":true,"href":"https:\/\/ofertacular.com\/index.php\/wp-json\/wp\/v2\/product_brand?post=6298"},{"taxonomy":"product_cat","embeddable":true,"href":"https:\/\/ofertacular.com\/index.php\/wp-json\/wp\/v2\/product_cat?post=6298"},{"taxonomy":"product_tag","embeddable":true,"href":"https:\/\/ofertacular.com\/index.php\/wp-json\/wp\/v2\/product_tag?post=6298"}],"curies":[{"name":"wp","href":"https:\/\/api.w.org\/{rel}","templated":true}]}}