{"id":6304,"date":"2025-07-05T11:12:36","date_gmt":"2025-07-05T09:12:36","guid":{"rendered":"https:\/\/ofertacular.com\/index.php\/producto\/adidas-running-2\/"},"modified":"2025-07-05T11:12:36","modified_gmt":"2025-07-05T09:12:36","slug":"adidas-running-2","status":"publish","type":"product","link":"https:\/\/ofertacular.com\/index.php\/producto\/adidas-running-2\/","title":{"rendered":"adidas Running"},"content":{"rendered":"<div class=\"oferta-container\">\n<p>\ud83d\udfe5 <b>SUPER OFERTA<\/b> \ud83d\udfe5 #Publicidad #Amazon #16<\/p>\n<p>\ud83d\udd34 <b>Running adidas <\/b><\/p>\n<p>\u2705 <b>AHORA 34.99 \u20ac<\/b> \u2714\ufe0f\ud83d\udfe1<\/p>\n<p>\u274c Antes 50.00 \u20ac<\/p>\n<p>\ud83d\uded2: <a href=\"https:\/\/btz.es\/4QehaDE\" target=\"_blank\" rel=\"nofollow noopener\">https:\/\/btz.es\/4QehaDE<\/a><\/p>\n<p>Descubre la excelencia en calzado deportivo con nuestra selecci\u00f3n de zapatillas de running adidas, dise\u00f1adas para ofrecer el m\u00e1ximo rendimiento y comodidad en cada paso. Las zapatillas adidas para correr combinan tecnolog\u00eda avanzada y estilo innovador, ideales tanto para atletas profesionales como para entusiastas del fitness. Fabricadas con materiales transpirables y suelas especialmente dise\u00f1adas para proporcionar un agarre \u00f3ptimo, estas zapatillas aseguran una experiencia de carrera fluida y segura. Adem\u00e1s, su dise\u00f1o ergon\u00f3mico y amortiguaci\u00f3n de alta calidad ayudan a reducir el impacto en las articulaciones, previniendo lesiones y mejorando la resistencia durante tus entrenamientos. Perfectas para correr en diversas superficies, desde asfalto hasta senderos naturales, las adidas running destacan por su durabilidad y adaptabilidad. Si buscas un calzado que potencie tu rendimiento y te acompa\u00f1e en cada kil\u00f3metro, las zapatillas adidas Running son la opci\u00f3n perfecta. Incorpora en tu rutina deportiva la tecnolog\u00eda Boost y Primeknit que diferencian a las zapatillas de running adidas de otras marcas. Con un dise\u00f1o moderno y moderno, tambi\u00e9n podr\u00e1s disfrutar de un look urbano y deportivo. No pierdas la oportunidad de mejorar tu experiencia de carrera con las zapatillas adidas Running, un producto que combina calidad, innovaci\u00f3n y estilo para que alcances tus objetivos deportivos con total comodidad. Aprovecha ahora y eleva tu rendimiento con adidas Running.<\/p>\n<\/p><\/div>\n","protected":false},"excerpt":{"rendered":"<p>\ud83d\udfe5 SUPER OFERTA \ud83d\udfe5 #Publicidad #Amazon #16 \ud83d\udd34 Running adidas \u2705 AHORA 34.99 \u20ac \u2714\ufe0f\ud83d\udfe1 \u274c Antes 50.00 \u20ac \ud83d\uded2: https:\/\/btz.es\/4QehaDE Descubre la excelencia en calzado deportivo con nuestra selecci\u00f3n de zapatillas de running adidas, dise\u00f1adas para ofrecer el m\u00e1ximo rendimiento y comodidad en cada paso. Las zapatillas adidas para correr combinan tecnolog\u00eda avanzada y [&hellip;]<\/p>\n","protected":false},"featured_media":6303,"template":"","meta":{"_gspb_post_css":""},"store":[],"product_brand":[],"product_cat":[16],"product_tag":[],"class_list":{"0":"post-6304","1":"product","2":"type-product","3":"status-publish","4":"has-post-thumbnail","6":"product_cat-sin-categorizar","8":"first","9":"instock","10":"sale","11":"shipping-taxable","12":"product-type-external"},"jetpack_sharing_enabled":true,"_links":{"self":[{"href":"https:\/\/ofertacular.com\/index.php\/wp-json\/wp\/v2\/product\/6304","targetHints":{"allow":["GET"]}}],"collection":[{"href":"https:\/\/ofertacular.com\/index.php\/wp-json\/wp\/v2\/product"}],"about":[{"href":"https:\/\/ofertacular.com\/index.php\/wp-json\/wp\/v2\/types\/product"}],"wp:featuredmedia":[{"embeddable":true,"href":"https:\/\/ofertacular.com\/index.php\/wp-json\/wp\/v2\/media\/6303"}],"wp:attachment":[{"href":"https:\/\/ofertacular.com\/index.php\/wp-json\/wp\/v2\/media?parent=6304"}],"wp:term":[{"taxonomy":"store","embeddable":true,"href":"https:\/\/ofertacular.com\/index.php\/wp-json\/wp\/v2\/store?post=6304"},{"taxonomy":"product_brand","embeddable":true,"href":"https:\/\/ofertacular.com\/index.php\/wp-json\/wp\/v2\/product_brand?post=6304"},{"taxonomy":"product_cat","embeddable":true,"href":"https:\/\/ofertacular.com\/index.php\/wp-json\/wp\/v2\/product_cat?post=6304"},{"taxonomy":"product_tag","embeddable":true,"href":"https:\/\/ofertacular.com\/index.php\/wp-json\/wp\/v2\/product_tag?post=6304"}],"curies":[{"name":"wp","href":"https:\/\/api.w.org\/{rel}","templated":true}]}}