{"id":6334,"date":"2025-07-07T09:13:59","date_gmt":"2025-07-07T07:13:59","guid":{"rendered":"https:\/\/ofertacular.com\/index.php\/producto\/braguitas-nina\/"},"modified":"2025-07-07T09:13:59","modified_gmt":"2025-07-07T07:13:59","slug":"braguitas-nina","status":"publish","type":"product","link":"https:\/\/ofertacular.com\/index.php\/producto\/braguitas-nina\/","title":{"rendered":"Braguitas Ni\u00f1a"},"content":{"rendered":"<div class=\"oferta-container\">\n<p>\ud83d\udfe5 <b>SUPER OFERTA<\/b> \ud83d\udfe5 #Publicidad #Amazon #16<\/p>\n<p>\ud83d\udd34 <b>Braguitas Ni\u00f1a <\/b><\/p>\n<p>\u2705 <b>AHORA 9.99 \u20ac<\/b> \u2714\ufe0f\ud83d\udfe1<\/p>\n<p>\u274c Antes 19.99 \u20ac<\/p>\n<p>\ud83d\uded2: <a href=\"https:\/\/btz.es\/4QpulWq\" target=\"_blank\" rel=\"nofollow noopener\">https:\/\/btz.es\/4QpulWq<\/a><\/p>\n<p>Descubre la comodidad y el estilo con nuestras braguitas para ni\u00f1a, dise\u00f1adas pensando en la delicada piel de las m\u00e1s peque\u00f1as. Fabricadas con materiales suaves y transpirables, nuestras braguitas ofrecen un ajuste perfecto que garantiza libertad de movimiento y confort durante todo el d\u00eda. Ideales para uso diario, estas braguitas combinan funcionalidad y dise\u00f1o, disponibles en una variedad de colores y estampados infantiles que encantan a las ni\u00f1as y satisfacen a los padres.<\/p>\n<p>Confeccionadas con algod\u00f3n 100% org\u00e1nico, estas braguitas no solo cuidan la piel, sino que tambi\u00e9n son respetuosas con el medio ambiente, una elecci\u00f3n consciente para familias que valoran la sostenibilidad. Los el\u00e1sticos suaves en cintura y pierna aseguran que no aprieten ni dejen marcas, adapt\u00e1ndose al crecimiento de tu hija. Su resistencia al lavado frecuente mantiene los colores vivos y la forma intacta, lo que hace que estas braguitas sean una inversi\u00f3n pr\u00e1ctica y duradera.<\/p>\n<p>Perfectas para ni\u00f1as en edad preescolar y escolar, nuestras braguitas se convierten en una prenda esencial del armario infantil. Fomentan la independencia al ser f\u00e1ciles de poner y quitar, facilitando la rutina diaria. Adem\u00e1s, su dise\u00f1o sin costuras o con costuras planas evita rozaduras, garantizando una sensaci\u00f3n de segunda piel.<\/p>\n<p>Elige entre una amplia gama de tallas y dise\u00f1os divertidos, desde motivos florales hasta personajes animados, para que cada ni\u00f1a encuentre su estilo favorito. Compra segura y env\u00edo r\u00e1pido garantizados. No pierdas la oportunidad de ofrecer a tu hija braguitas de alta calidad que combinan moda, comodidad y durabilidad.<\/p>\n<\/p><\/div>\n","protected":false},"excerpt":{"rendered":"<p>\ud83d\udfe5 SUPER OFERTA \ud83d\udfe5 #Publicidad #Amazon #16 \ud83d\udd34 Braguitas Ni\u00f1a \u2705 AHORA 9.99 \u20ac \u2714\ufe0f\ud83d\udfe1 \u274c Antes 19.99 \u20ac \ud83d\uded2: https:\/\/btz.es\/4QpulWq Descubre la comodidad y el estilo con nuestras braguitas para ni\u00f1a, dise\u00f1adas pensando en la delicada piel de las m\u00e1s peque\u00f1as. Fabricadas con materiales suaves y transpirables, nuestras braguitas ofrecen un ajuste perfecto que [&hellip;]<\/p>\n","protected":false},"featured_media":6333,"template":"","meta":{"_gspb_post_css":""},"store":[],"product_brand":[],"product_cat":[16],"product_tag":[],"class_list":{"0":"post-6334","1":"product","2":"type-product","3":"status-publish","4":"has-post-thumbnail","6":"product_cat-sin-categorizar","8":"first","9":"instock","10":"sale","11":"shipping-taxable","12":"product-type-external"},"jetpack_sharing_enabled":true,"_links":{"self":[{"href":"https:\/\/ofertacular.com\/index.php\/wp-json\/wp\/v2\/product\/6334","targetHints":{"allow":["GET"]}}],"collection":[{"href":"https:\/\/ofertacular.com\/index.php\/wp-json\/wp\/v2\/product"}],"about":[{"href":"https:\/\/ofertacular.com\/index.php\/wp-json\/wp\/v2\/types\/product"}],"wp:featuredmedia":[{"embeddable":true,"href":"https:\/\/ofertacular.com\/index.php\/wp-json\/wp\/v2\/media\/6333"}],"wp:attachment":[{"href":"https:\/\/ofertacular.com\/index.php\/wp-json\/wp\/v2\/media?parent=6334"}],"wp:term":[{"taxonomy":"store","embeddable":true,"href":"https:\/\/ofertacular.com\/index.php\/wp-json\/wp\/v2\/store?post=6334"},{"taxonomy":"product_brand","embeddable":true,"href":"https:\/\/ofertacular.com\/index.php\/wp-json\/wp\/v2\/product_brand?post=6334"},{"taxonomy":"product_cat","embeddable":true,"href":"https:\/\/ofertacular.com\/index.php\/wp-json\/wp\/v2\/product_cat?post=6334"},{"taxonomy":"product_tag","embeddable":true,"href":"https:\/\/ofertacular.com\/index.php\/wp-json\/wp\/v2\/product_tag?post=6334"}],"curies":[{"name":"wp","href":"https:\/\/api.w.org\/{rel}","templated":true}]}}