{"id":6336,"date":"2025-07-07T09:16:27","date_gmt":"2025-07-07T07:16:27","guid":{"rendered":"https:\/\/ofertacular.com\/index.php\/producto\/dmoao-tablet\/"},"modified":"2025-07-07T09:16:27","modified_gmt":"2025-07-07T07:16:27","slug":"dmoao-tablet","status":"publish","type":"product","link":"https:\/\/ofertacular.com\/index.php\/producto\/dmoao-tablet\/","title":{"rendered":"DMOAO Tablet"},"content":{"rendered":"<div class=\"oferta-container\">\n<p>\ud83d\udfe5 <b>\u00a1APROVECHA!<\/b> \ud83d\udfe5 #Publicidad #Amazon #16<\/p>\n<p>\ud83d\udd34 <b>Tablet DMOAO <\/b><\/p>\n<p>\u2705 <b>AHORA 59.99 \u20ac<\/b> \u2714\ufe0f\ud83d\udfe1<\/p>\n<p>\u274c Antes 64.97 \u20ac<\/p>\n<p>\ud83d\uded2: <a href=\"https:\/\/btz.es\/4QpuOU0\" target=\"_blank\" rel=\"nofollow noopener\">https:\/\/btz.es\/4QpuOU0<\/a><\/p>\n<p>La Tablet DMOAO es el dispositivo perfecto para quienes buscan rendimiento y versatilidad en un solo equipo. Con una pantalla de alta resoluci\u00f3n que ofrece im\u00e1genes n\u00edtidas y colores vibrantes, esta tableta se adapta tanto al entretenimiento como a las tareas profesionales. Su dise\u00f1o compacto y ligero facilita su transporte, ideal para usarla en cualquier lugar, ya sea en casa, en la oficina o durante viajes.<\/p>\n<p>Esta tablet cuenta con un procesador potente que asegura rapidez y eficiencia en la ejecuci\u00f3n de aplicaciones y juegos. Adem\u00e1s, dispone de una bater\u00eda de larga duraci\u00f3n que permite usarla durante horas sin necesidad de recargar constantemente, ideal para quienes pasan mucho tiempo lejos de una toma de corriente.<\/p>\n<p>La DMOAO Tablet incluye almacenamiento amplio para guardar documentos, fotos, aplicaciones y mucho m\u00e1s. Su sistema operativo intuitivo y actualizado facilita la navegaci\u00f3n y el acceso a una gran variedad de aplicaciones desde la tienda digital.<\/p>\n<p>Perfecta para estudiantes, profesionales y usuarios de todas las edades, esta tablet ofrece m\u00faltiples funciones como conectividad Wi-Fi y Bluetooth, c\u00e1mara para videollamadas y fotos, y opciones de personalizaci\u00f3n que se adaptan a las necesidades individuales.<\/p>\n<p>Si buscas una tableta confiable, moderna y funcional, la DMOAO Tablet es una excelente elecci\u00f3n que combina tecnolog\u00eda avanzada y dise\u00f1o elegante a un precio accesible. Descubre todo lo que puedes hacer con esta potente herramienta digital y lleva tu productividad y entretenimiento al siguiente nivel.<\/p>\n<\/p><\/div>\n","protected":false},"excerpt":{"rendered":"<p>\ud83d\udfe5 \u00a1APROVECHA! \ud83d\udfe5 #Publicidad #Amazon #16 \ud83d\udd34 Tablet DMOAO \u2705 AHORA 59.99 \u20ac \u2714\ufe0f\ud83d\udfe1 \u274c Antes 64.97 \u20ac \ud83d\uded2: https:\/\/btz.es\/4QpuOU0 La Tablet DMOAO es el dispositivo perfecto para quienes buscan rendimiento y versatilidad en un solo equipo. Con una pantalla de alta resoluci\u00f3n que ofrece im\u00e1genes n\u00edtidas y colores vibrantes, esta tableta se adapta tanto [&hellip;]<\/p>\n","protected":false},"featured_media":6335,"template":"","meta":{"_gspb_post_css":""},"store":[],"product_brand":[],"product_cat":[16],"product_tag":[],"class_list":{"0":"post-6336","1":"product","2":"type-product","3":"status-publish","4":"has-post-thumbnail","6":"product_cat-sin-categorizar","8":"first","9":"instock","10":"sale","11":"shipping-taxable","12":"product-type-external"},"jetpack_sharing_enabled":true,"_links":{"self":[{"href":"https:\/\/ofertacular.com\/index.php\/wp-json\/wp\/v2\/product\/6336","targetHints":{"allow":["GET"]}}],"collection":[{"href":"https:\/\/ofertacular.com\/index.php\/wp-json\/wp\/v2\/product"}],"about":[{"href":"https:\/\/ofertacular.com\/index.php\/wp-json\/wp\/v2\/types\/product"}],"wp:featuredmedia":[{"embeddable":true,"href":"https:\/\/ofertacular.com\/index.php\/wp-json\/wp\/v2\/media\/6335"}],"wp:attachment":[{"href":"https:\/\/ofertacular.com\/index.php\/wp-json\/wp\/v2\/media?parent=6336"}],"wp:term":[{"taxonomy":"store","embeddable":true,"href":"https:\/\/ofertacular.com\/index.php\/wp-json\/wp\/v2\/store?post=6336"},{"taxonomy":"product_brand","embeddable":true,"href":"https:\/\/ofertacular.com\/index.php\/wp-json\/wp\/v2\/product_brand?post=6336"},{"taxonomy":"product_cat","embeddable":true,"href":"https:\/\/ofertacular.com\/index.php\/wp-json\/wp\/v2\/product_cat?post=6336"},{"taxonomy":"product_tag","embeddable":true,"href":"https:\/\/ofertacular.com\/index.php\/wp-json\/wp\/v2\/product_tag?post=6336"}],"curies":[{"name":"wp","href":"https:\/\/api.w.org\/{rel}","templated":true}]}}