{"id":6352,"date":"2025-07-08T00:21:27","date_gmt":"2025-07-07T22:21:27","guid":{"rendered":"https:\/\/ofertacular.com\/index.php\/producto\/futurama-leela\/"},"modified":"2025-07-08T00:21:27","modified_gmt":"2025-07-07T22:21:27","slug":"futurama-leela","status":"publish","type":"product","link":"https:\/\/ofertacular.com\/index.php\/producto\/futurama-leela\/","title":{"rendered":"Futurama Leela"},"content":{"rendered":"<div class=\"oferta-container\">\ud83d\udfea <b>FUNKO TOP<\/b> \ud83d\udfea #Publicidad #Amazon<\/p>\n<p>\ud83d\udfe3 <b> Funko POP! Futurama Leela<\/b> <\/p>\n<p>\u2705 <b>AHORA 15.99 \u20ac<\/b> \u2714\ufe0f\ud83d\udfe1<br \/>\n\u274c Antes  \u20ac <\/p>\n<p>\ud83d\uded2: https:\/\/btz.es\/4QtaEUv\ud83d\udfe2 <\/p>\n<p>Ofertacular.com<\/p>\n<p>Funko POP! Futurama Leela es una figura vinilo coleccionable que captura perfectamente a Leela, el carism\u00e1tico personaje de la serie Futurama. Ideal para fans y coleccionistas, esta figura destaca por sus detalles y calidad, convirti\u00e9ndose en un regalo perfecto y complemento para exhibici\u00f3n. Perfectamente dise\u00f1ada para exhibir en tu colecci\u00f3n de figuras de vinilo de personajes de televisi\u00f3n y para amantes de la cultura pop y animaci\u00f3n.<\/p>\n<\/div>\n","protected":false},"excerpt":{"rendered":"<p>\ud83d\udfea FUNKO TOP \ud83d\udfea #Publicidad #Amazon \ud83d\udfe3 Funko POP! Futurama Leela \u2705 AHORA 15.99 \u20ac \u2714\ufe0f\ud83d\udfe1 \u274c Antes \u20ac \ud83d\uded2: https:\/\/btz.es\/4QtaEUv\ud83d\udfe2 Ofertacular.com Funko POP! Futurama Leela es una figura vinilo coleccionable que captura perfectamente a Leela, el carism\u00e1tico personaje de la serie Futurama. Ideal para fans y coleccionistas, esta figura destaca por sus detalles y [&hellip;]<\/p>\n","protected":false},"featured_media":6351,"template":"","meta":{"_gspb_post_css":""},"store":[],"product_brand":[],"product_cat":[16],"product_tag":[],"class_list":{"0":"post-6352","1":"product","2":"type-product","3":"status-publish","4":"has-post-thumbnail","6":"product_cat-sin-categorizar","8":"first","9":"instock","10":"shipping-taxable","11":"product-type-external"},"jetpack_sharing_enabled":true,"_links":{"self":[{"href":"https:\/\/ofertacular.com\/index.php\/wp-json\/wp\/v2\/product\/6352","targetHints":{"allow":["GET"]}}],"collection":[{"href":"https:\/\/ofertacular.com\/index.php\/wp-json\/wp\/v2\/product"}],"about":[{"href":"https:\/\/ofertacular.com\/index.php\/wp-json\/wp\/v2\/types\/product"}],"wp:featuredmedia":[{"embeddable":true,"href":"https:\/\/ofertacular.com\/index.php\/wp-json\/wp\/v2\/media\/6351"}],"wp:attachment":[{"href":"https:\/\/ofertacular.com\/index.php\/wp-json\/wp\/v2\/media?parent=6352"}],"wp:term":[{"taxonomy":"store","embeddable":true,"href":"https:\/\/ofertacular.com\/index.php\/wp-json\/wp\/v2\/store?post=6352"},{"taxonomy":"product_brand","embeddable":true,"href":"https:\/\/ofertacular.com\/index.php\/wp-json\/wp\/v2\/product_brand?post=6352"},{"taxonomy":"product_cat","embeddable":true,"href":"https:\/\/ofertacular.com\/index.php\/wp-json\/wp\/v2\/product_cat?post=6352"},{"taxonomy":"product_tag","embeddable":true,"href":"https:\/\/ofertacular.com\/index.php\/wp-json\/wp\/v2\/product_tag?post=6352"}],"curies":[{"name":"wp","href":"https:\/\/api.w.org\/{rel}","templated":true}]}}