{"id":6368,"date":"2025-07-08T17:22:49","date_gmt":"2025-07-08T15:22:49","guid":{"rendered":"https:\/\/ofertacular.com\/index.php\/producto\/zapatilla-mujer\/"},"modified":"2025-07-08T17:22:49","modified_gmt":"2025-07-08T15:22:49","slug":"zapatilla-mujer","status":"publish","type":"product","link":"https:\/\/ofertacular.com\/index.php\/producto\/zapatilla-mujer\/","title":{"rendered":"Zapatilla Mujer"},"content":{"rendered":"<div class=\"oferta-container\">\n<p>\ud83d\udfe5 <b>EXCLUSIVO<\/b> \ud83d\udfe5 #Publicidad #Amazon #16<\/p>\n<p>\ud83d\udd34 <b>Zapatillas Mujer <\/b><\/p>\n<p>\u2705 <b>AHORA 17.99 \u20ac<\/b> \u2714\ufe0f\ud83d\udfe1<\/p>\n<p>\u274c Antes 41.09 \u20ac<\/p>\n<p>\ud83d\uded2: <a href=\"https:\/\/btz.es\/4QxjNdU\" target=\"_blank\" rel=\"nofollow noopener\">https:\/\/btz.es\/4QxjNdU<\/a><\/p>\n<p>Las zapatillas para mujer se han convertido en un esencial indispensable para el calzado diario. Ideales para combinar estilo y comodidad, estas zapatillas ofrecen un dise\u00f1o moderno y tendencias actuales, perfectas tanto para actividades deportivas como para el uso casual. Con una amplia variedad de colores, materiales y acabados, cada par est\u00e1 dise\u00f1ado para adaptarse a la personalidad y el gusto individual. La tecnolog\u00eda avanzada de las suelas proporciona amortiguaci\u00f3n y soporte \u00f3ptimo, garantizando una experiencia de pisada confortable y segura durante todo el d\u00eda. Adem\u00e1s, la transpirabilidad del tejido asegura que los pies se mantengan frescos y secos, incluso en los d\u00edas m\u00e1s activos. Estas zapatillas de mujer son perfectas para quienes buscan un calzado vers\u00e1til que se adapte a m\u00faltiples ocasiones, desde una caminata en el parque hasta una salida casual en la ciudad. Su construcci\u00f3n robusta y duradera asegura una larga vida \u00fatil, resistiendo el desgaste diario sin perder el estilo original. La suela antideslizante proporciona mayor firmeza en diferentes superficies, aumentando la estabilidad y previniendo accidentes. Adem\u00e1s, sus cordones ajustables o cierre de velcro permiten un ajuste personalizado y c\u00f3modo. Perfectas para deportistas, urbanitas o amantes del confort, estas zapatillas combinan funcionalidad y moda en un solo producto. Si buscas renovar tu calzado con una opci\u00f3n que una elegancia, comodidad y resistencia, las zapatillas de mujer son la elecci\u00f3n perfecta. Encuentra el par ideal para ti y disfruta de cada paso con estilo y confort gracias a estas zapatillas \u00fanicas y de alta calidad.<\/p>\n<\/p><\/div>\n","protected":false},"excerpt":{"rendered":"<p>\ud83d\udfe5 EXCLUSIVO \ud83d\udfe5 #Publicidad #Amazon #16 \ud83d\udd34 Zapatillas Mujer \u2705 AHORA 17.99 \u20ac \u2714\ufe0f\ud83d\udfe1 \u274c Antes 41.09 \u20ac \ud83d\uded2: https:\/\/btz.es\/4QxjNdU Las zapatillas para mujer se han convertido en un esencial indispensable para el calzado diario. Ideales para combinar estilo y comodidad, estas zapatillas ofrecen un dise\u00f1o moderno y tendencias actuales, perfectas tanto para actividades deportivas [&hellip;]<\/p>\n","protected":false},"featured_media":6367,"template":"","meta":{"_gspb_post_css":""},"store":[],"product_brand":[],"product_cat":[16],"product_tag":[],"class_list":{"0":"post-6368","1":"product","2":"type-product","3":"status-publish","4":"has-post-thumbnail","6":"product_cat-sin-categorizar","8":"first","9":"instock","10":"sale","11":"shipping-taxable","12":"product-type-external"},"jetpack_sharing_enabled":true,"_links":{"self":[{"href":"https:\/\/ofertacular.com\/index.php\/wp-json\/wp\/v2\/product\/6368","targetHints":{"allow":["GET"]}}],"collection":[{"href":"https:\/\/ofertacular.com\/index.php\/wp-json\/wp\/v2\/product"}],"about":[{"href":"https:\/\/ofertacular.com\/index.php\/wp-json\/wp\/v2\/types\/product"}],"wp:featuredmedia":[{"embeddable":true,"href":"https:\/\/ofertacular.com\/index.php\/wp-json\/wp\/v2\/media\/6367"}],"wp:attachment":[{"href":"https:\/\/ofertacular.com\/index.php\/wp-json\/wp\/v2\/media?parent=6368"}],"wp:term":[{"taxonomy":"store","embeddable":true,"href":"https:\/\/ofertacular.com\/index.php\/wp-json\/wp\/v2\/store?post=6368"},{"taxonomy":"product_brand","embeddable":true,"href":"https:\/\/ofertacular.com\/index.php\/wp-json\/wp\/v2\/product_brand?post=6368"},{"taxonomy":"product_cat","embeddable":true,"href":"https:\/\/ofertacular.com\/index.php\/wp-json\/wp\/v2\/product_cat?post=6368"},{"taxonomy":"product_tag","embeddable":true,"href":"https:\/\/ofertacular.com\/index.php\/wp-json\/wp\/v2\/product_tag?post=6368"}],"curies":[{"name":"wp","href":"https:\/\/api.w.org\/{rel}","templated":true}]}}