{"id":6370,"date":"2025-07-08T17:26:54","date_gmt":"2025-07-08T15:26:54","guid":{"rendered":"https:\/\/ofertacular.com\/index.php\/producto\/columbia-zapatillas-2\/"},"modified":"2025-07-08T17:26:54","modified_gmt":"2025-07-08T15:26:54","slug":"columbia-zapatillas-2","status":"publish","type":"product","link":"https:\/\/ofertacular.com\/index.php\/producto\/columbia-zapatillas-2\/","title":{"rendered":"Columbia Zapatillas"},"content":{"rendered":"<div class=\"oferta-container\">\n<p>\ud83d\udfe5 <b>GRAN OFERTA<\/b> \ud83d\udfe5 #Publicidad #Amazon #16<\/p>\n<p>\ud83d\udd34 <b>Zapatillas Columbia <\/b><\/p>\n<p>\u2705 <b>AHORA 25.97 \u20ac<\/b> \u2714\ufe0f\ud83d\udfe1<\/p>\n<p>\u274c Antes 63.95 \u20ac<\/p>\n<p>\ud83d\uded2: <a href=\"https:\/\/btz.es\/4QxkOO7\" target=\"_blank\" rel=\"nofollow noopener\">https:\/\/btz.es\/4QxkOO7<\/a><\/p>\n<p>Las zapatillas Columbia son la elecci\u00f3n perfecta para quienes buscan comodidad, durabilidad y estilo en un calzado deportivo. Dise\u00f1adas con tecnolog\u00eda avanzada y materiales de alta calidad, estas zapatillas combinan funcionalidad y est\u00e9tica para ofrecer un producto ideal para actividades al aire libre, senderismo, y uso diario. Columbia es una marca reconocida mundialmente por su innovaci\u00f3n en ropa y calzado outdoor, garantizando productos resistentes al agua, con una suela antideslizante y un dise\u00f1o ergon\u00f3mico que se adapta perfectamente al pie. Contar con zapatillas Columbia significa apostar por un calzado que soporta diversas condiciones clim\u00e1ticas y terrenos, dando soporte \u00f3ptimo al pie y m\u00e1xima transpirabilidad para mantener tus pies secos y frescos. Ya sea que est\u00e9s preparando una caminata en monta\u00f1a o necesites un par de zapatos c\u00f3modos para el d\u00eda a d\u00eda, las zapatillas Columbia cumplen con creces estas expectativas. La variedad de modelos y colores permite encontrar el estilo que se adapte a tu personalidad y necesidades, desde dise\u00f1os cl\u00e1sicos hasta opciones m\u00e1s modernas y atrevidas. Adem\u00e1s, su sistema de amortiguaci\u00f3n mejora la absorci\u00f3n de impactos, previniendo lesiones y proporcionando un confort extra en cada paso. La ligereza de estas zapatillas es otro de sus grandes beneficios, facilitando el movimiento y evitando la fatiga durante largas jornadas. Comprar zapatillas Columbia es invertir en un producto de alta calidad, que destaca por su resistencia, funcionalidad y dise\u00f1o innovador. Este calzado es perfecto para personas activas que valoran la uni\u00f3n entre tecnolog\u00eda y moda en un mismo producto. Descubre la comodidad, el estilo y la durabilidad con las zapatillas Columbia, el calzado que te acompa\u00f1a en cada aventura con confianza y seguridad. Si buscas un calzado confiable y con garant\u00eda de rendimiento, no dudes en elegir zapatillas Columbia, el complemento ideal para cualquier actividad.<\/p>\n<\/p><\/div>\n","protected":false},"excerpt":{"rendered":"<p>\ud83d\udfe5 GRAN OFERTA \ud83d\udfe5 #Publicidad #Amazon #16 \ud83d\udd34 Zapatillas Columbia \u2705 AHORA 25.97 \u20ac \u2714\ufe0f\ud83d\udfe1 \u274c Antes 63.95 \u20ac \ud83d\uded2: https:\/\/btz.es\/4QxkOO7 Las zapatillas Columbia son la elecci\u00f3n perfecta para quienes buscan comodidad, durabilidad y estilo en un calzado deportivo. Dise\u00f1adas con tecnolog\u00eda avanzada y materiales de alta calidad, estas zapatillas combinan funcionalidad y est\u00e9tica para [&hellip;]<\/p>\n","protected":false},"featured_media":6369,"template":"","meta":{"_gspb_post_css":""},"store":[],"product_brand":[],"product_cat":[16],"product_tag":[],"class_list":{"0":"post-6370","1":"product","2":"type-product","3":"status-publish","4":"has-post-thumbnail","6":"product_cat-sin-categorizar","8":"first","9":"instock","10":"sale","11":"shipping-taxable","12":"product-type-external"},"jetpack_sharing_enabled":true,"_links":{"self":[{"href":"https:\/\/ofertacular.com\/index.php\/wp-json\/wp\/v2\/product\/6370","targetHints":{"allow":["GET"]}}],"collection":[{"href":"https:\/\/ofertacular.com\/index.php\/wp-json\/wp\/v2\/product"}],"about":[{"href":"https:\/\/ofertacular.com\/index.php\/wp-json\/wp\/v2\/types\/product"}],"wp:featuredmedia":[{"embeddable":true,"href":"https:\/\/ofertacular.com\/index.php\/wp-json\/wp\/v2\/media\/6369"}],"wp:attachment":[{"href":"https:\/\/ofertacular.com\/index.php\/wp-json\/wp\/v2\/media?parent=6370"}],"wp:term":[{"taxonomy":"store","embeddable":true,"href":"https:\/\/ofertacular.com\/index.php\/wp-json\/wp\/v2\/store?post=6370"},{"taxonomy":"product_brand","embeddable":true,"href":"https:\/\/ofertacular.com\/index.php\/wp-json\/wp\/v2\/product_brand?post=6370"},{"taxonomy":"product_cat","embeddable":true,"href":"https:\/\/ofertacular.com\/index.php\/wp-json\/wp\/v2\/product_cat?post=6370"},{"taxonomy":"product_tag","embeddable":true,"href":"https:\/\/ofertacular.com\/index.php\/wp-json\/wp\/v2\/product_tag?post=6370"}],"curies":[{"name":"wp","href":"https:\/\/api.w.org\/{rel}","templated":true}]}}