{"id":6374,"date":"2025-07-08T17:32:41","date_gmt":"2025-07-08T15:32:41","guid":{"rendered":"https:\/\/ofertacular.com\/index.php\/producto\/braun-xt3\/"},"modified":"2025-07-08T17:32:41","modified_gmt":"2025-07-08T15:32:41","slug":"braun-xt3","status":"publish","type":"product","link":"https:\/\/ofertacular.com\/index.php\/producto\/braun-xt3\/","title":{"rendered":"Braun XT3"},"content":{"rendered":"<div class=\"oferta-container\">\n<p>\ud83d\udfe5 <b>INCRE\u00cdBLE<\/b> \ud83d\udfe5 #Publicidad #Amazon #16<\/p>\n<p>\ud83d\udd34 <b>Afeitadora Braun <\/b><\/p>\n<p>\u2705 <b>AHORA 29.99 \u20ac<\/b> \u2714\ufe0f\ud83d\udfe1<\/p>\n<p>\u274c Antes 58.47 \u20ac<\/p>\n<p>\ud83d\uded2: <a href=\"https:\/\/btz.es\/4Qxmrmu\" target=\"_blank\" rel=\"nofollow noopener\">https:\/\/btz.es\/4Qxmrmu<\/a><\/p>\n<p>La Afeitadora Braun XT3 es el dispositivo ideal para quienes buscan un afeitado perfecto, c\u00f3modo y eficiente. Dise\u00f1ada con tecnolog\u00eda avanzada, esta afeitadora el\u00e9ctrica ofrece un rendimiento superior que garantiza resultados impecables en cada uso. Su dise\u00f1o ergon\u00f3mico y acabado de alta calidad hacen que el manejo sea sencillo y agradable, permitiendo alcanzar incluso las zonas m\u00e1s dif\u00edciles con total facilidad.<\/p>\n<p>Este modelo cuenta con cuchillas de precisi\u00f3n que aseguran un afeitado apurado sin irritar la piel, ideal para hombres con piel sensible. Adem\u00e1s, la Braun XT3 incorpora un motor potente y silencioso que mejora la experiencia de afeitado diaria, haci\u00e9ndola m\u00e1s r\u00e1pida y menos molesta.<\/p>\n<p>Entre sus caracter\u00edsticas destacadas se encuentran su bater\u00eda recargable de larga duraci\u00f3n, que permite usarla tanto con cable como inal\u00e1mbricamente, ofreciendo m\u00e1xima libertad de movimiento. La carga r\u00e1pida asegura que siempre est\u00e9 lista cuando la necesites, y su indicador LED mantiene informado sobre el nivel de bater\u00eda. Su sistema de limpieza es f\u00e1cil y r\u00e1pido, manteniendo el aparato en \u00f3ptimas condiciones y prolongando su vida \u00fatil.<\/p>\n<p>La Braun XT3 es un producto vers\u00e1til que se adapta a diferentes tipos de barba y estilos, gracias a sus m\u00faltiples cabezales y accesorios incluidos. Ya sea para un afeitado diario o para definir contornos con precisi\u00f3n, esta afeitadora garantiza resultados profesionales desde casa.<\/p>\n<p>Para los amantes del cuidado personal que buscan calidad, eficiencia y comodidad en un solo producto, la Afeitadora Braun XT3 es una inversi\u00f3n acertada. Su dise\u00f1o innovador, tecnolog\u00eda de punta y facilidad de uso la convierten en una de las mejores opciones del mercado en afeitadoras el\u00e9ctricas. No solo mejora tu rutina de cuidado facial, sino que tambi\u00e9n te ofrece la confianza de estar siempre bien presentado.<\/p>\n<p>Por todo esto, si buscas un equipo duradero, eficaz y confiable, no dudes en elegir la Braun XT3. Comienza a disfrutare de un afeitado suave, r\u00e1pido y mucho m\u00e1s c\u00f3modo cada d\u00eda con este excelente producto de Braun.<\/p>\n<\/p><\/div>\n","protected":false},"excerpt":{"rendered":"<p>\ud83d\udfe5 INCRE\u00cdBLE \ud83d\udfe5 #Publicidad #Amazon #16 \ud83d\udd34 Afeitadora Braun \u2705 AHORA 29.99 \u20ac \u2714\ufe0f\ud83d\udfe1 \u274c Antes 58.47 \u20ac \ud83d\uded2: https:\/\/btz.es\/4Qxmrmu La Afeitadora Braun XT3 es el dispositivo ideal para quienes buscan un afeitado perfecto, c\u00f3modo y eficiente. Dise\u00f1ada con tecnolog\u00eda avanzada, esta afeitadora el\u00e9ctrica ofrece un rendimiento superior que garantiza resultados impecables en cada uso. [&hellip;]<\/p>\n","protected":false},"featured_media":6373,"template":"","meta":{"_gspb_post_css":""},"store":[],"product_brand":[],"product_cat":[16],"product_tag":[],"class_list":{"0":"post-6374","1":"product","2":"type-product","3":"status-publish","4":"has-post-thumbnail","6":"product_cat-sin-categorizar","8":"first","9":"instock","10":"sale","11":"shipping-taxable","12":"product-type-external"},"jetpack_sharing_enabled":true,"_links":{"self":[{"href":"https:\/\/ofertacular.com\/index.php\/wp-json\/wp\/v2\/product\/6374","targetHints":{"allow":["GET"]}}],"collection":[{"href":"https:\/\/ofertacular.com\/index.php\/wp-json\/wp\/v2\/product"}],"about":[{"href":"https:\/\/ofertacular.com\/index.php\/wp-json\/wp\/v2\/types\/product"}],"wp:featuredmedia":[{"embeddable":true,"href":"https:\/\/ofertacular.com\/index.php\/wp-json\/wp\/v2\/media\/6373"}],"wp:attachment":[{"href":"https:\/\/ofertacular.com\/index.php\/wp-json\/wp\/v2\/media?parent=6374"}],"wp:term":[{"taxonomy":"store","embeddable":true,"href":"https:\/\/ofertacular.com\/index.php\/wp-json\/wp\/v2\/store?post=6374"},{"taxonomy":"product_brand","embeddable":true,"href":"https:\/\/ofertacular.com\/index.php\/wp-json\/wp\/v2\/product_brand?post=6374"},{"taxonomy":"product_cat","embeddable":true,"href":"https:\/\/ofertacular.com\/index.php\/wp-json\/wp\/v2\/product_cat?post=6374"},{"taxonomy":"product_tag","embeddable":true,"href":"https:\/\/ofertacular.com\/index.php\/wp-json\/wp\/v2\/product_tag?post=6374"}],"curies":[{"name":"wp","href":"https:\/\/api.w.org\/{rel}","templated":true}]}}