{"id":6378,"date":"2025-07-08T17:39:42","date_gmt":"2025-07-08T15:39:42","guid":{"rendered":"https:\/\/ofertacular.com\/index.php\/producto\/mom-ginebra\/"},"modified":"2025-07-08T17:39:42","modified_gmt":"2025-07-08T15:39:42","slug":"mom-ginebra","status":"publish","type":"product","link":"https:\/\/ofertacular.com\/index.php\/producto\/mom-ginebra\/","title":{"rendered":"MOM Ginebra"},"content":{"rendered":"<div class=\"oferta-container\">\n<p>\ud83d\udfe5 <b>GRAN OFERTA<\/b> \ud83d\udfe5 #Publicidad #Amazon #16<\/p>\n<p>\ud83d\udd34 <b>Ginebra Premium <\/b><\/p>\n<p>\u2705 <b>AHORA 11.7 \u20ac<\/b> \u2714\ufe0f\ud83d\udfe1<\/p>\n<p>\u274c Antes 18.19 \u20ac<\/p>\n<p>\ud83d\uded2: <a href=\"https:\/\/btz.es\/4QxocHd\" target=\"_blank\" rel=\"nofollow noopener\">https:\/\/btz.es\/4QxocHd<\/a><\/p>\n<p>Descubre la exquisita Ginebra Premium MOM, una bebida espirituosa que eleva cualquier ocasi\u00f3n con su sabor \u00fanico y equilibrado. Elaborada con ingredientes de primera calidad y siguiendo m\u00e9todos artesanales, esta ginebra ofrece un perfil arom\u00e1tico inigualable, ideal para los amantes de los c\u00f3cteles y para quienes disfrutan de un trago refinado. Su versatilidad la convierte en la elecci\u00f3n perfecta para preparar cl\u00e1sicos como el gin tonic, martinis o cualquier mix que requiera un toque de distinci\u00f3n y frescura.<\/p>\n<p>Nuestra Ginebra Premium MOM destaca por su pureza y suavidad, logradas a trav\u00e9s de un meticuloso proceso de destilaci\u00f3n que preserva los aromas naturales de sus bot\u00e1nicos. Entre ellos, se encuentran enebro fresco, c\u00edtricos vibrantes y un sutil toque de especias arom\u00e1ticas, creando una experiencia sensorial completa con cada sorbo.<\/p>\n<p>Este destilado no solo es ideal para consumo directo, sino que tambi\u00e9n es un excelente regalo para amantes de las bebidas destiladas y coleccionistas de ginebras selectas. Su presentaci\u00f3n elegante y moderna refleja la calidad superior del producto, haciendo que cualquier espacio luzca sofisticado.<\/p>\n<p>Adem\u00e1s, la Ginebra Premium MOM es perfecta para restaurantes, bares y eventos exclusivos, donde se busca ofrecer a los clientes una opci\u00f3n de alta gama que garantice satisfacci\u00f3n y una experiencia memorable. Su equilibrado sabor y aroma la posicionan como una elecci\u00f3n destacada dentro del mercado de bebidas espirituosas.<\/p>\n<p>No esperes m\u00e1s para disfrutar del sabor aut\u00e9ntico y refinado de la Ginebra Premium MOM. A\u00f1\u00e1dela hoy mismo a tu carrito y sorprende a tus invitados con una bebida que combina tradici\u00f3n, calidad y estilo en cada botella.<\/p>\n<\/p><\/div>\n","protected":false},"excerpt":{"rendered":"<p>\ud83d\udfe5 GRAN OFERTA \ud83d\udfe5 #Publicidad #Amazon #16 \ud83d\udd34 Ginebra Premium \u2705 AHORA 11.7 \u20ac \u2714\ufe0f\ud83d\udfe1 \u274c Antes 18.19 \u20ac \ud83d\uded2: https:\/\/btz.es\/4QxocHd Descubre la exquisita Ginebra Premium MOM, una bebida espirituosa que eleva cualquier ocasi\u00f3n con su sabor \u00fanico y equilibrado. Elaborada con ingredientes de primera calidad y siguiendo m\u00e9todos artesanales, esta ginebra ofrece un perfil [&hellip;]<\/p>\n","protected":false},"featured_media":6377,"template":"","meta":{"_gspb_post_css":""},"store":[],"product_brand":[],"product_cat":[16],"product_tag":[],"class_list":{"0":"post-6378","1":"product","2":"type-product","3":"status-publish","4":"has-post-thumbnail","6":"product_cat-sin-categorizar","8":"first","9":"instock","10":"sale","11":"shipping-taxable","12":"product-type-external"},"jetpack_sharing_enabled":true,"_links":{"self":[{"href":"https:\/\/ofertacular.com\/index.php\/wp-json\/wp\/v2\/product\/6378","targetHints":{"allow":["GET"]}}],"collection":[{"href":"https:\/\/ofertacular.com\/index.php\/wp-json\/wp\/v2\/product"}],"about":[{"href":"https:\/\/ofertacular.com\/index.php\/wp-json\/wp\/v2\/types\/product"}],"wp:featuredmedia":[{"embeddable":true,"href":"https:\/\/ofertacular.com\/index.php\/wp-json\/wp\/v2\/media\/6377"}],"wp:attachment":[{"href":"https:\/\/ofertacular.com\/index.php\/wp-json\/wp\/v2\/media?parent=6378"}],"wp:term":[{"taxonomy":"store","embeddable":true,"href":"https:\/\/ofertacular.com\/index.php\/wp-json\/wp\/v2\/store?post=6378"},{"taxonomy":"product_brand","embeddable":true,"href":"https:\/\/ofertacular.com\/index.php\/wp-json\/wp\/v2\/product_brand?post=6378"},{"taxonomy":"product_cat","embeddable":true,"href":"https:\/\/ofertacular.com\/index.php\/wp-json\/wp\/v2\/product_cat?post=6378"},{"taxonomy":"product_tag","embeddable":true,"href":"https:\/\/ofertacular.com\/index.php\/wp-json\/wp\/v2\/product_tag?post=6378"}],"curies":[{"name":"wp","href":"https:\/\/api.w.org\/{rel}","templated":true}]}}