{"id":6390,"date":"2025-07-08T18:21:42","date_gmt":"2025-07-08T16:21:42","guid":{"rendered":"https:\/\/ofertacular.com\/index.php\/producto\/kaporal-christa\/"},"modified":"2025-07-08T18:21:42","modified_gmt":"2025-07-08T16:21:42","slug":"kaporal-christa","status":"publish","type":"product","link":"https:\/\/ofertacular.com\/index.php\/producto\/kaporal-christa\/","title":{"rendered":"Kaporal Christa"},"content":{"rendered":"<div class=\"oferta-container\">\n<p>\ud83d\udfe5 <b>DATE PRISA<\/b> \ud83d\udfe5 #Publicidad #Amazon #16<\/p>\n<p>\ud83d\udd34 <b>Jeans mujer <\/b><\/p>\n<p>\u2705 <b>AHORA 17.03 \u20ac<\/b> \u2714\ufe0f\ud83d\udfe1<\/p>\n<p>\u274c Antes 29.25 \u20ac<\/p>\n<p>\ud83d\uded2: <a href=\"https:\/\/btz.es\/4QxyCqi\" target=\"_blank\" rel=\"nofollow noopener\">https:\/\/btz.es\/4QxyCqi<\/a><\/p>\n<p>Los jeans Kaporal Christa son la elecci\u00f3n perfecta para mujeres que buscan combinar estilo y comodidad en una prenda esencial de su guardarropa. Dise\u00f1ados por la reconocida marca Kaporal, estos vaqueros ofrecen un corte moderno y favorecedor que realza la figura femenina, adapt\u00e1ndose a diferentes tipos de cuerpo gracias a su tejido el\u00e1stico y resistente. Perfectos para ocasiones casuales o informales, los Kaporal Christa se pueden combinar f\u00e1cilmente con camisetas, blusas o chaquetas, ofreciendo versatilidad en el vestuario diario.<\/p>\n<p>Fabricados con materiales de alta calidad, estos jeans destacan por su durabilidad y confort, lo que garantiza un ajuste c\u00f3modo durante todo el d\u00eda. El dise\u00f1o incluye detalles cuidadosos, como costuras reforzadas y acabados de \u00faltima tendencia que hacen de estos vaqueros una prenda que no puede faltar en tu cl\u00f3set. Adem\u00e1s, el lavado y tono del tejido proporcionan un look actual y atractivo que complementa cualquier estilo.<\/p>\n<p>Los jeans Kaporal Christa son ideales para mujeres que valoran la moda y buscan una prenda que combine funcionalidad y estilo. Ya sea para un look casual con zapatillas o para una salida m\u00e1s elegante con tacones, estos pantalones se adaptan perfectamente, convirti\u00e9ndose en un b\u00e1sico imprescindible. No pierdas la oportunidad de a\u00f1adir a tu colecci\u00f3n unos jeans vers\u00e1tiles y con la calidad que solo Kaporal puede ofrecer. Ampl\u00eda tu guardarropa con los Kaporal Christa y disfruta de una prenda que une tendencia, comodidad y durabilidad en cada detalle.<\/p>\n<\/p><\/div>\n","protected":false},"excerpt":{"rendered":"<p>\ud83d\udfe5 DATE PRISA \ud83d\udfe5 #Publicidad #Amazon #16 \ud83d\udd34 Jeans mujer \u2705 AHORA 17.03 \u20ac \u2714\ufe0f\ud83d\udfe1 \u274c Antes 29.25 \u20ac \ud83d\uded2: https:\/\/btz.es\/4QxyCqi Los jeans Kaporal Christa son la elecci\u00f3n perfecta para mujeres que buscan combinar estilo y comodidad en una prenda esencial de su guardarropa. Dise\u00f1ados por la reconocida marca Kaporal, estos vaqueros ofrecen un corte [&hellip;]<\/p>\n","protected":false},"featured_media":6389,"template":"","meta":{"_gspb_post_css":""},"store":[],"product_brand":[],"product_cat":[16],"product_tag":[],"class_list":{"0":"post-6390","1":"product","2":"type-product","3":"status-publish","4":"has-post-thumbnail","6":"product_cat-sin-categorizar","8":"first","9":"instock","10":"sale","11":"shipping-taxable","12":"product-type-external"},"jetpack_sharing_enabled":true,"_links":{"self":[{"href":"https:\/\/ofertacular.com\/index.php\/wp-json\/wp\/v2\/product\/6390","targetHints":{"allow":["GET"]}}],"collection":[{"href":"https:\/\/ofertacular.com\/index.php\/wp-json\/wp\/v2\/product"}],"about":[{"href":"https:\/\/ofertacular.com\/index.php\/wp-json\/wp\/v2\/types\/product"}],"wp:featuredmedia":[{"embeddable":true,"href":"https:\/\/ofertacular.com\/index.php\/wp-json\/wp\/v2\/media\/6389"}],"wp:attachment":[{"href":"https:\/\/ofertacular.com\/index.php\/wp-json\/wp\/v2\/media?parent=6390"}],"wp:term":[{"taxonomy":"store","embeddable":true,"href":"https:\/\/ofertacular.com\/index.php\/wp-json\/wp\/v2\/store?post=6390"},{"taxonomy":"product_brand","embeddable":true,"href":"https:\/\/ofertacular.com\/index.php\/wp-json\/wp\/v2\/product_brand?post=6390"},{"taxonomy":"product_cat","embeddable":true,"href":"https:\/\/ofertacular.com\/index.php\/wp-json\/wp\/v2\/product_cat?post=6390"},{"taxonomy":"product_tag","embeddable":true,"href":"https:\/\/ofertacular.com\/index.php\/wp-json\/wp\/v2\/product_tag?post=6390"}],"curies":[{"name":"wp","href":"https:\/\/api.w.org\/{rel}","templated":true}]}}